{"id":1272,"date":"2022-11-13T20:05:19","date_gmt":"2022-11-13T23:05:19","guid":{"rendered":"https:\/\/wp.ufpel.edu.br\/ifisp\/?page_id=1272"},"modified":"2024-07-24T19:19:14","modified_gmt":"2024-07-24T22:19:14","slug":"ensino","status":"publish","type":"page","link":"https:\/\/wp.ufpel.edu.br\/ifisp\/?page_id=1272","title":{"rendered":"Ensino"},"content":{"rendered":"<p>Conhe\u00e7a os Projetos de Ensino do IFISP &#8211; clique nos nome do Projeto para saber mais:<\/p>\n<script>\n\tconst pluginURL  = 'https:\/\/wp.ufpel.edu.br\/ifisp\/wp-content\/plugins\/dados-cobalto\/lib\/..\/js',\n\t\t  lang       = 'pt',\n\t\t  ativaBusca = '';\n<\/script>\n<script src=\"https:\/\/wp.ufpel.edu.br\/ifisp\/wp-content\/plugins\/dados-cobalto\/lib\/..\/js\/datatables\/datatables.min.js\"><\/script>\n<script src=\"https:\/\/wp.ufpel.edu.br\/ifisp\/wp-content\/plugins\/dados-cobalto\/lib\/..\/js\/projetos.js\"><\/script><div class=\"dados-cobalto cobalto-lista-projetos\"><table id=\"cobalto-tabela-projetos-1\" class=\"cobalto-tabela-projetos\"><thead><tr><th>T\u00edtulo<\/th><th>In\u00edcio<\/th><th>Fim<\/th><\/tr><\/thead><tbody><tr><td><a href=\"https:\/\/institucional.ufpel.edu.br\/projetos\/id\/u2118\" target=\"_blank\">Transposi\u00e7\u00e3o did\u00e1tica e o ensino de sociologia<\/a><\/td><td data-order=\"2020-03-09\">09\/03\/2020<\/td><td data-order=\"2027-10-23\">23\/10\/2027<\/td><\/tr><tr><td><a href=\"https:\/\/institucional.ufpel.edu.br\/projetos\/id\/u3041\" target=\"_blank\">Labgrima - Laborat\u00f3rio de Geopol\u00edtica e Rela\u00e7\u00f5es Internacionais<\/a><\/td><td data-order=\"2020-08-03\">03\/08\/2020<\/td><td data-order=\"2028-08-01\">01\/08\/2028<\/td><\/tr><tr><td><a href=\"https:\/\/institucional.ufpel.edu.br\/projetos\/id\/u5949\" target=\"_blank\">Grupo de Estudos sobre Justi\u00e7a de Transi\u00e7\u00e3o e Pol\u00edticas de Mem\u00f3ria<\/a><\/td><td data-order=\"2022-08-30\">30\/08\/2022<\/td><td data-order=\"2026-12-15\">15\/12\/2026<\/td><\/tr><tr><td><a href=\"https:\/\/institucional.ufpel.edu.br\/projetos\/id\/u6585\" target=\"_blank\">Da Escola B\u00e1sica para a Universidade - trajet\u00f3rias de jovens rumo \u00e0 UFPel<\/a><\/td><td data-order=\"2023-03-20\">20\/03\/2023<\/td><td data-order=\"2029-03-10\">10\/03\/2029<\/td><\/tr><tr><td><a href=\"https:\/\/institucional.ufpel.edu.br\/projetos\/id\/u7168\" target=\"_blank\">Grupo de Estudos Ecopol\u00edticas e o Sul Global<\/a><\/td><td data-order=\"2023-08-15\">15\/08\/2023<\/td><td data-order=\"2027-01-31\">31\/01\/2027<\/td><\/tr><tr><td><a href=\"https:\/\/institucional.ufpel.edu.br\/projetos\/id\/u7666\" target=\"_blank\">GEHAr - Grupo de Estudos Hannah Arendt<\/a><\/td><td data-order=\"2024-02-01\">01\/02\/2024<\/td><td data-order=\"2027-01-31\">31\/01\/2027<\/td><\/tr><tr><td><a href=\"https:\/\/institucional.ufpel.edu.br\/projetos\/id\/u7956\" target=\"_blank\">Grupo de Estudos em Fenomenologia da UFPel<\/a><\/td><td data-order=\"2025-02-14\">14\/02\/2025<\/td><td data-order=\"2026-12-31\">31\/12\/2026<\/td><\/tr><tr><td><a href=\"https:\/\/institucional.ufpel.edu.br\/projetos\/id\/u7982\" target=\"_blank\">Projeto IFISP Integrado: Filosofia, Ci\u00eancias Sociais e Rela\u00e7\u00f5es Internacionais.<\/a><\/td><td data-order=\"2024-03-21\">21\/03\/2024<\/td><td data-order=\"2026-10-31\">31\/10\/2026<\/td><\/tr><tr><td><a href=\"https:\/\/institucional.ufpel.edu.br\/projetos\/id\/u8015\" target=\"_blank\">Pol\u00edtica externa em debate<\/a><\/td><td data-order=\"2024-07-10\">10\/07\/2024<\/td><td data-order=\"2026-07-10\">10\/07\/2026<\/td><\/tr><tr><td><a href=\"https:\/\/institucional.ufpel.edu.br\/projetos\/id\/u8761\" target=\"_blank\">Canal LabGRIMA PODCAST<\/a><\/td><td data-order=\"2024-11-01\">01\/11\/2024<\/td><td data-order=\"2028-11-01\">01\/11\/2028<\/td><\/tr><tr><td><a href=\"https:\/\/institucional.ufpel.edu.br\/projetos\/id\/u8920\" target=\"_blank\">N\u00f3s, mulheres, e o c\u00edrculo de viol\u00eancia<\/a><\/td><td data-order=\"2025-04-14\">14\/04\/2025<\/td><td data-order=\"2027-12-31\">31\/12\/2027<\/td><\/tr><tr><td><a href=\"https:\/\/institucional.ufpel.edu.br\/projetos\/id\/u10697\" target=\"_blank\">X SARI 2026 \u2013 Multilateralismo e crises globais: o papel do Sul<\/a><\/td><td data-order=\"2026-03-19\">19\/03\/2026<\/td><td data-order=\"2026-06-19\">19\/06\/2026<\/td><\/tr><tr><td><a href=\"https:\/\/institucional.ufpel.edu.br\/projetos\/id\/u10804\" target=\"_blank\">Saberes entrecruzados: ensino e extens\u00e3o a partir da pesquisa filos\u00f3fica<\/a><\/td><td data-order=\"2026-03-27\">27\/03\/2026<\/td><td data-order=\"2028-12-20\">20\/12\/2028<\/td><\/tr><tr><td><a href=\"https:\/\/institucional.ufpel.edu.br\/projetos\/id\/u10816\" target=\"_blank\">Sociologia Digital: Subjetividade e Sociabilidade na Era do Capitalismo Digital<\/a><\/td><td data-order=\"2026-04-01\">01\/04\/2026<\/td><td data-order=\"2026-05-27\">27\/05\/2026<\/td><\/tr><tr><td><a href=\"https:\/\/institucional.ufpel.edu.br\/projetos\/id\/u10900\" target=\"_blank\">Elei\u00e7\u00f5es 2026: sistema eleitoral, justi\u00e7a e regula\u00e7\u00e3o democr\u00e1tica<\/a><\/td><td data-order=\"2026-05-01\">01\/05\/2026<\/td><td data-order=\"2026-06-23\">23\/06\/2026<\/td><\/tr><\/tbody><\/table><\/div>\n","protected":false},"excerpt":{"rendered":"<p>Conhe\u00e7a os Projetos de Ensino do IFISP &#8211; clique nos nome do Projeto para saber mais:<\/p>\n","protected":false},"author":1247,"featured_media":0,"parent":0,"menu_order":0,"comment_status":"closed","ping_status":"closed","template":"","meta":{"advanced_seo_description":"","jetpack_seo_html_title":"","jetpack_seo_noindex":false,"jetpack_post_was_ever_published":false,"footnotes":""},"class_list":["post-1272","page","type-page","status-publish","hentry"],"jetpack_sharing_enabled":true,"_links":{"self":[{"href":"https:\/\/wp.ufpel.edu.br\/ifisp\/index.php?rest_route=\/wp\/v2\/pages\/1272","targetHints":{"allow":["GET"]}}],"collection":[{"href":"https:\/\/wp.ufpel.edu.br\/ifisp\/index.php?rest_route=\/wp\/v2\/pages"}],"about":[{"href":"https:\/\/wp.ufpel.edu.br\/ifisp\/index.php?rest_route=\/wp\/v2\/types\/page"}],"author":[{"embeddable":true,"href":"https:\/\/wp.ufpel.edu.br\/ifisp\/index.php?rest_route=\/wp\/v2\/users\/1247"}],"replies":[{"embeddable":true,"href":"https:\/\/wp.ufpel.edu.br\/ifisp\/index.php?rest_route=%2Fwp%2Fv2%2Fcomments&post=1272"}],"version-history":[{"count":5,"href":"https:\/\/wp.ufpel.edu.br\/ifisp\/index.php?rest_route=\/wp\/v2\/pages\/1272\/revisions"}],"predecessor-version":[{"id":2964,"href":"https:\/\/wp.ufpel.edu.br\/ifisp\/index.php?rest_route=\/wp\/v2\/pages\/1272\/revisions\/2964"}],"wp:attachment":[{"href":"https:\/\/wp.ufpel.edu.br\/ifisp\/index.php?rest_route=%2Fwp%2Fv2%2Fmedia&parent=1272"}],"curies":[{"name":"wp","href":"https:\/\/api.w.org\/{rel}","templated":true}]}}