{"id":186,"date":"2021-09-06T10:25:29","date_gmt":"2021-09-06T13:25:29","guid":{"rendered":"https:\/\/wp.ufpel.edu.br\/iemacs\/?page_id=186"},"modified":"2021-09-06T10:32:16","modified_gmt":"2021-09-06T13:32:16","slug":"rcd","status":"publish","type":"page","link":"https:\/\/wp.ufpel.edu.br\/iemacs\/linhas-de-pesquisa\/rcd\/","title":{"rendered":"RCD"},"content":{"rendered":"<p><img class=\"alignnone size-medium wp-image-184\" src=\"https:\/\/wp.ufpel.edu.br\/iemacs\/files\/2021\/09\/100-300x400.jpg\" alt=\"\" width=\"300\" height=\"400\" srcset=\"https:\/\/wp.ufpel.edu.br\/iemacs\/files\/2021\/09\/100-300x400.jpg 300w, https:\/\/wp.ufpel.edu.br\/iemacs\/files\/2021\/09\/100.jpg 456w\" sizes=\"(max-width: 300px) 100vw, 300px\" \/><\/p>\n<p>Linha de pesquisa dedicada ao estudo do uso de Res\u00edduo de Constru\u00e7\u00e3o e demoli\u00e7\u00e3o na fabrica\u00e7\u00e3o de concretos e argamassas. Essa linha de pesquisa surgiu da necessidade crescente da busca de solu\u00e7\u00f5es ecol\u00f3gicas e economicamente vi\u00e1veis para aprimorar a ind\u00fastria da constru\u00e7\u00e3o civil.<br \/>\nAs principais pesquisas realizadas pelo grupo nessa \u00e1rea envolvem o estudo do RCD como agregado gra\u00fado, sua resist\u00eancia, durabilidade, absor\u00e7\u00e3o e todas caracter\u00edsticas dos concretos produzidos com esse material.<\/p>\n<p>Todos os\u00a0 trabalhos realizados por essa \u00e1rea podem ser visualizados na aba &#8220;Trabalhos&#8221;<\/p>\n","protected":false},"excerpt":{"rendered":"<p>Linha de pesquisa dedicada ao estudo do uso de Res\u00edduo de Constru\u00e7\u00e3o e demoli\u00e7\u00e3o na fabrica\u00e7\u00e3o de concretos e argamassas. Essa linha de pesquisa surgiu da necessidade crescente da busca de solu\u00e7\u00f5es ecol\u00f3gicas e economicamente vi\u00e1veis para aprimorar a ind\u00fastria da constru\u00e7\u00e3o civil. As principais pesquisas realizadas pelo grupo nessa \u00e1rea envolvem o estudo do [&hellip;]<\/p>\n","protected":false},"author":852,"featured_media":183,"parent":45,"menu_order":0,"comment_status":"closed","ping_status":"closed","template":"","meta":{"footnotes":""},"class_list":["post-186","page","type-page","status-publish","has-post-thumbnail","hentry"],"_links":{"self":[{"href":"https:\/\/wp.ufpel.edu.br\/iemacs\/wp-json\/wp\/v2\/pages\/186","targetHints":{"allow":["GET"]}}],"collection":[{"href":"https:\/\/wp.ufpel.edu.br\/iemacs\/wp-json\/wp\/v2\/pages"}],"about":[{"href":"https:\/\/wp.ufpel.edu.br\/iemacs\/wp-json\/wp\/v2\/types\/page"}],"author":[{"embeddable":true,"href":"https:\/\/wp.ufpel.edu.br\/iemacs\/wp-json\/wp\/v2\/users\/852"}],"replies":[{"embeddable":true,"href":"https:\/\/wp.ufpel.edu.br\/iemacs\/wp-json\/wp\/v2\/comments?post=186"}],"version-history":[{"count":1,"href":"https:\/\/wp.ufpel.edu.br\/iemacs\/wp-json\/wp\/v2\/pages\/186\/revisions"}],"predecessor-version":[{"id":188,"href":"https:\/\/wp.ufpel.edu.br\/iemacs\/wp-json\/wp\/v2\/pages\/186\/revisions\/188"}],"up":[{"embeddable":true,"href":"https:\/\/wp.ufpel.edu.br\/iemacs\/wp-json\/wp\/v2\/pages\/45"}],"wp:featuredmedia":[{"embeddable":true,"href":"https:\/\/wp.ufpel.edu.br\/iemacs\/wp-json\/wp\/v2\/media\/183"}],"wp:attachment":[{"href":"https:\/\/wp.ufpel.edu.br\/iemacs\/wp-json\/wp\/v2\/media?parent=186"}],"curies":[{"name":"wp","href":"https:\/\/api.w.org\/{rel}","templated":true}]}}