{"id":13,"date":"2018-04-17T14:50:49","date_gmt":"2018-04-17T17:50:49","guid":{"rendered":"https:\/\/wp.ufpel.edu.br\/iemacs\/?page_id=13"},"modified":"2018-09-12T02:20:48","modified_gmt":"2018-09-12T05:20:48","slug":"quem-somos","status":"publish","type":"page","link":"https:\/\/wp.ufpel.edu.br\/iemacs\/quem-somos\/","title":{"rendered":"Quem somos"},"content":{"rendered":"<p>O principal objetivo desse projeto \u00e9 estimular a autoaprendizagem dos acad\u00eamicos, atrav\u00e9s de desafios que exigem a busca por novas t\u00e9cnicas e materiais. Outro objetivo \u00e9 que os alunos pratiquem em seus experimentos os\u00a0 conhecimentos te\u00f3ricos e pr\u00e1ticos adquiridos em sala de aula.<\/p>\n<p>O Grupo pesquisa tamb\u00e9m tem\u00a0 como objetivo fomentar o conhecimento e desenvolver novas tecnologias que beneficiem Engenharia Civil e o meio Ambiente como um todo.<\/p>\n<p>&nbsp;<\/p>\n","protected":false},"excerpt":{"rendered":"<p>O principal objetivo desse projeto \u00e9 estimular a autoaprendizagem dos acad\u00eamicos, atrav\u00e9s de desafios que exigem a busca por novas t\u00e9cnicas e materiais. Outro objetivo \u00e9 que os alunos pratiquem em seus experimentos os\u00a0 conhecimentos te\u00f3ricos e pr\u00e1ticos adquiridos em sala de aula. O Grupo pesquisa tamb\u00e9m tem\u00a0 como objetivo fomentar o conhecimento e desenvolver [&hellip;]<\/p>\n","protected":false},"author":852,"featured_media":0,"parent":0,"menu_order":0,"comment_status":"closed","ping_status":"closed","template":"","meta":{"footnotes":""},"class_list":["post-13","page","type-page","status-publish","hentry"],"_links":{"self":[{"href":"https:\/\/wp.ufpel.edu.br\/iemacs\/wp-json\/wp\/v2\/pages\/13","targetHints":{"allow":["GET"]}}],"collection":[{"href":"https:\/\/wp.ufpel.edu.br\/iemacs\/wp-json\/wp\/v2\/pages"}],"about":[{"href":"https:\/\/wp.ufpel.edu.br\/iemacs\/wp-json\/wp\/v2\/types\/page"}],"author":[{"embeddable":true,"href":"https:\/\/wp.ufpel.edu.br\/iemacs\/wp-json\/wp\/v2\/users\/852"}],"replies":[{"embeddable":true,"href":"https:\/\/wp.ufpel.edu.br\/iemacs\/wp-json\/wp\/v2\/comments?post=13"}],"version-history":[{"count":3,"href":"https:\/\/wp.ufpel.edu.br\/iemacs\/wp-json\/wp\/v2\/pages\/13\/revisions"}],"predecessor-version":[{"id":103,"href":"https:\/\/wp.ufpel.edu.br\/iemacs\/wp-json\/wp\/v2\/pages\/13\/revisions\/103"}],"wp:attachment":[{"href":"https:\/\/wp.ufpel.edu.br\/iemacs\/wp-json\/wp\/v2\/media?parent=13"}],"curies":[{"name":"wp","href":"https:\/\/api.w.org\/{rel}","templated":true}]}}