{"id":633,"date":"2026-02-11T14:07:32","date_gmt":"2026-02-11T17:07:32","guid":{"rendered":"https:\/\/wp.ufpel.edu.br\/ieeesbufpel\/?page_id=633"},"modified":"2026-03-12T15:16:33","modified_gmt":"2026-03-12T18:16:33","slug":"programacao-2026","status":"publish","type":"page","link":"https:\/\/wp.ufpel.edu.br\/ieeesbufpel\/programacao-2026\/","title":{"rendered":"Atividades Programadas &#8211; 2026"},"content":{"rendered":"<p>Para 2026, o Ramo Estudantil vai promover as seguintes atividades:<\/p>\n<ul>\n<li>Fevereiro\/2026:\n<ul>\n<li>Participa\u00e7\u00e3o no LASCAS 2026 em Arequipa, Peru<\/li>\n<\/ul>\n<\/li>\n<li>Abril\/2026:\n<ul>\n<li>Apresenta\u00e7\u00e3o para os alunos ingressantes da UFPel<\/li>\n<\/ul>\n<\/li>\n<li>Maio\/2026:\n<ul>\n<li>Participa\u00e7\u00e3o na semana acad\u00eamica da Engenharia Eletr\u00f4nica UFPel<\/li>\n<\/ul>\n<\/li>\n<li>Junho\/2026:\n<ul>\n<li>Participa\u00e7\u00e3o na EMicro 2026 em Santa Maria\/RS<\/li>\n<\/ul>\n<\/li>\n<li>\u00a0Julho\/2026:\n<ul>\n<li>Minicurso de Revis\u00e3o Sistem\u00e1tica da Literatura<\/li>\n<\/ul>\n<\/li>\n<li>Outubro\/2026:\n<ul>\n<li>Minicurso de Python B\u00e1sico<\/li>\n<\/ul>\n<\/li>\n<li>Novembro\/2026:\n<ul>\n<li>Participa\u00e7\u00e3o na DPVSA 2026 em Porto Alegre\/RS<\/li>\n<\/ul>\n<\/li>\n<li>\u00a0Dezembro\/2026:\n<ul>\n<li>Confraterniza\u00e7\u00e3o de final de ano<\/li>\n<\/ul>\n<\/li>\n<\/ul>\n","protected":false},"excerpt":{"rendered":"<p>Para 2026, o Ramo Estudantil vai promover as seguintes atividades: Fevereiro\/2026: Participa\u00e7\u00e3o no LASCAS 2026 em Arequipa, Peru Abril\/2026: Apresenta\u00e7\u00e3o para os alunos ingressantes da UFPel Maio\/2026: Participa\u00e7\u00e3o na semana acad\u00eamica da Engenharia Eletr\u00f4nica UFPel Junho\/2026: Participa\u00e7\u00e3o na EMicro 2026&#8230; <a class=\"more-link\" href=\"https:\/\/wp.ufpel.edu.br\/ieeesbufpel\/programacao-2026\/\">Continue lendo &rarr;<\/a><\/p>\n","protected":false},"author":1374,"featured_media":0,"parent":0,"menu_order":0,"comment_status":"closed","ping_status":"closed","template":"","meta":{"footnotes":""},"class_list":["post-633","page","type-page","status-publish","hentry"],"_links":{"self":[{"href":"https:\/\/wp.ufpel.edu.br\/ieeesbufpel\/wp-json\/wp\/v2\/pages\/633","targetHints":{"allow":["GET"]}}],"collection":[{"href":"https:\/\/wp.ufpel.edu.br\/ieeesbufpel\/wp-json\/wp\/v2\/pages"}],"about":[{"href":"https:\/\/wp.ufpel.edu.br\/ieeesbufpel\/wp-json\/wp\/v2\/types\/page"}],"author":[{"embeddable":true,"href":"https:\/\/wp.ufpel.edu.br\/ieeesbufpel\/wp-json\/wp\/v2\/users\/1374"}],"replies":[{"embeddable":true,"href":"https:\/\/wp.ufpel.edu.br\/ieeesbufpel\/wp-json\/wp\/v2\/comments?post=633"}],"version-history":[{"count":3,"href":"https:\/\/wp.ufpel.edu.br\/ieeesbufpel\/wp-json\/wp\/v2\/pages\/633\/revisions"}],"predecessor-version":[{"id":657,"href":"https:\/\/wp.ufpel.edu.br\/ieeesbufpel\/wp-json\/wp\/v2\/pages\/633\/revisions\/657"}],"wp:attachment":[{"href":"https:\/\/wp.ufpel.edu.br\/ieeesbufpel\/wp-json\/wp\/v2\/media?parent=633"}],"curies":[{"name":"wp","href":"https:\/\/api.w.org\/{rel}","templated":true}]}}