{"id":535,"date":"2025-08-06T15:07:26","date_gmt":"2025-08-06T18:07:26","guid":{"rendered":"https:\/\/wp.ufpel.edu.br\/ieeesbufpel\/?page_id=535"},"modified":"2025-08-06T15:07:26","modified_gmt":"2025-08-06T18:07:26","slug":"capitulo-edsoc","status":"publish","type":"page","link":"https:\/\/wp.ufpel.edu.br\/ieeesbufpel\/capitulo-edsoc\/","title":{"rendered":"Cap\u00edtulo EdSoc"},"content":{"rendered":"<p>Cap\u00edtulo da Education Society (EdSoc) no IEEE Student Branch UFPel.<\/p>\n<ul>\n<li>Este cap\u00edtulo \u00e9 focado no avan\u00e7o da educa\u00e7\u00e3o em engenharia, ci\u00eancia e tecnologia.<\/li>\n<li>A EdSoc proporciona mais oportunidades de aux\u00edlios para eventos realizados por ela, tais como:\n<ul>\n<li>Frontiers in Education (<a class=\"ext\" title=\"(opens in a new window)\" href=\"https:\/\/fie-conference.org\/\" target=\"_blank\" rel=\"noreferrer noopener nofollow noreferrer\" data-extlink=\"\">FIE<\/a>)<\/li>\n<li>Global Engineering Education Conference (<a class=\"ext\" title=\"(opens in a new window)\" href=\"https:\/\/educon-conference.org\/\" target=\"_blank\" rel=\"noreferrer noopener nofollow noreferrer\" data-extlink=\"\">EDUCON<\/a>)<\/li>\n<li>Teaching, Assessment, and Learning in Engineering (<a class=\"ext\" title=\"(opens in a new window)\" href=\"https:\/\/tale-conference.org\/\" target=\"_blank\" rel=\"noreferrer noopener nofollow noreferrer\" data-extlink=\"\">TALE<\/a>)<\/li>\n<li>World Engineering Education Conference (<a class=\"ext\" title=\"(opens in a new window)\" href=\"https:\/\/edunine.eu\/\" target=\"_blank\" rel=\"noreferrer noopener nofollow noreferrer\" data-extlink=\"\">EDUNINE<\/a>)<\/li>\n<li>Digital Education and MOOCS (<a class=\"ext\" title=\"(opens in a new window)\" href=\"https:\/\/democon-conference.org\/\" target=\"_blank\" rel=\"noreferrer noopener nofollow noreferrer\" data-extlink=\"\">DEMOcon<\/a>)<\/li>\n<\/ul>\n<\/li>\n<li>Al\u00e9m disso, o Cap\u00edtulo EdSoc poder\u00e1 oferecer mais conex\u00f5es com profissionais focados na \u00e1rea de educa\u00e7\u00e3o em engenharia, ci\u00eancia e tecnologia.<\/li>\n<li><a href=\"https:\/\/ieee-edusociety.org\/\">Site da EdSoc<\/a><\/li>\n<\/ul>\n","protected":false},"excerpt":{"rendered":"<p>Cap\u00edtulo da Education Society (EdSoc) no IEEE Student Branch UFPel. Este cap\u00edtulo \u00e9 focado no avan\u00e7o da educa\u00e7\u00e3o em engenharia, ci\u00eancia e tecnologia. A EdSoc proporciona mais oportunidades de aux\u00edlios para eventos realizados por ela, tais como: Frontiers in Education&#8230; <a class=\"more-link\" href=\"https:\/\/wp.ufpel.edu.br\/ieeesbufpel\/capitulo-edsoc\/\">Continue lendo &rarr;<\/a><\/p>\n","protected":false},"author":1374,"featured_media":0,"parent":0,"menu_order":0,"comment_status":"closed","ping_status":"closed","template":"","meta":{"footnotes":""},"class_list":["post-535","page","type-page","status-publish","hentry"],"_links":{"self":[{"href":"https:\/\/wp.ufpel.edu.br\/ieeesbufpel\/wp-json\/wp\/v2\/pages\/535","targetHints":{"allow":["GET"]}}],"collection":[{"href":"https:\/\/wp.ufpel.edu.br\/ieeesbufpel\/wp-json\/wp\/v2\/pages"}],"about":[{"href":"https:\/\/wp.ufpel.edu.br\/ieeesbufpel\/wp-json\/wp\/v2\/types\/page"}],"author":[{"embeddable":true,"href":"https:\/\/wp.ufpel.edu.br\/ieeesbufpel\/wp-json\/wp\/v2\/users\/1374"}],"replies":[{"embeddable":true,"href":"https:\/\/wp.ufpel.edu.br\/ieeesbufpel\/wp-json\/wp\/v2\/comments?post=535"}],"version-history":[{"count":1,"href":"https:\/\/wp.ufpel.edu.br\/ieeesbufpel\/wp-json\/wp\/v2\/pages\/535\/revisions"}],"predecessor-version":[{"id":538,"href":"https:\/\/wp.ufpel.edu.br\/ieeesbufpel\/wp-json\/wp\/v2\/pages\/535\/revisions\/538"}],"wp:attachment":[{"href":"https:\/\/wp.ufpel.edu.br\/ieeesbufpel\/wp-json\/wp\/v2\/media?parent=535"}],"curies":[{"name":"wp","href":"https:\/\/api.w.org\/{rel}","templated":true}]}}