{"id":478,"date":"2025-05-08T19:40:34","date_gmt":"2025-05-08T22:40:34","guid":{"rendered":"https:\/\/wp.ufpel.edu.br\/ieeesbufpel\/?page_id=478"},"modified":"2026-02-11T14:02:46","modified_gmt":"2026-02-11T17:02:46","slug":"programacao-2024","status":"publish","type":"page","link":"https:\/\/wp.ufpel.edu.br\/ieeesbufpel\/programacao-2024\/","title":{"rendered":"Atividades Realizadas &#8211; 2024"},"content":{"rendered":"<p>Para 2024, o Ramo Estudantil promoveu as seguintes atividades:<\/p>\n<ul>\n<li>\u00a0Agosto\/2024\n<ul>\n<li>Apresenta\u00e7\u00e3o dos associados e apresenta\u00e7\u00e3o da programa\u00e7\u00e3o prevista para 2024<\/li>\n<li>Abertura do Cap\u00edtulo CASS<\/li>\n<li>Elei\u00e7\u00e3o do Comit\u00ea Executivo<\/li>\n<\/ul>\n<\/li>\n<li>Setembro\/2024\n<ul>\n<li>Viagem para Emicro\/SIM 2024 em Bag\u00e9\/RS<\/li>\n<\/ul>\n<\/li>\n<li>Outubro\/2024\n<ul>\n<li>Minicurso de Python b\u00e1sico<\/li>\n<li>Abertura do Cap\u00edtulo SPS<\/li>\n<\/ul>\n<\/li>\n<li>Novembro\/2024\n<ul>\n<li>Minicurso de LaTeX<\/li>\n<\/ul>\n<\/li>\n<li>Dezembro\/2024\n<ul>\n<li>Presta\u00e7\u00e3o de contas do Ramo Estudantil pelas atividades realizadas em 2024<\/li>\n<li>Confraterniza\u00e7\u00e3o de final de ano com os membros do Ramo Estudantil<\/li>\n<\/ul>\n<\/li>\n<\/ul>\n","protected":false},"excerpt":{"rendered":"<p>Para 2024, o Ramo Estudantil promoveu as seguintes atividades: \u00a0Agosto\/2024 Apresenta\u00e7\u00e3o dos associados e apresenta\u00e7\u00e3o da programa\u00e7\u00e3o prevista para 2024 Abertura do Cap\u00edtulo CASS Elei\u00e7\u00e3o do Comit\u00ea Executivo Setembro\/2024 Viagem para Emicro\/SIM 2024 em Bag\u00e9\/RS Outubro\/2024 Minicurso de Python b\u00e1sico&#8230; <a class=\"more-link\" href=\"https:\/\/wp.ufpel.edu.br\/ieeesbufpel\/programacao-2024\/\">Continue lendo &rarr;<\/a><\/p>\n","protected":false},"author":1374,"featured_media":0,"parent":0,"menu_order":0,"comment_status":"closed","ping_status":"closed","template":"","meta":{"footnotes":""},"class_list":["post-478","page","type-page","status-publish","hentry"],"_links":{"self":[{"href":"https:\/\/wp.ufpel.edu.br\/ieeesbufpel\/wp-json\/wp\/v2\/pages\/478","targetHints":{"allow":["GET"]}}],"collection":[{"href":"https:\/\/wp.ufpel.edu.br\/ieeesbufpel\/wp-json\/wp\/v2\/pages"}],"about":[{"href":"https:\/\/wp.ufpel.edu.br\/ieeesbufpel\/wp-json\/wp\/v2\/types\/page"}],"author":[{"embeddable":true,"href":"https:\/\/wp.ufpel.edu.br\/ieeesbufpel\/wp-json\/wp\/v2\/users\/1374"}],"replies":[{"embeddable":true,"href":"https:\/\/wp.ufpel.edu.br\/ieeesbufpel\/wp-json\/wp\/v2\/comments?post=478"}],"version-history":[{"count":3,"href":"https:\/\/wp.ufpel.edu.br\/ieeesbufpel\/wp-json\/wp\/v2\/pages\/478\/revisions"}],"predecessor-version":[{"id":641,"href":"https:\/\/wp.ufpel.edu.br\/ieeesbufpel\/wp-json\/wp\/v2\/pages\/478\/revisions\/641"}],"wp:attachment":[{"href":"https:\/\/wp.ufpel.edu.br\/ieeesbufpel\/wp-json\/wp\/v2\/media?parent=478"}],"curies":[{"name":"wp","href":"https:\/\/api.w.org\/{rel}","templated":true}]}}