{"id":428,"date":"2024-12-17T15:04:57","date_gmt":"2024-12-17T18:04:57","guid":{"rendered":"https:\/\/wp.ufpel.edu.br\/ieeesbufpel\/?page_id=428"},"modified":"2024-12-19T10:22:18","modified_gmt":"2024-12-19T13:22:18","slug":"comite-executivo-do-capitulo-estudantil-sps","status":"publish","type":"page","link":"https:\/\/wp.ufpel.edu.br\/ieeesbufpel\/comite-executivo-do-capitulo-estudantil-sps\/","title":{"rendered":"Comit\u00ea Executivo do Cap\u00edtulo Estudantil SPS"},"content":{"rendered":"<p><strong>Gest\u00e3o Atual:<\/strong><\/p>\n<ul>\n<li><strong>Presidente do Cap\u00edtulo SPS:<\/strong> Vit\u00f3ria de Souza Fabricio (Engenharia de Controle e Automa\u00e7\u00e3o)\n<ul>\n<li><a href=\"http:\/\/lattes.cnpq.br\/1891523732297353\">Lattes<\/a><\/li>\n<\/ul>\n<\/li>\n<li><strong>Vice Presidente do Cap\u00edtulo SPS:<\/strong> Adson Ileon Ripinski Duarte (Doutorado em Computa\u00e7\u00e3o)\n<ul>\n<li><a href=\"http:\/\/lattes.cnpq.br\/2601924085026342\">Lattes<\/a><\/li>\n<\/ul>\n<\/li>\n<li><strong>Conselheiro do Cap\u00edtulo SPS:<\/strong> Prof. Dr. Daniel Munari Vilchez Palomino\n<ul>\n<li><a href=\"http:\/\/lattes.cnpq.br\/3163503973303585\">Lattes<\/a><\/li>\n<\/ul>\n<\/li>\n<\/ul>\n","protected":false},"excerpt":{"rendered":"<p>Gest\u00e3o Atual: Presidente do Cap\u00edtulo SPS: Vit\u00f3ria de Souza Fabricio (Engenharia de Controle e Automa\u00e7\u00e3o) Lattes Vice Presidente do Cap\u00edtulo SPS: Adson Ileon Ripinski Duarte (Doutorado em Computa\u00e7\u00e3o) Lattes Conselheiro do Cap\u00edtulo SPS: Prof. Dr. Daniel Munari Vilchez Palomino Lattes<\/p>\n","protected":false},"author":1374,"featured_media":0,"parent":0,"menu_order":0,"comment_status":"closed","ping_status":"closed","template":"","meta":{"footnotes":""},"class_list":["post-428","page","type-page","status-publish","hentry"],"_links":{"self":[{"href":"https:\/\/wp.ufpel.edu.br\/ieeesbufpel\/wp-json\/wp\/v2\/pages\/428","targetHints":{"allow":["GET"]}}],"collection":[{"href":"https:\/\/wp.ufpel.edu.br\/ieeesbufpel\/wp-json\/wp\/v2\/pages"}],"about":[{"href":"https:\/\/wp.ufpel.edu.br\/ieeesbufpel\/wp-json\/wp\/v2\/types\/page"}],"author":[{"embeddable":true,"href":"https:\/\/wp.ufpel.edu.br\/ieeesbufpel\/wp-json\/wp\/v2\/users\/1374"}],"replies":[{"embeddable":true,"href":"https:\/\/wp.ufpel.edu.br\/ieeesbufpel\/wp-json\/wp\/v2\/comments?post=428"}],"version-history":[{"count":3,"href":"https:\/\/wp.ufpel.edu.br\/ieeesbufpel\/wp-json\/wp\/v2\/pages\/428\/revisions"}],"predecessor-version":[{"id":439,"href":"https:\/\/wp.ufpel.edu.br\/ieeesbufpel\/wp-json\/wp\/v2\/pages\/428\/revisions\/439"}],"wp:attachment":[{"href":"https:\/\/wp.ufpel.edu.br\/ieeesbufpel\/wp-json\/wp\/v2\/media?parent=428"}],"curies":[{"name":"wp","href":"https:\/\/api.w.org\/{rel}","templated":true}]}}