{"id":417,"date":"2024-12-17T14:58:53","date_gmt":"2024-12-17T17:58:53","guid":{"rendered":"https:\/\/wp.ufpel.edu.br\/ieeesbufpel\/?page_id=417"},"modified":"2025-03-12T20:30:05","modified_gmt":"2025-03-12T23:30:05","slug":"comite-executivo-do-student-branch","status":"publish","type":"page","link":"https:\/\/wp.ufpel.edu.br\/ieeesbufpel\/comite-executivo-do-student-branch\/","title":{"rendered":"Comit\u00ea Executivo do Ramo Estudantil IEEE"},"content":{"rendered":"<p><strong>Gest\u00e3o Atual:<\/strong><\/p>\n<ul>\n<li><strong>Presidente do Ramo Estudantil:<\/strong> Ramiro Gomes da Silva Viana (Doutorado em Computa\u00e7\u00e3o)\n<ul>\n<li><a href=\"http:\/\/lattes.cnpq.br\/5361131703414450\">Lattes<\/a><\/li>\n<\/ul>\n<\/li>\n<li><strong>Vice Presidente do Ramo Estudantil:<\/strong> V\u00edtor Silva da Costa (Engenharia de Computa\u00e7\u00e3o)\n<ul>\n<li><a href=\"http:\/\/lattes.cnpq.br\/6912684815596897\">Lattes<\/a><\/li>\n<\/ul>\n<\/li>\n<li><strong>Secret\u00e1ria do Ramo Estudantil:<\/strong> Vit\u00f3ria de Souza Fabricio (Engenharia de Controle e Automa\u00e7\u00e3o)\n<ul>\n<li><a href=\"http:\/\/lattes.cnpq.br\/1891523732297353\">Lattes<\/a><\/li>\n<\/ul>\n<\/li>\n<li><strong>Tesoureiro do Ramo Estudantil:<\/strong> Adson Ileon Ripinski Duarte (Doutorado em Computa\u00e7\u00e3o)\n<ul>\n<li><a href=\"http:\/\/lattes.cnpq.br\/2601924085026342\">Lattes<\/a><\/li>\n<\/ul>\n<\/li>\n<li><strong>Conselheiro do Ramo Estudantil:<\/strong> Prof. Dr. Guilherme Ribeiro Corr\u00eaa\n<ul>\n<li><a href=\"http:\/\/lattes.cnpq.br\/1389878856201800\">Lattes<\/a><\/li>\n<\/ul>\n<\/li>\n<\/ul>\n","protected":false},"excerpt":{"rendered":"<p>Gest\u00e3o Atual: Presidente do Ramo Estudantil: Ramiro Gomes da Silva Viana (Doutorado em Computa\u00e7\u00e3o) Lattes Vice Presidente do Ramo Estudantil: V\u00edtor Silva da Costa (Engenharia de Computa\u00e7\u00e3o) Lattes Secret\u00e1ria do Ramo Estudantil: Vit\u00f3ria de Souza Fabricio (Engenharia de Controle e&#8230; <a class=\"more-link\" href=\"https:\/\/wp.ufpel.edu.br\/ieeesbufpel\/comite-executivo-do-student-branch\/\">Continue lendo &rarr;<\/a><\/p>\n","protected":false},"author":1374,"featured_media":0,"parent":0,"menu_order":0,"comment_status":"closed","ping_status":"closed","template":"","meta":{"footnotes":""},"class_list":["post-417","page","type-page","status-publish","hentry"],"_links":{"self":[{"href":"https:\/\/wp.ufpel.edu.br\/ieeesbufpel\/wp-json\/wp\/v2\/pages\/417","targetHints":{"allow":["GET"]}}],"collection":[{"href":"https:\/\/wp.ufpel.edu.br\/ieeesbufpel\/wp-json\/wp\/v2\/pages"}],"about":[{"href":"https:\/\/wp.ufpel.edu.br\/ieeesbufpel\/wp-json\/wp\/v2\/types\/page"}],"author":[{"embeddable":true,"href":"https:\/\/wp.ufpel.edu.br\/ieeesbufpel\/wp-json\/wp\/v2\/users\/1374"}],"replies":[{"embeddable":true,"href":"https:\/\/wp.ufpel.edu.br\/ieeesbufpel\/wp-json\/wp\/v2\/comments?post=417"}],"version-history":[{"count":4,"href":"https:\/\/wp.ufpel.edu.br\/ieeesbufpel\/wp-json\/wp\/v2\/pages\/417\/revisions"}],"predecessor-version":[{"id":472,"href":"https:\/\/wp.ufpel.edu.br\/ieeesbufpel\/wp-json\/wp\/v2\/pages\/417\/revisions\/472"}],"wp:attachment":[{"href":"https:\/\/wp.ufpel.edu.br\/ieeesbufpel\/wp-json\/wp\/v2\/media?parent=417"}],"curies":[{"name":"wp","href":"https:\/\/api.w.org\/{rel}","templated":true}]}}