{"id":4,"date":"2024-07-02T13:30:14","date_gmt":"2024-07-02T16:30:14","guid":{"rendered":"https:\/\/wp.ufpel.edu.br\/ieeesbufpel\/?page_id=4"},"modified":"2025-09-09T18:35:13","modified_gmt":"2025-09-09T21:35:13","slug":"introducao","status":"publish","type":"page","link":"https:\/\/wp.ufpel.edu.br\/ieeesbufpel\/introducao\/","title":{"rendered":"Sobre o IEEE Student Branch"},"content":{"rendered":"<p>Bem vindo ao<em><strong> IEEE Student Branch<\/strong><\/em> da <strong>Universidade Federal de Pelotas (UFPel)<\/strong>!<\/p>\n<ul>\n<li>Um Ramo Estudantil do Instituto de Engenheiros Eletricistas e Eletr\u00f4nicos (<em>IEEE Student Branch<\/em>) \u00e9 uma unidade organizada em uma institui\u00e7\u00e3o de ensino, composta por estudantes de engenharia, computa\u00e7\u00e3o e \u00e1reas afins, que visa promover o desenvolvimento profissional e t\u00e9cnico dos seus membros.<\/li>\n<li><span class=\"OYPEnA text-decoration-none text-strikethrough-none\">O <strong>Ramo Estudantil IEEE da UFPel<\/strong> visa preparar alunos para os desafios do mercado e da inova\u00e7\u00e3o tecnol\u00f3gica, oferecendo forma\u00e7\u00e3o pr\u00e1tica e te\u00f3rica atrav\u00e9s de palestras, workshops, visitas a empresas e institutos de pesquisa, participa\u00e7\u00e3o em eventos cient\u00edficos, publica\u00e7\u00f5es e sess\u00f5es de orienta\u00e7\u00e3o.<\/span><\/li>\n<li>Atrav\u00e9s do Ramo Estudantil, os alunos vinculados poder\u00e3o solicitar diversos tipos de apoio ao IEEE, como aux\u00edlio para participa\u00e7\u00e3o e eventos, envio de materiais educacionais e de divulga\u00e7\u00e3o e o envio de palestrantes associados ao IEEE em eventos organizados localmente pelo Ramo.<\/li>\n<li><strong>Siga-nos no <a href=\"https:\/\/www.instagram.com\/ieeesbufpel?igsh=Yzc2Nzc3cGFhZDB0\">Instagram<\/a>!<\/strong><\/li>\n<\/ul>\n","protected":false},"excerpt":{"rendered":"<p>Bem vindo ao IEEE Student Branch da Universidade Federal de Pelotas (UFPel)! Um Ramo Estudantil do Instituto de Engenheiros Eletricistas e Eletr\u00f4nicos (IEEE Student Branch) \u00e9 uma unidade organizada em uma institui\u00e7\u00e3o de ensino, composta por estudantes de engenharia, computa\u00e7\u00e3o&#8230; <a class=\"more-link\" href=\"https:\/\/wp.ufpel.edu.br\/ieeesbufpel\/introducao\/\">Continue lendo &rarr;<\/a><\/p>\n","protected":false},"author":1374,"featured_media":0,"parent":0,"menu_order":0,"comment_status":"closed","ping_status":"closed","template":"","meta":{"footnotes":""},"class_list":["post-4","page","type-page","status-publish","hentry"],"_links":{"self":[{"href":"https:\/\/wp.ufpel.edu.br\/ieeesbufpel\/wp-json\/wp\/v2\/pages\/4","targetHints":{"allow":["GET"]}}],"collection":[{"href":"https:\/\/wp.ufpel.edu.br\/ieeesbufpel\/wp-json\/wp\/v2\/pages"}],"about":[{"href":"https:\/\/wp.ufpel.edu.br\/ieeesbufpel\/wp-json\/wp\/v2\/types\/page"}],"author":[{"embeddable":true,"href":"https:\/\/wp.ufpel.edu.br\/ieeesbufpel\/wp-json\/wp\/v2\/users\/1374"}],"replies":[{"embeddable":true,"href":"https:\/\/wp.ufpel.edu.br\/ieeesbufpel\/wp-json\/wp\/v2\/comments?post=4"}],"version-history":[{"count":4,"href":"https:\/\/wp.ufpel.edu.br\/ieeesbufpel\/wp-json\/wp\/v2\/pages\/4\/revisions"}],"predecessor-version":[{"id":582,"href":"https:\/\/wp.ufpel.edu.br\/ieeesbufpel\/wp-json\/wp\/v2\/pages\/4\/revisions\/582"}],"wp:attachment":[{"href":"https:\/\/wp.ufpel.edu.br\/ieeesbufpel\/wp-json\/wp\/v2\/media?parent=4"}],"curies":[{"name":"wp","href":"https:\/\/api.w.org\/{rel}","templated":true}]}}