{"id":32,"date":"2024-07-03T18:20:19","date_gmt":"2024-07-03T21:20:19","guid":{"rendered":"https:\/\/wp.ufpel.edu.br\/ieeesbufpel\/?page_id=32"},"modified":"2024-08-19T13:32:46","modified_gmt":"2024-08-19T16:32:46","slug":"associacao","status":"publish","type":"page","link":"https:\/\/wp.ufpel.edu.br\/ieeesbufpel\/associacao\/","title":{"rendered":"Associe-se ao IEEE"},"content":{"rendered":"<ul>\n<li>Todo aluno de gradua\u00e7\u00e3o ou p\u00f3s-gradua\u00e7\u00e3o pode virar membro IEEE.<\/li>\n<li>Se associar a IEEE garante descontos para inscri\u00e7\u00f5es em eventos e possibilita a possibilidade de conseguir aux\u00edlios para ir a eventos.<\/li>\n<li><a href=\"https:\/\/www.ieee.org\/membership\/index.html\">Site do IEEE<\/a><\/li>\n<li><a href=\"https:\/\/www.ieee.org\/profile\/public\/createwebaccount\/showCreateAccount.html?url=https%3A%2F%2Fwww.ieee.org%2Fmembership%2Findex.html&amp;ShowMGAMarkeatbilityOptIn=true\">Cria\u00e7\u00e3o de Conta IEEE<\/a><\/li>\n<li><a href=\"https:\/\/www.ieee.org\/membership\/join\/dues.html\">Valores Para se Associar no IEEE<\/a><\/li>\n<li><a href=\"https:\/\/www.ieee.org\/membership-catalog\/productdetail\/showProductDetailPage.html?product=MEMIEEE500\">Efetiva\u00e7\u00e3o da Anuidade IEEE<\/a><\/li>\n<\/ul>\n","protected":false},"excerpt":{"rendered":"<p>Todo aluno de gradua\u00e7\u00e3o ou p\u00f3s-gradua\u00e7\u00e3o pode virar membro IEEE. Se associar a IEEE garante descontos para inscri\u00e7\u00f5es em eventos e possibilita a possibilidade de conseguir aux\u00edlios para ir a eventos. Site do IEEE Cria\u00e7\u00e3o de Conta IEEE Valores Para&#8230; <a class=\"more-link\" href=\"https:\/\/wp.ufpel.edu.br\/ieeesbufpel\/associacao\/\">Continue lendo &rarr;<\/a><\/p>\n","protected":false},"author":1374,"featured_media":0,"parent":0,"menu_order":0,"comment_status":"closed","ping_status":"closed","template":"","meta":{"footnotes":""},"class_list":["post-32","page","type-page","status-publish","hentry"],"_links":{"self":[{"href":"https:\/\/wp.ufpel.edu.br\/ieeesbufpel\/wp-json\/wp\/v2\/pages\/32","targetHints":{"allow":["GET"]}}],"collection":[{"href":"https:\/\/wp.ufpel.edu.br\/ieeesbufpel\/wp-json\/wp\/v2\/pages"}],"about":[{"href":"https:\/\/wp.ufpel.edu.br\/ieeesbufpel\/wp-json\/wp\/v2\/types\/page"}],"author":[{"embeddable":true,"href":"https:\/\/wp.ufpel.edu.br\/ieeesbufpel\/wp-json\/wp\/v2\/users\/1374"}],"replies":[{"embeddable":true,"href":"https:\/\/wp.ufpel.edu.br\/ieeesbufpel\/wp-json\/wp\/v2\/comments?post=32"}],"version-history":[{"count":6,"href":"https:\/\/wp.ufpel.edu.br\/ieeesbufpel\/wp-json\/wp\/v2\/pages\/32\/revisions"}],"predecessor-version":[{"id":275,"href":"https:\/\/wp.ufpel.edu.br\/ieeesbufpel\/wp-json\/wp\/v2\/pages\/32\/revisions\/275"}],"wp:attachment":[{"href":"https:\/\/wp.ufpel.edu.br\/ieeesbufpel\/wp-json\/wp\/v2\/media?parent=32"}],"curies":[{"name":"wp","href":"https:\/\/api.w.org\/{rel}","templated":true}]}}