{"id":234,"date":"2024-10-24T08:25:02","date_gmt":"2024-10-24T11:25:02","guid":{"rendered":"https:\/\/wp.ufpel.edu.br\/ieeesbufpel\/?page_id=234"},"modified":"2024-10-24T08:25:02","modified_gmt":"2024-10-24T11:25:02","slug":"chapter-sps","status":"publish","type":"page","link":"https:\/\/wp.ufpel.edu.br\/ieeesbufpel\/chapter-sps\/","title":{"rendered":"Cap\u00edtulo SPS"},"content":{"rendered":"<p>Cap\u00edtulo da Signal Processing Society (SPS) no IEEE Student Branch UFPel.<\/p>\n<ul>\n<li>Este cap\u00edtulo \u00e9 focado na \u00e1rea de Processamento de Sinais.<\/li>\n<li>A SPS proporciona mais oportunidades de aux\u00edlios para eventos realizados por ela, tais como:\n<ul>\n<li>IEEE International Conference on Image Processing (ICIP)<\/li>\n<li>IEEE International Conference on Acoustics, Speech and Signal Processing (ICASSP)<\/li>\n<\/ul>\n<\/li>\n<li>Al\u00e9m disso, o Cap\u00edtulo SPS poder\u00e1 oferecer mais conex\u00f5es com profissionais focados na \u00e1rea de processamento de sinais.<\/li>\n<li><a href=\"https:\/\/signalprocessingsociety.org\/\">Site da SPS<\/a><\/li>\n<\/ul>\n","protected":false},"excerpt":{"rendered":"<p>Cap\u00edtulo da Signal Processing Society (SPS) no IEEE Student Branch UFPel. Este cap\u00edtulo \u00e9 focado na \u00e1rea de Processamento de Sinais. A SPS proporciona mais oportunidades de aux\u00edlios para eventos realizados por ela, tais como: IEEE International Conference on Image&#8230; <a class=\"more-link\" href=\"https:\/\/wp.ufpel.edu.br\/ieeesbufpel\/chapter-sps\/\">Continue lendo &rarr;<\/a><\/p>\n","protected":false},"author":1374,"featured_media":0,"parent":0,"menu_order":0,"comment_status":"closed","ping_status":"closed","template":"","meta":{"footnotes":""},"class_list":["post-234","page","type-page","status-publish","hentry"],"_links":{"self":[{"href":"https:\/\/wp.ufpel.edu.br\/ieeesbufpel\/wp-json\/wp\/v2\/pages\/234","targetHints":{"allow":["GET"]}}],"collection":[{"href":"https:\/\/wp.ufpel.edu.br\/ieeesbufpel\/wp-json\/wp\/v2\/pages"}],"about":[{"href":"https:\/\/wp.ufpel.edu.br\/ieeesbufpel\/wp-json\/wp\/v2\/types\/page"}],"author":[{"embeddable":true,"href":"https:\/\/wp.ufpel.edu.br\/ieeesbufpel\/wp-json\/wp\/v2\/users\/1374"}],"replies":[{"embeddable":true,"href":"https:\/\/wp.ufpel.edu.br\/ieeesbufpel\/wp-json\/wp\/v2\/comments?post=234"}],"version-history":[{"count":4,"href":"https:\/\/wp.ufpel.edu.br\/ieeesbufpel\/wp-json\/wp\/v2\/pages\/234\/revisions"}],"predecessor-version":[{"id":370,"href":"https:\/\/wp.ufpel.edu.br\/ieeesbufpel\/wp-json\/wp\/v2\/pages\/234\/revisions\/370"}],"wp:attachment":[{"href":"https:\/\/wp.ufpel.edu.br\/ieeesbufpel\/wp-json\/wp\/v2\/media?parent=234"}],"curies":[{"name":"wp","href":"https:\/\/api.w.org\/{rel}","templated":true}]}}