{"id":23,"date":"2024-07-03T14:41:36","date_gmt":"2024-07-03T17:41:36","guid":{"rendered":"https:\/\/wp.ufpel.edu.br\/ieeesbufpel\/?page_id=23"},"modified":"2025-08-06T15:01:33","modified_gmt":"2025-08-06T18:01:33","slug":"comites-executivos","status":"publish","type":"page","link":"https:\/\/wp.ufpel.edu.br\/ieeesbufpel\/comites-executivos\/","title":{"rendered":"Comit\u00eas Executivos"},"content":{"rendered":"<ul>\n<li><a href=\"https:\/\/wp.ufpel.edu.br\/ieeesbufpel\/comite-executivo-do-student-branch\/\">Comit\u00ea Executivo do Ramo Estudantil IEEE<\/a><\/li>\n<li><a href=\"https:\/\/wp.ufpel.edu.br\/ieeesbufpel\/comite-executivo-do-capitulo-estudantil-cass\/\">Comit\u00ea Executivo do Cap\u00edtulo Estudantil CASS<\/a><\/li>\n<li><a href=\"https:\/\/wp.ufpel.edu.br\/ieeesbufpel\/comite-executivo-do-capitulo-estudantil-sps\/\">Comit\u00ea Executivo do Cap\u00edtulo Estudantil SPS<\/a><\/li>\n<li><a href=\"https:\/\/wp.ufpel.edu.br\/ieeesbufpel\/comite-executivo-do-capitulo-estudantil-edsoc\/\">Comit\u00ea Executivo do Cap\u00edtulo Estudantil EdSoc<\/a><\/li>\n<\/ul>\n","protected":false},"excerpt":{"rendered":"<p>Comit\u00ea Executivo do Ramo Estudantil IEEE Comit\u00ea Executivo do Cap\u00edtulo Estudantil CASS Comit\u00ea Executivo do Cap\u00edtulo Estudantil SPS Comit\u00ea Executivo do Cap\u00edtulo Estudantil EdSoc<\/p>\n","protected":false},"author":1374,"featured_media":0,"parent":0,"menu_order":0,"comment_status":"closed","ping_status":"closed","template":"","meta":{"footnotes":""},"class_list":["post-23","page","type-page","status-publish","hentry"],"_links":{"self":[{"href":"https:\/\/wp.ufpel.edu.br\/ieeesbufpel\/wp-json\/wp\/v2\/pages\/23","targetHints":{"allow":["GET"]}}],"collection":[{"href":"https:\/\/wp.ufpel.edu.br\/ieeesbufpel\/wp-json\/wp\/v2\/pages"}],"about":[{"href":"https:\/\/wp.ufpel.edu.br\/ieeesbufpel\/wp-json\/wp\/v2\/types\/page"}],"author":[{"embeddable":true,"href":"https:\/\/wp.ufpel.edu.br\/ieeesbufpel\/wp-json\/wp\/v2\/users\/1374"}],"replies":[{"embeddable":true,"href":"https:\/\/wp.ufpel.edu.br\/ieeesbufpel\/wp-json\/wp\/v2\/comments?post=23"}],"version-history":[{"count":23,"href":"https:\/\/wp.ufpel.edu.br\/ieeesbufpel\/wp-json\/wp\/v2\/pages\/23\/revisions"}],"predecessor-version":[{"id":532,"href":"https:\/\/wp.ufpel.edu.br\/ieeesbufpel\/wp-json\/wp\/v2\/pages\/23\/revisions\/532"}],"wp:attachment":[{"href":"https:\/\/wp.ufpel.edu.br\/ieeesbufpel\/wp-json\/wp\/v2\/media?parent=23"}],"curies":[{"name":"wp","href":"https:\/\/api.w.org\/{rel}","templated":true}]}}