{"id":172,"date":"2024-08-06T14:53:55","date_gmt":"2024-08-06T17:53:55","guid":{"rendered":"https:\/\/wp.ufpel.edu.br\/ieeesbufpel\/?page_id=172"},"modified":"2024-08-13T16:36:37","modified_gmt":"2024-08-13T19:36:37","slug":"o-que-e-ieee","status":"publish","type":"page","link":"https:\/\/wp.ufpel.edu.br\/ieeesbufpel\/o-que-e-ieee\/","title":{"rendered":"O Que \u00e9 IEEE?"},"content":{"rendered":"<p>Institute of Electrical and Electronics Engineers (Instituto de Engenheiros Eletricistas e Eletr\u00f4nicos)<\/p>\n<ul>\n<li>\u00c9 uma organiza\u00e7\u00e3o profissional internacional dedicada ao avan\u00e7o da tecnologia em diversas \u00e1reas, incluindo engenharia el\u00e9trica, eletr\u00f4nica, inform\u00e1tica, telecomunica\u00e7\u00f5es, automa\u00e7\u00e3o, rob\u00f3tica e muitas outras.<\/li>\n<li>Desempenha um papel fundamental na promo\u00e7\u00e3o da inova\u00e7\u00e3o tecnol\u00f3gica e no estabelecimento de padr\u00f5es que orientam o desenvolvimento de tecnologias em todo o mundo.<\/li>\n<li>\u00c9 um dos maiores editores de literatura t\u00e9cnica e cient\u00edfica no mundo, com uma vasta gama de peri\u00f3dicos, confer\u00eancias, normas t\u00e9cnicas e padr\u00f5es.<\/li>\n<li>Organiza in\u00fameras confer\u00eancias internacionais onde profissionais e pesquisadores podem compartilhar seus trabalhos e descobertas.<\/li>\n<li>Desenvolve padr\u00f5es t\u00e9cnicos que s\u00e3o amplamente adotados em ind\u00fastrias ao redor do mundo.<\/li>\n<li>Possui uma grande comunidade global de membros, incluindo engenheiros, cientistas e outros profissionais t\u00e9cnicos, oferecendo-lhes recursos educacionais, oportunidades de networking e desenvolvimento profissional.<\/li>\n<li><a href=\"https:\/\/www.ieee.org\/\">Site do IEEE<\/a><\/li>\n<li><a href=\"https:\/\/ieeexplore.ieee.org\/Xplore\/home.jsp\">IEEE Xplore<\/a><\/li>\n<\/ul>\n","protected":false},"excerpt":{"rendered":"<p>Institute of Electrical and Electronics Engineers (Instituto de Engenheiros Eletricistas e Eletr\u00f4nicos) \u00c9 uma organiza\u00e7\u00e3o profissional internacional dedicada ao avan\u00e7o da tecnologia em diversas \u00e1reas, incluindo engenharia el\u00e9trica, eletr\u00f4nica, inform\u00e1tica, telecomunica\u00e7\u00f5es, automa\u00e7\u00e3o, rob\u00f3tica e muitas outras. Desempenha um papel fundamental&#8230; <a class=\"more-link\" href=\"https:\/\/wp.ufpel.edu.br\/ieeesbufpel\/o-que-e-ieee\/\">Continue lendo &rarr;<\/a><\/p>\n","protected":false},"author":1374,"featured_media":0,"parent":0,"menu_order":0,"comment_status":"closed","ping_status":"closed","template":"","meta":{"footnotes":""},"class_list":["post-172","page","type-page","status-publish","hentry"],"_links":{"self":[{"href":"https:\/\/wp.ufpel.edu.br\/ieeesbufpel\/wp-json\/wp\/v2\/pages\/172","targetHints":{"allow":["GET"]}}],"collection":[{"href":"https:\/\/wp.ufpel.edu.br\/ieeesbufpel\/wp-json\/wp\/v2\/pages"}],"about":[{"href":"https:\/\/wp.ufpel.edu.br\/ieeesbufpel\/wp-json\/wp\/v2\/types\/page"}],"author":[{"embeddable":true,"href":"https:\/\/wp.ufpel.edu.br\/ieeesbufpel\/wp-json\/wp\/v2\/users\/1374"}],"replies":[{"embeddable":true,"href":"https:\/\/wp.ufpel.edu.br\/ieeesbufpel\/wp-json\/wp\/v2\/comments?post=172"}],"version-history":[{"count":8,"href":"https:\/\/wp.ufpel.edu.br\/ieeesbufpel\/wp-json\/wp\/v2\/pages\/172\/revisions"}],"predecessor-version":[{"id":256,"href":"https:\/\/wp.ufpel.edu.br\/ieeesbufpel\/wp-json\/wp\/v2\/pages\/172\/revisions\/256"}],"wp:attachment":[{"href":"https:\/\/wp.ufpel.edu.br\/ieeesbufpel\/wp-json\/wp\/v2\/media?parent=172"}],"curies":[{"name":"wp","href":"https:\/\/api.w.org\/{rel}","templated":true}]}}