{"id":153,"date":"2014-07-07T11:35:30","date_gmt":"2014-07-07T14:35:30","guid":{"rendered":"https:\/\/wp.ufpel.edu.br\/ideiasinovadoras\/?page_id=153"},"modified":"2014-12-17T10:58:53","modified_gmt":"2014-12-17T12:58:53","slug":"historico","status":"publish","type":"page","link":"https:\/\/wp.ufpel.edu.br\/ideiasinovadoras\/historico\/","title":{"rendered":"Hist\u00f3rico"},"content":{"rendered":"<p style=\"color: #000000\"><b>Os Premiados do 1\u00b0 Concurso de Ideias Inovadoras (2013)<\/b><\/p>\n<p style=\"color: #000000\"><strong><span style=\"color: #ee8c1f\">Categoria Gradua\u00e7\u00e3o:<\/span><\/strong><\/p>\n<p style=\"color: #000000\">\u2022 Design e Redes Sociais (J\u00e9ssica Esteves)<br \/>\n\u2022 Neurodesenvolvimento para crian\u00e7as em abrigos (Anna Maria Garcia Cardoso)<br \/>\n\u2022 Sistema de rastreamento para ve\u00edculos de transporte coletivo utilizando tecnologias Arduino e Google Maps (Raphael Tom\u00e9 Santana, Rafael Silveira, Regis Zanandrea, Leomar S. Rosa Junior, Felipe de Souza Marques)<\/p>\n<p style=\"color: #000000\"><strong><span style=\"color: #ee8c1f\">Categoria P\u00f3s-Gradua\u00e7\u00e3o:<\/span><\/strong><\/p>\n<p style=\"color: #000000\">\u2022 Flexmap (Julio Sara\u00e7ol Domingues J\u00fanior, Leomar Soares da Rosa Jr, Felipe de Souza Marques)<br \/>\n\u2022 Identifica\u00e7\u00e3o autom\u00e1tica de situa\u00e7\u00f5es de risco em bombas de infus\u00e3o medico-hospitalares (Fabr\u00edcio Neitzke Ferreira)<br \/>\n\u2022 M\u00e9todo para detec\u00e7\u00e3o in vitro da resist\u00eancia de plantas daninhas a herbicidas (Andr\u00e9 da Rosa Ulguim, Dirceu Agostinetto, Leandro Vargas,Juliana Aparecida Fernando, Jessica Dias Gomes da Silva).<\/p>\n<p style=\"color: #000000\"><b>Os Premiados do 2\u00b0 Concurso de Ideias Inovadoras (2014)<\/b><\/p>\n<p style=\"color: #000000\"><strong><span style=\"color: #ee8c1f\">Categoria Interna:<\/span><\/strong><\/p>\n<p style=\"color: #000000\">\u2022 Tutorial de Forma\u00e7\u00e3o Livre e Forma\u00e7\u00e3o Complementar \u2013 Curso de Dan\u00e7a<br \/>\n\u2022 Melhoria no processo de \u201cencerramento de turmas\u201d<br \/>\n\u2022 Desenvolvimento de sistema de informa\u00e7\u00e3o para gest\u00e3o de contratos administrativos<\/p>\n<p style=\"color: #000000\"><strong><span style=\"color: #ee8c1f\">Categoria Externa:<\/span><\/strong><\/p>\n<p style=\"color: #000000\">\u2022 Valida\u00e7\u00e3o do BodyMetrix\u00ae para avalia\u00e7\u00e3o de massa corporal<br \/>\n\u2022 Avalia\u00e7\u00e3o de composi\u00e7\u00e3o corporal em grupo com idade superior a 60 anos<br \/>\n\u2022 Cria\u00e7\u00e3o de Sistema assistido para deficientes visuais constitu\u00eddo por um alerta vibrat\u00f3rio<\/p>\n","protected":false},"excerpt":{"rendered":"<p>Os Premiados do 1\u00b0 Concurso de Ideias Inovadoras (2013) Categoria Gradua\u00e7\u00e3o: \u2022 Design e Redes Sociais (J\u00e9ssica Esteves) \u2022 Neurodesenvolvimento para crian\u00e7as em abrigos (Anna Maria Garcia Cardoso) \u2022 Sistema de rastreamento para ve\u00edculos de transporte coletivo utilizando tecnologias Arduino e Google Maps (Raphael Tom\u00e9 Santana, Rafael Silveira, Regis Zanandrea, Leomar S. Rosa Junior, Felipe &hellip; <\/p>\n<p><a class=\"more-link btn\" href=\"https:\/\/wp.ufpel.edu.br\/ideiasinovadoras\/historico\/\">Continue lendo<\/a><\/p>\n","protected":false},"author":313,"featured_media":0,"parent":0,"menu_order":0,"comment_status":"closed","ping_status":"closed","template":"","meta":{"footnotes":""},"class_list":["post-153","page","type-page","status-publish","hentry","nodate","item-wrap"],"_links":{"self":[{"href":"https:\/\/wp.ufpel.edu.br\/ideiasinovadoras\/wp-json\/wp\/v2\/pages\/153","targetHints":{"allow":["GET"]}}],"collection":[{"href":"https:\/\/wp.ufpel.edu.br\/ideiasinovadoras\/wp-json\/wp\/v2\/pages"}],"about":[{"href":"https:\/\/wp.ufpel.edu.br\/ideiasinovadoras\/wp-json\/wp\/v2\/types\/page"}],"author":[{"embeddable":true,"href":"https:\/\/wp.ufpel.edu.br\/ideiasinovadoras\/wp-json\/wp\/v2\/users\/313"}],"replies":[{"embeddable":true,"href":"https:\/\/wp.ufpel.edu.br\/ideiasinovadoras\/wp-json\/wp\/v2\/comments?post=153"}],"version-history":[{"count":5,"href":"https:\/\/wp.ufpel.edu.br\/ideiasinovadoras\/wp-json\/wp\/v2\/pages\/153\/revisions"}],"predecessor-version":[{"id":293,"href":"https:\/\/wp.ufpel.edu.br\/ideiasinovadoras\/wp-json\/wp\/v2\/pages\/153\/revisions\/293"}],"wp:attachment":[{"href":"https:\/\/wp.ufpel.edu.br\/ideiasinovadoras\/wp-json\/wp\/v2\/media?parent=153"}],"curies":[{"name":"wp","href":"https:\/\/api.w.org\/{rel}","templated":true}]}}