{"id":12,"date":"2013-09-25T16:19:04","date_gmt":"2013-09-25T19:19:04","guid":{"rendered":"https:\/\/wp.ufpel.edu.br\/inovadora\/?page_id=12"},"modified":"2014-07-17T11:23:36","modified_gmt":"2014-07-17T14:23:36","slug":"inove","status":"publish","type":"page","link":"https:\/\/wp.ufpel.edu.br\/ideiasinovadoras\/","title":{"rendered":"Inicial"},"content":{"rendered":"<p style=\"text-align: justify\">A UFPel, atrav\u00e9s das Pr\u00f3-Reitorias de Pesquisa e P\u00f3s-Gradua\u00e7\u00e3o, de Extens\u00e3o e Cultura, de Gradua\u00e7\u00e3o, de Planejamento e Desenvolvimento,de\u00a0Infraestrutura, de Administra\u00e7\u00e3o, de Gest\u00e3o de Pessoas e de Assuntos Estudantis torna p\u00fablico o presente Edital e convida discentes, docentes e servidores t\u00e9cnico-administrativos a submeterem propostas para o Concurso de Ideias Inovadoras.<\/p>\n<p style=\"text-align: justify\"><strong><span style=\"color: #000000\">Objetivos:<\/span><\/strong><\/p>\n<p style=\"text-align: justify\">1.1 Estimular, reconhecer, divulgar e apoiar os talentos da UFPel com Ideias Inovadoras com potencial de melhorar a efici\u00eancia dos processos dessa Universidade , no que concerne tanto \u00e0s suas atividades fim como atividades meio.<\/p>\n<p style=\"text-align: justify\">1.2 Estimular, reconhecer, divulgar e apoiar os talentos da UFPel com Ideias Inovadoras com potencial de gera\u00e7\u00e3o de benef\u00edcios e desenvolvimento no \u00e2mbito dos programas de Arranjo Produtivo Local (APL), Complexo Industrial da Sa\u00fade e Alimentos, dos quais a UFPel participa.<\/p>\n","protected":false},"excerpt":{"rendered":"<p>A UFPel, atrav\u00e9s das Pr\u00f3-Reitorias de Pesquisa e P\u00f3s-Gradua\u00e7\u00e3o, de Extens\u00e3o e Cultura, de Gradua\u00e7\u00e3o, de Planejamento e Desenvolvimento,de\u00a0Infraestrutura, de Administra\u00e7\u00e3o, de Gest\u00e3o de Pessoas e de Assuntos Estudantis torna p\u00fablico o presente Edital e convida discentes, docentes e servidores t\u00e9cnico-administrativos a submeterem propostas para o Concurso de Ideias Inovadoras. Objetivos: 1.1 Estimular, reconhecer, divulgar &hellip; <\/p>\n<p><a class=\"more-link btn\" href=\"https:\/\/wp.ufpel.edu.br\/ideiasinovadoras\/\">Continue lendo<\/a><\/p>\n","protected":false},"author":313,"featured_media":0,"parent":0,"menu_order":0,"comment_status":"closed","ping_status":"closed","template":"","meta":{"footnotes":""},"class_list":["post-12","page","type-page","status-publish","hentry","nodate","item-wrap"],"_links":{"self":[{"href":"https:\/\/wp.ufpel.edu.br\/ideiasinovadoras\/wp-json\/wp\/v2\/pages\/12","targetHints":{"allow":["GET"]}}],"collection":[{"href":"https:\/\/wp.ufpel.edu.br\/ideiasinovadoras\/wp-json\/wp\/v2\/pages"}],"about":[{"href":"https:\/\/wp.ufpel.edu.br\/ideiasinovadoras\/wp-json\/wp\/v2\/types\/page"}],"author":[{"embeddable":true,"href":"https:\/\/wp.ufpel.edu.br\/ideiasinovadoras\/wp-json\/wp\/v2\/users\/313"}],"replies":[{"embeddable":true,"href":"https:\/\/wp.ufpel.edu.br\/ideiasinovadoras\/wp-json\/wp\/v2\/comments?post=12"}],"version-history":[{"count":37,"href":"https:\/\/wp.ufpel.edu.br\/ideiasinovadoras\/wp-json\/wp\/v2\/pages\/12\/revisions"}],"predecessor-version":[{"id":218,"href":"https:\/\/wp.ufpel.edu.br\/ideiasinovadoras\/wp-json\/wp\/v2\/pages\/12\/revisions\/218"}],"wp:attachment":[{"href":"https:\/\/wp.ufpel.edu.br\/ideiasinovadoras\/wp-json\/wp\/v2\/media?parent=12"}],"curies":[{"name":"wp","href":"https:\/\/api.w.org\/{rel}","templated":true}]}}