{"id":98,"date":"2017-10-28T22:39:09","date_gmt":"2017-10-29T00:39:09","guid":{"rendered":"https:\/\/wp.ufpel.edu.br\/idad\/?page_id=98"},"modified":"2026-04-03T17:04:28","modified_gmt":"2026-04-03T20:04:28","slug":"tccs-dissertacoes-e-teses","status":"publish","type":"page","link":"https:\/\/wp.ufpel.edu.br\/idad\/produtos\/tccs-dissertacoes-e-teses\/","title":{"rendered":"TCCs, Disserta\u00e7\u00f5es e Teses"},"content":{"rendered":"<p><span style=\"color: #000000;\">Corina Gonsales Vega (2026)<\/span><br \/>\n<span style=\"color: #000000;\">TCC &#8211; Bacharelado em Ci\u00eancias Sociais (UFPel)<\/span><br \/>\n<span style=\"color: #000000;\">\u201cNunca quis mexer com cargo p\u00fablico, mas isso \u00e9 um chamado\u201d: an\u00e1lise discursiva da campanha eleitoral de Pablo Mar\u00e7al nas elei\u00e7\u00f5es de 2024 <a href=\"https:\/\/wp.ufpel.edu.br\/idad\/files\/2026\/03\/TCC-Corina-versao-publicacao.pdf\">PDF<\/a><\/span><\/p>\n<p>&nbsp;<\/p>\n<p><span style=\"color: #000000;\">Thales Morbach Lange (2026)<\/span><br \/>\n<span style=\"color: #000000;\">TCC &#8211; Bacharelado em Ci\u00eancias Sociais (UFPel)<\/span><br \/>\n<span style=\"color: #000000;\">\u201cPerondi n\u00e3o \u00e9 pol\u00edtico, ele \u00e9 um empres\u00e1rio\u201d: uma an\u00e1lise do discurso eleitoral de Marciano Perondi nas elei\u00e7\u00f5es municipais de 2024 na cidade de Pelotas\/RS <a href=\"https:\/\/wp.ufpel.edu.br\/idad\/files\/2026\/03\/TCC_Thales_Morbach_Lange.pdf\">PDF<\/a><\/span><\/p>\n<p>&nbsp;<\/p>\n<p><span style=\"color: #000000;\">Ian Botelho Soares (2024)<\/span><br \/>\n<span style=\"color: #000000;\">TCC &#8211; Bacharelado em Ci\u00eancias Sociais (UFPel)<br \/>\nEm guerra pela pa\u0301tria, em nome de Deus: ana\u0301lise discursiva da CPI dos Atos Antidemocra\u0301ticos <a href=\"https:\/\/wp.ufpel.edu.br\/idad\/files\/2024\/12\/TCC-Ian-Botelho-Soares.pdf\">PDF<\/a><\/span><\/p>\n<p>&nbsp;<\/p>\n<p><span style=\"color: #000000;\">Isabela Rodrigues do Nascimento (2024)<\/span><br \/>\n<span style=\"color: #000000;\">Disserta\u00e7\u00e3o &#8211; PPGCPol (UFPel)<\/span><br \/>\n<span style=\"color: #000000;\">O significante &#8220;mulher&#8221; em disputa no discurso eleitoral: Sentidos atribu\u00eddos \u00e0 mulher nos discursos eleitorais de Lula e Bolsonaro em 2022 <\/span><a href=\"https:\/\/wp.ufpel.edu.br\/idad\/files\/2024\/09\/Dissertacao-Isabela-Nascimento.pdf\">PDF<\/a><\/p>\n<p>&nbsp;<\/p>\n<p><span style=\"color: #000000;\">Sandra Regina Barbosa Parzianello (2023)<\/span><br \/>\n<span style=\"color: #000000;\">Tese &#8211; PPGCPol (UFPel)<\/span><br \/>\n<span style=\"color: #000000;\">O povo do lulismo: an\u00e1lise do discurso pol\u00edtico do presidente Lula no per\u00edodo de 2002 \u00e0 2010 <a href=\"https:\/\/wp.ufpel.edu.br\/idad\/files\/2023\/09\/TESE-SANDRA-PARZIANELLO-com-Ficha-catalografica.pdf\">PDF<\/a><\/span><\/p>\n<p>&nbsp;<\/p>\n<p><span style=\"color: #000000;\">Beatriz Franco Pereira do Vale (2023)<\/span><br \/>\n<span style=\"color: #000000;\">Disserta\u00e7\u00e3o &#8211; PPGCPol (UFPel)<\/span><br \/>\n<span style=\"color: #000000;\">A apropria\u00e7\u00e3o de s\u00edmbolos nacionais pelo bolsonarismo: uma an\u00e1lise de discurso sobre os 7s de Setembro no Governo Bolsonaro <a href=\"https:\/\/wp.ufpel.edu.br\/idad\/files\/2023\/09\/Dissertacao-Beatriz-Franco-do-Vale.pdf\">PDF<\/a><\/span><\/p>\n<p>&nbsp;<\/p>\n<p><span style=\"color: #000000;\">Renata da Silva (2023)<\/span><br \/>\n<span style=\"color: #000000;\">Disserta\u00e7\u00e3o &#8211; PPGCPol (UFPel)<\/span><br \/>\n<span style=\"color: #000000;\">A constru\u00e7\u00e3o do discurso pol\u00edtico de Nicol\u00e1s Maduro na campanha eleitoral de 2018 na Venezuela <a href=\"https:\/\/wp.ufpel.edu.br\/idad\/files\/2023\/09\/Dissertacao-mestrado-Renata-da-Silva.pdf\">PDF<\/a><\/span><\/p>\n<p>&nbsp;<\/p>\n<p><span style=\"color: #000000;\">Carolina Costa dos Santos (2023)<\/span><br \/>\n<span style=\"color: #000000;\">Tese &#8211; PPGCPol (UFPel)<\/span><br \/>\n<span style=\"color: #000000;\">Por uma leitura p\u00f3s-fundacional da representa\u00e7\u00e3o pol\u00edtica <a href=\"https:\/\/wp.ufpel.edu.br\/idad\/files\/2023\/09\/SANTOS-Carolina-Dos.-Por-uma-leitura-pos-fundacional-da-representacao-politica-Finalizada.pdf\">PDF<\/a><\/span><\/p>\n<p>&nbsp;<\/p>\n<p><span style=\"color: #000000;\">Let\u00edcia Baron (2023)<\/span><br \/>\n<span style=\"color: #000000;\">Tese &#8211; PPGCPol (UFPel)<\/span><br \/>\n<span style=\"color: #000000;\">A ascens\u00e3o da direita ap\u00f3s o ciclo progressista no Brasil, Argentina, Chile e Uruguai: reflex\u00f5es a partir da Teoria do Discurso de Laclau e Mouffe <a href=\"https:\/\/wp.ufpel.edu.br\/idad\/files\/2023\/09\/Tese-Leticia-ultima-versao.pdf\">PDF<\/a><\/span><\/p>\n<p>&nbsp;<\/p>\n<p><span style=\"color: #000000;\">Michele Diana da Luz (2022)<\/span><br \/>\n<span style=\"color: #000000;\">Tese &#8211; PPGCPol (UFPel)<\/span><br \/>\n<span style=\"color: #000000; font-family: var(--fonte-corpo);\">O povo no caleidosc\u00f3pio: O discurso bolsonarista \u00e0 luz das teorias contempor\u00e2neas do populismo <\/span><a style=\"color: #000000;\" href=\"https:\/\/wp.ufpel.edu.br\/idad\/files\/2023\/07\/LUZ_Michele_TESE_O_POVO_NO_CALEIDOSCOPIO.pdf\">PDF<\/a><\/p>\n<p>&nbsp;<\/p>\n<p><span style=\"color: #000000;\">Lucas Garcia da Silva (2021)<\/span><br \/>\n<span style=\"color: #000000;\">Disserta\u00e7\u00e3o &#8211; PPGCPol (UFPel)<\/span><br \/>\n<span style=\"color: #000000; font-family: var(--fonte-corpo);\">Da derrota ao fracasso: uma an\u00e1lise da trajet\u00f3ria discursiva do PSDB entre as elei\u00e7\u00f5es de 2014 e 2018, a partir da Teoria do Discurso de Laclau e Mouffe <\/span><a style=\"color: #000000;\" href=\"https:\/\/wp.ufpel.edu.br\/idad\/files\/2023\/07\/Dissertacao-Lucas-Garcia-2.pdf\">PDF<\/a><\/p>\n<p>&nbsp;<\/p>\n<p><span style=\"color: #000000;\">Nat\u00e1lia de Azevedo Pereira (2020)<\/span><br \/>\n<span style=\"color: #000000;\">TCC &#8211; Bacharelado em Ci\u00eancias Sociais (UFPel)<\/span><br \/>\n<span style=\"color: #000000; font-family: var(--fonte-corpo);\">A nova direita brasileira: os sentidos discursivos mobilizados por YouTubers no per\u00edodo eleitoral de 2018 <a style=\"color: #000000;\" href=\"https:\/\/wp.ufpel.edu.br\/idad\/files\/2023\/07\/TCC-Natalia-Azevedo-Pereira.pdf\">PDF<\/a><\/span><\/p>\n<p>&nbsp;<\/p>\n<p><span style=\"color: #000000;\">Carolina Costa dos Santos (2018)<\/span><br \/>\n<span style=\"color: #000000;\">Disserta\u00e7\u00e3o &#8211; PPGCPol\u00a0(UFPel)<\/span><br \/>\n<span style=\"color: #000000; font-family: var(--fonte-corpo);\">O Centro no Extremo: o discurso peemedebista no ciclo progressista brasileiro (2003-2016) <a style=\"color: #000000;\" href=\"https:\/\/wp.ufpel.edu.br\/idad\/files\/2023\/07\/Dissertacao-Carolina-Dos-Santos.pdf\">PDF<\/a><\/span><\/p>\n<p>&nbsp;<\/p>\n<p><span style=\"color: #000000;\">Let\u00edcia Baron (2018)<\/span><br \/>\n<span style=\"color: #000000;\">Disserta\u00e7\u00e3o &#8211; PPGCPol\u00a0(UFPel)<\/span><br \/>\n<span style=\"color: #000000; font-family: var(--fonte-corpo);\">T\u00e3o pr\u00f3ximos e t\u00e3o distantes:\u00a0a articula\u00e7\u00e3o discursiva dos movimentos pr\u00f3-impeachment a partir da teoria do discurso de Ernesto Laclau <a style=\"color: #000000;\" href=\"https:\/\/wp.ufpel.edu.br\/idad\/files\/2023\/07\/Dissertacao-Leticia-Baron.pdf\">PDF<\/a><\/span><\/p>\n<p>&nbsp;<\/p>\n<p><span style=\"color: #000000;\">Lucas Garcia da Silva (2018)<\/span><br \/>\n<span style=\"color: #000000;\">TCC &#8211; Bacharelado em Ci\u00eancias Sociais (UFPel)<\/span><br \/>\n<span style=\"color: #000000; font-family: var(--fonte-corpo);\">Comportamento ideol\u00f3gico parlamentar dos peemedebistas nos per\u00edodos pr\u00e9 e p\u00f3s impeachment de Dilma Rousseff <a style=\"color: #000000;\" href=\"https:\/\/wp.ufpel.edu.br\/idad\/files\/2023\/07\/TCC-Lucas-Garcia-da-Silva.pdf\">PDF<\/a><\/span><\/p>\n<p>&nbsp;<\/p>\n<p><span style=\"color: #000000;\">Larissa Russo Gon\u00e7alves (2017)<\/span><br \/>\n<span style=\"color: #000000;\">Disserta\u00e7\u00e3o &#8211; PPGCPol\u00a0(UFPel)<\/span><br \/>\n<span style=\"color: #000000; font-family: var(--fonte-corpo);\"> An\u00e1lise dos sentidos ideol\u00f3gicos presentes nas medidas provis\u00f3rias editadas no primeiro governo Lula (2003-2006) <a style=\"color: #000000;\" href=\"https:\/\/wp.ufpel.edu.br\/idad\/files\/2023\/07\/Dissertacao-Larissa-Russo.pdf\">PDF<\/a><\/span><\/p>\n<p>&nbsp;<\/p>\n<p><span style=\"color: #000000;\">Carolina Costa dos Santos (2017)<\/span><br \/>\n<span style=\"color: #000000;\">TCC &#8211; Bacharelado em Ci\u00eancias Sociais (UFPel)<\/span><br \/>\n<span style=\"color: #000000; font-family: var(--fonte-corpo);\">O programa partid\u00e1rio do PMDB: um estudo a partir da Teoria do Discurso de Ernesto Laclau e Chantal Mouffe\u00a0<a style=\"color: #000000;\" href=\"https:\/\/wp.ufpel.edu.br\/idad\/files\/2017\/10\/TCC-Carolina-Costa-Dos-Santos-Final.pdf\">PDF<\/a><\/span><\/p>\n<p>&nbsp;<\/p>\n<p><span style=\"color: #000000;\">Michele Diana da Luz (2017)<\/span><br \/>\n<span style=\"color: #000000;\">Disserta\u00e7\u00e3o &#8211; PPGCPol\u00a0(UFPel)<\/span><br \/>\n<span style=\"color: #000000; font-family: var(--fonte-corpo);\">Em busca de um discurso social: A ideologia da pol\u00edtica\u00a0social do PSDB na C\u00e2mara dos Deputados na 52\u00aa Legislatura (2003-2007)\u00a0<a style=\"color: #000000;\" href=\"https:\/\/wp.ufpel.edu.br\/idad\/files\/2017\/10\/Michele-Diana-da-Luz-2017.pdf\">PDF<\/a><\/span><\/p>\n<p>&nbsp;<\/p>\n<p><span style=\"color: #000000;\">Rosana Alves Gomes (2016)<\/span><br \/>\n<span style=\"caret-color: #000000; color: #000000;\">Disserta\u00e7\u00e3o &#8211; PPGCPol\u00a0(UFPel)<\/span><br \/>\n<span style=\"color: #000000; font-family: var(--fonte-corpo);\">O comportamento ideol\u00f3gico do Partido dos Trabalhadores na C\u00e2marados Deputados na 52\u00aa Legistatura (2003-2007) no \u00e2mbito da Pol\u00edtica Social\u00a0<a style=\"color: #000000;\" href=\"https:\/\/wp.ufpel.edu.br\/idad\/files\/2017\/10\/Rosana-Alves-Gomes-Disserta\u00e7\u00e3o.pdf\">PDF<\/a><\/span><\/p>\n<p>&nbsp;<\/p>\n<p><span style=\"color: #000000;\">Larissa Russo Gon\u00e7alves (2014)<\/span><br \/>\n<span style=\"color: #000000;\">TCC &#8211; Bacharelado em Ci\u00eancias Sociais (UFPel)<\/span><br \/>\n<span style=\"color: #000000; font-family: var(--fonte-corpo);\">Conflito entre israelenses e palestinos ocorrido em novembro de 2012<strong>:\u00a0<\/strong><span style=\"font-weight: 400;\">vis\u00e3o dos principais seman\u00e1rios brasileiros <a href=\"https:\/\/wp.ufpel.edu.br\/idad\/files\/2023\/07\/TCC-Larissa-Russo.pdf\">PDF<\/a><\/span><\/span><\/p>\n","protected":false},"excerpt":{"rendered":"<p>Corina Gonsales Vega (2026) TCC &#8211; Bacharelado em Ci\u00eancias Sociais (UFPel) \u201cNunca quis mexer com cargo p\u00fablico, mas isso \u00e9 um chamado\u201d: an\u00e1lise discursiva da campanha eleitoral de Pablo Mar\u00e7al nas elei\u00e7\u00f5es de 2024 PDF &nbsp; Thales Morbach Lange (2026) TCC &#8211; Bacharelado em Ci\u00eancias Sociais (UFPel) \u201cPerondi n\u00e3o \u00e9 pol\u00edtico, ele \u00e9 um empres\u00e1rio\u201d: [&hellip;]<\/p>\n","protected":false},"author":689,"featured_media":0,"parent":17,"menu_order":0,"comment_status":"closed","ping_status":"closed","template":"","meta":{"advanced_seo_description":"","jetpack_seo_html_title":"","jetpack_seo_noindex":false,"footnotes":""},"class_list":["post-98","page","type-page","status-publish","hentry"],"jetpack_sharing_enabled":true,"jetpack_shortlink":"https:\/\/wp.me\/PgDXwR-1A","_links":{"self":[{"href":"https:\/\/wp.ufpel.edu.br\/idad\/wp-json\/wp\/v2\/pages\/98","targetHints":{"allow":["GET"]}}],"collection":[{"href":"https:\/\/wp.ufpel.edu.br\/idad\/wp-json\/wp\/v2\/pages"}],"about":[{"href":"https:\/\/wp.ufpel.edu.br\/idad\/wp-json\/wp\/v2\/types\/page"}],"author":[{"embeddable":true,"href":"https:\/\/wp.ufpel.edu.br\/idad\/wp-json\/wp\/v2\/users\/689"}],"replies":[{"embeddable":true,"href":"https:\/\/wp.ufpel.edu.br\/idad\/wp-json\/wp\/v2\/comments?post=98"}],"version-history":[{"count":4,"href":"https:\/\/wp.ufpel.edu.br\/idad\/wp-json\/wp\/v2\/pages\/98\/revisions"}],"predecessor-version":[{"id":1338,"href":"https:\/\/wp.ufpel.edu.br\/idad\/wp-json\/wp\/v2\/pages\/98\/revisions\/1338"}],"up":[{"embeddable":true,"href":"https:\/\/wp.ufpel.edu.br\/idad\/wp-json\/wp\/v2\/pages\/17"}],"wp:attachment":[{"href":"https:\/\/wp.ufpel.edu.br\/idad\/wp-json\/wp\/v2\/media?parent=98"}],"curies":[{"name":"wp","href":"https:\/\/api.w.org\/{rel}","templated":true}]}}