{"id":927,"date":"2025-05-29T10:35:22","date_gmt":"2025-05-29T13:35:22","guid":{"rendered":"https:\/\/wp.ufpel.edu.br\/idad\/?page_id=927"},"modified":"2025-10-05T15:58:00","modified_gmt":"2025-10-05T18:58:00","slug":"instadata","status":"publish","type":"page","link":"https:\/\/wp.ufpel.edu.br\/idad\/instadata\/","title":{"rendered":"InstaData"},"content":{"rendered":"<p style=\"text-align: justify;\" data-start=\"188\" data-end=\"501\">O Grupo de Pesquisa <strong data-start=\"208\" data-end=\"253\">Ideologia e An\u00e1lise de Discurso (IdAD)<\/strong>, disponibiliza um conjunto de ferramentas digitais desenvolvidas para apoiar a coleta de dados p\u00fablicos da plataforma Instagram, com finalidade estritamente acad\u00eamica e de pesquisa.<\/p>\n<p style=\"text-align: justify;\" data-start=\"503\" data-end=\"760\">As ferramentas foram elaboradas no contexto de investiga\u00e7\u00f5es cient\u00edficas que demandam a extra\u00e7\u00e3o sistem\u00e1tica de conte\u00fados como postagens, Reels e links p\u00fablicos, de modo a facilitar an\u00e1lises discursivas, comunicacionais ou estat\u00edsticas.<\/p>\n<p style=\"text-align: justify;\" data-start=\"503\" data-end=\"760\">S\u00e3o elas:<\/p>\n<table style=\"width: 100%; border-collapse: collapse; border-style: none;\" border=\"1\">\n<tbody>\n<tr>\n<td style=\"width: 100%;\">\n<ul>\n<li><strong data-start=\"956\" data-end=\"999\">InstaData Scraper for Chrome<\/strong>: extens\u00e3o para Google Chrome leve que possibilita a extra\u00e7\u00e3o de links de postagens e Reels diretamente pela interface do Instagram no navegador.<\/li>\n<\/ul>\n<p><img class=\"wp-image-1244 aligncenter\" style=\"text-align: justify;\" src=\"https:\/\/wp.ufpel.edu.br\/idad\/files\/2025\/10\/Id-Chrome-400x373.png\" alt=\"\" width=\"278\" height=\"259\" srcset=\"https:\/\/wp.ufpel.edu.br\/idad\/files\/2025\/10\/Id-Chrome-400x373.png 400w, https:\/\/wp.ufpel.edu.br\/idad\/files\/2025\/10\/Id-Chrome.png 505w\" sizes=\"(max-width: 278px) 100vw, 278px\" \/><\/td>\n<\/tr>\n<tr>\n<td style=\"width: 100%;\">\n<ul>\n<li style=\"text-align: justify;\" data-start=\"764\" data-end=\"953\"><strong data-start=\"764\" data-end=\"777\">InstaData<\/strong>: aplicativo de desktop que permite coletar dados p\u00fablicos de postagens no Instagram a partir de uma lista de links, com gera\u00e7\u00e3o autom\u00e1tica de um banco de dados em formato CSV.<\/li>\n<\/ul>\n<p style=\"padding-left: 40px;\"><strong>Dados coletados<\/strong>:<\/p>\n<ul>\n<li style=\"list-style-type: none;\">\n<ul>\n<li><strong>ID \u00fanico<\/strong> da postagem<\/li>\n<li><strong>URL<\/strong> completa do post\/reel<\/li>\n<li><strong>Autor<\/strong> (username)<\/li>\n<li><strong>Data e hora<\/strong> da publica\u00e7\u00e3o (timestamp convertido)<\/li>\n<li><strong>Legenda completa<\/strong> do conte\u00fado<\/li>\n<li><strong>Hashtags<\/strong> extra\u00eddas automaticamente<\/li>\n<li><strong>Tipo de m\u00eddia<\/strong> (post ou reel)<\/li>\n<li><strong>N\u00famero de curtidas<\/strong><\/li>\n<li><strong>N\u00famero de coment\u00e1rios<\/strong><\/li>\n<li><strong>Localiza\u00e7\u00e3o<\/strong>\u00a0(quando dispon\u00edvel)<\/li>\n<\/ul>\n<\/li>\n<\/ul>\n<p><img class=\" wp-image-1245 aligncenter\" src=\"https:\/\/wp.ufpel.edu.br\/idad\/files\/2025\/10\/InstaData-400x314.png\" alt=\"\" width=\"392\" height=\"308\" srcset=\"https:\/\/wp.ufpel.edu.br\/idad\/files\/2025\/10\/InstaData-400x314.png 400w, https:\/\/wp.ufpel.edu.br\/idad\/files\/2025\/10\/InstaData-1024x803.png 1024w, https:\/\/wp.ufpel.edu.br\/idad\/files\/2025\/10\/InstaData-768x603.png 768w, https:\/\/wp.ufpel.edu.br\/idad\/files\/2025\/10\/InstaData.png 1105w\" sizes=\"(max-width: 392px) 100vw, 392px\" \/><\/td>\n<\/tr>\n<\/tbody>\n<\/table>\n<p style=\"text-align: justify;\" data-start=\"1289\" data-end=\"1572\">Todas as aplica\u00e7\u00f5es est\u00e3o dispon\u00edveis de forma gratuita e s\u00e3o compat\u00edveis exclusivamente com o sistema operacional <strong data-start=\"1404\" data-end=\"1415\">Windows<\/strong>. As vers\u00f5es distribu\u00eddas s\u00e3o port\u00e1teis (dispensam instala\u00e7\u00e3o) e acompanhadas de instru\u00e7\u00f5es completas de uso no arquivo <code>README.md<\/code>, inclu\u00eddo em cada pacote.<\/p>\n<p style=\"text-align: justify;\" data-start=\"1574\" data-end=\"1831\">Para acessar as ferramentas, <strong>\u00e9 necess\u00e1rio preencher previamente um formul\u00e1rio de solicita\u00e7\u00e3o<\/strong>. Esse procedimento visa garantir que o uso seja feito de forma \u00e9tica, consciente e condizente com os objetivos acad\u00eamicos para os quais as ferramentas foram projetadas.<\/p>\n<p data-start=\"1915\" data-end=\"2378\">No formul\u00e1rio, ser\u00e3o solicitadas informa\u00e7\u00f5es cadastrais b\u00e1sicas \u2014 como <strong data-start=\"1986\" data-end=\"2068\">nome completo, e-mail e v\u00ednculo acad\u00eamico ou projeto de pesquisa<\/strong> \u2014 com o \u00fanico prop\u00f3sito de <strong data-start=\"2096\" data-end=\"2138\">identificar o perfil do(a) solicitante<\/strong>, <strong data-start=\"2140\" data-end=\"2184\">documentar o uso acad\u00eamico da tecnologia<\/strong> e, eventualmente, <strong data-start=\"2203\" data-end=\"2286\">entrar em contato para eventuais atualiza\u00e7\u00f5es, orienta\u00e7\u00f5es ou esclarecimentos<\/strong>. Nenhuma dessas informa\u00e7\u00f5es ser\u00e1 compartilhada com terceiros ou utilizada para outros fins.<\/p>\n<p style=\"text-align: justify;\" data-start=\"1574\" data-end=\"1831\">Ap\u00f3s o envio do formul\u00e1rio, o(a) solicitante receber\u00e1 automaticamente, por e-mail, o link de download das aplica\u00e7\u00f5es, bem como orienta\u00e7\u00f5es detalhadas sobre o seu uso.<\/p>\n<p style=\"text-align: justify;\" data-start=\"1833\" data-end=\"1884\">Recomenda-se especial aten\u00e7\u00e3o aos seguintes pontos:<\/p>\n<ul style=\"text-align: justify;\" data-start=\"1886\" data-end=\"2418\">\n<li data-start=\"1886\" data-end=\"2023\">\n<p data-start=\"1888\" data-end=\"2023\">Os arquivos distribu\u00eddos est\u00e3o compactados em <code>.zip<\/code> e devem ser <strong data-start=\"1953\" data-end=\"2004\">extra\u00eddos integralmente em uma nova pasta local<\/strong> antes da execu\u00e7\u00e3o.<\/p>\n<\/li>\n<li data-start=\"2024\" data-end=\"2215\">\n<p data-start=\"2026\" data-end=\"2215\">O uso de uma <strong data-start=\"2039\" data-end=\"2073\">conta secund\u00e1ria<\/strong>\u00a0do Instagram \u00e9 expressamente recomendado, com vistas \u00e0 preserva\u00e7\u00e3o da seguran\u00e7a da conta e \u00e0 conformidade com os Termos de Uso da plataforma.<\/p>\n<\/li>\n<li data-start=\"2216\" data-end=\"2418\">\n<p data-start=\"2218\" data-end=\"2418\">Algumas funcionalidades dependem da presen\u00e7a do utilit\u00e1rio<strong data-start=\"2277\" data-end=\"2287\">\u00a0Chrome for Testing<\/strong>, que n\u00e3o \u00e9 redistribu\u00eddo com os aplicativos, mas pode ser facilmente obtido por meio de um <strong data-start=\"2379\" data-end=\"2407\">script auxiliar inclu\u00eddo<\/strong> no seu respectivo pacote.<\/p>\n<\/li>\n<\/ul>\n<p style=\"text-align: justify;\" data-start=\"2420\" data-end=\"2710\">O uso das ferramentas implica na aceita\u00e7\u00e3o dos respectivos <strong data-start=\"2479\" data-end=\"2508\">termos e condi\u00e7\u00f5es de uso<\/strong>, os quais refor\u00e7am seu car\u00e1ter acad\u00eamico, n\u00e3o comercial, e a responsabilidade individual do(a) usu\u00e1rio(a) quanto ao cumprimento das normas legais e \u00e9ticas envolvidas na coleta e tratamento de dados digitais.<\/p>\n<p style=\"text-align: justify;\" data-start=\"2829\" data-end=\"2900\">D\u00favidas adicionais podem ser encaminhadas ao desenvolvedor respons\u00e1vel:<\/p>\n<p style=\"text-align: justify;\" data-start=\"2902\" data-end=\"3011\"><strong data-start=\"2902\" data-end=\"2926\">Thales Morbach Lange<\/strong><br data-start=\"2926\" data-end=\"2929\" \/>Grupo de Pesquisa Ideologia e An\u00e1lise de Discurso<br \/>\nUniversidade Federal de Pelotas<br data-start=\"2986\" data-end=\"2989\" \/><a href=\"mailto:thales.lange@gmail.com\">thales.lange@ufpel.edu.br<\/a> | <a href=\"http:\/\/lattes.cnpq.br\/3650755639394586\">http:\/\/lattes.cnpq.br\/3650755639394586<\/a><\/p>\n<hr \/>\n<p>Segue o formul\u00e1rio de solicita\u00e7\u00e3o:<\/p>\n\n<!-- iframe plugin v.6.0 wordpress.org\/plugins\/iframe\/ -->\n<iframe width=\"100%\" height=\"1200\" src=\"https:\/\/form.jotform.com\/251537789833068\" scrolling=\"yes\" class=\"iframe-class\" frameborder=\"0\"><\/iframe>\n\n","protected":false},"excerpt":{"rendered":"<p>O Grupo de Pesquisa Ideologia e An\u00e1lise de Discurso (IdAD), disponibiliza um conjunto de ferramentas digitais desenvolvidas para apoiar a coleta de dados p\u00fablicos da plataforma Instagram, com finalidade estritamente acad\u00eamica e de pesquisa. As ferramentas foram elaboradas no contexto de investiga\u00e7\u00f5es cient\u00edficas que demandam a extra\u00e7\u00e3o sistem\u00e1tica de conte\u00fados como postagens, Reels e links [&hellip;]<\/p>\n","protected":false},"author":689,"featured_media":0,"parent":0,"menu_order":0,"comment_status":"closed","ping_status":"closed","template":"","meta":{"advanced_seo_description":"","jetpack_seo_html_title":"","jetpack_seo_noindex":false,"footnotes":""},"class_list":["post-927","page","type-page","status-publish","hentry"],"jetpack_sharing_enabled":true,"jetpack_shortlink":"https:\/\/wp.me\/PgDXwR-eX","_links":{"self":[{"href":"https:\/\/wp.ufpel.edu.br\/idad\/wp-json\/wp\/v2\/pages\/927","targetHints":{"allow":["GET"]}}],"collection":[{"href":"https:\/\/wp.ufpel.edu.br\/idad\/wp-json\/wp\/v2\/pages"}],"about":[{"href":"https:\/\/wp.ufpel.edu.br\/idad\/wp-json\/wp\/v2\/types\/page"}],"author":[{"embeddable":true,"href":"https:\/\/wp.ufpel.edu.br\/idad\/wp-json\/wp\/v2\/users\/689"}],"replies":[{"embeddable":true,"href":"https:\/\/wp.ufpel.edu.br\/idad\/wp-json\/wp\/v2\/comments?post=927"}],"version-history":[{"count":4,"href":"https:\/\/wp.ufpel.edu.br\/idad\/wp-json\/wp\/v2\/pages\/927\/revisions"}],"predecessor-version":[{"id":1257,"href":"https:\/\/wp.ufpel.edu.br\/idad\/wp-json\/wp\/v2\/pages\/927\/revisions\/1257"}],"wp:attachment":[{"href":"https:\/\/wp.ufpel.edu.br\/idad\/wp-json\/wp\/v2\/media?parent=927"}],"curies":[{"name":"wp","href":"https:\/\/api.w.org\/{rel}","templated":true}]}}