{"id":915,"date":"2025-05-16T18:27:21","date_gmt":"2025-05-16T21:27:21","guid":{"rendered":"https:\/\/wp.ufpel.edu.br\/idad\/?page_id=915"},"modified":"2025-10-05T15:22:23","modified_gmt":"2025-10-05T18:22:23","slug":"produtos-tecnicos","status":"publish","type":"page","link":"https:\/\/wp.ufpel.edu.br\/idad\/produtos\/produtos-tecnicos\/","title":{"rendered":"Produtos t\u00e9cnicos"},"content":{"rendered":"<p><a href=\"https:\/\/wp.ufpel.edu.br\/idad\/openai-whisper-transcricao-automatica-para-pesquisa\/\">OpenAI Whisper: Transcri\u00e7\u00e3o autom\u00e1tica para pesquisa<\/a><\/p>\n<p><a href=\"https:\/\/wp.ufpel.edu.br\/idad\/instadata\">InstaData<\/a><\/p>\n<p><a href=\"https:\/\/wp.ufpel.edu.br\/idad\/files\/2025\/06\/Minicurso-de-OpenAI-Whisper-IdAD.pdf\">Minicurso de OpenAI Whisper<\/a><\/p>\n","protected":false},"excerpt":{"rendered":"<p>OpenAI Whisper: Transcri\u00e7\u00e3o autom\u00e1tica para pesquisa InstaData Minicurso de OpenAI Whisper<\/p>\n","protected":false},"author":689,"featured_media":0,"parent":17,"menu_order":0,"comment_status":"closed","ping_status":"closed","template":"","meta":{"advanced_seo_description":"","jetpack_seo_html_title":"","jetpack_seo_noindex":false,"footnotes":""},"class_list":["post-915","page","type-page","status-publish","hentry"],"jetpack_sharing_enabled":true,"jetpack_shortlink":"https:\/\/wp.me\/PgDXwR-eL","_links":{"self":[{"href":"https:\/\/wp.ufpel.edu.br\/idad\/wp-json\/wp\/v2\/pages\/915","targetHints":{"allow":["GET"]}}],"collection":[{"href":"https:\/\/wp.ufpel.edu.br\/idad\/wp-json\/wp\/v2\/pages"}],"about":[{"href":"https:\/\/wp.ufpel.edu.br\/idad\/wp-json\/wp\/v2\/types\/page"}],"author":[{"embeddable":true,"href":"https:\/\/wp.ufpel.edu.br\/idad\/wp-json\/wp\/v2\/users\/689"}],"replies":[{"embeddable":true,"href":"https:\/\/wp.ufpel.edu.br\/idad\/wp-json\/wp\/v2\/comments?post=915"}],"version-history":[{"count":3,"href":"https:\/\/wp.ufpel.edu.br\/idad\/wp-json\/wp\/v2\/pages\/915\/revisions"}],"predecessor-version":[{"id":1243,"href":"https:\/\/wp.ufpel.edu.br\/idad\/wp-json\/wp\/v2\/pages\/915\/revisions\/1243"}],"up":[{"embeddable":true,"href":"https:\/\/wp.ufpel.edu.br\/idad\/wp-json\/wp\/v2\/pages\/17"}],"wp:attachment":[{"href":"https:\/\/wp.ufpel.edu.br\/idad\/wp-json\/wp\/v2\/media?parent=915"}],"curies":[{"name":"wp","href":"https:\/\/api.w.org\/{rel}","templated":true}]}}