{"id":37,"date":"2017-05-10T16:39:58","date_gmt":"2017-05-10T19:39:58","guid":{"rendered":"https:\/\/wp.ufpel.edu.br\/idad\/?page_id=37"},"modified":"2025-07-04T17:10:22","modified_gmt":"2025-07-04T20:10:22","slug":"eventos","status":"publish","type":"page","link":"https:\/\/wp.ufpel.edu.br\/idad\/eventos\/","title":{"rendered":"Eventos"},"content":{"rendered":"<p><strong><span style=\"color: #000000;\">Minicurso: OpenAI Whisper &#8211; transcri\u00e7\u00e3o autom\u00e1tica para pesquisa<\/span><\/strong><\/p>\n<p style=\"text-align: justify;\"><span style=\"color: #000000;\"><img class=\" wp-image-964 alignleft\" src=\"https:\/\/wp.ufpel.edu.br\/idad\/files\/2025\/06\/Card-Minicurso-400x400.jpg\" alt=\"\" width=\"211\" height=\"211\" srcset=\"https:\/\/wp.ufpel.edu.br\/idad\/files\/2025\/06\/Card-Minicurso-400x400.jpg 400w, https:\/\/wp.ufpel.edu.br\/idad\/files\/2025\/06\/Card-Minicurso-1024x1024.jpg 1024w, https:\/\/wp.ufpel.edu.br\/idad\/files\/2025\/06\/Card-Minicurso-200x200.jpg 200w, https:\/\/wp.ufpel.edu.br\/idad\/files\/2025\/06\/Card-Minicurso-768x768.jpg 768w, https:\/\/wp.ufpel.edu.br\/idad\/files\/2025\/06\/Card-Minicurso.jpg 1080w\" sizes=\"(max-width: 211px) 100vw, 211px\" \/><\/span><\/p>\n<p style=\"text-align: justify;\"><span style=\"color: #000000;\">A an\u00e1lise de pronunciamentos, entrevistas e outros registros em \u00e1udio e\/ou v\u00eddeo \u00e9 fundamental para pesquisas em Ci\u00eancia Pol\u00edtica e \u00e1reas afins das humanidades. Tradicionalmente, a transcri\u00e7\u00e3o manual desses materiais demanda tempo e recursos, limitando a escala das an\u00e1lises. O uso de ferramentas de Intelig\u00eancia Artificial (IA), como o Whisper, aliado \u00e0 acessibilidade do Google Colab, oferece uma solu\u00e7\u00e3o metodol\u00f3gica inovadora, permitindo a transcri\u00e7\u00e3o autom\u00e1tica de alta precis\u00e3o de grandes volumes de dados qualitativos. Essa ferramenta n\u00e3o apenas otimiza processos, mas tamb\u00e9m amplia as possibilidades de investiga\u00e7\u00e3o cr\u00edtica, garantindo reprodutibilidade e rigor metodol\u00f3gico.<\/span><\/p>\n<p><span style=\"color: #000000;\">Mais informa\u00e7\u00f5es em:\u00a0<a href=\"https:\/\/wp.ufpel.edu.br\/idad\/produtos\/produtos-tecnicos\/\" target=\"_blank\" rel=\"noopener\">https:\/\/wp.ufpel.edu.br\/idad\/produtos\/produtos-tecnicos\/<\/a><\/span><\/p>\n<p>&nbsp;<\/p>\n<p><span style=\"color: #000000;\"><strong>IV Simp\u00f3sio P\u00f3s-Estruturalismo e Teoria Social: Novas Reflex\u00f5es sobre as Democracias do Nosso Tempo<\/strong><\/span><\/p>\n<p><span style=\"color: #000000;\"><img class=\"wp-image-228 alignleft\" src=\"https:\/\/wp.ufpel.edu.br\/idad\/files\/2022\/02\/Imagem-cabecalho-WordPress-1500X845-400x225.png\" alt=\"\" width=\"225\" height=\"127\" srcset=\"https:\/\/wp.ufpel.edu.br\/idad\/files\/2022\/02\/Imagem-cabecalho-WordPress-1500X845-400x225.png 400w, https:\/\/wp.ufpel.edu.br\/idad\/files\/2022\/02\/Imagem-cabecalho-WordPress-1500X845-1024x577.png 1024w, https:\/\/wp.ufpel.edu.br\/idad\/files\/2022\/02\/Imagem-cabecalho-WordPress-1500X845-768x433.png 768w, https:\/\/wp.ufpel.edu.br\/idad\/files\/2022\/02\/Imagem-cabecalho-WordPress-1500X845.png 1500w\" sizes=\"(max-width: 225px) 100vw, 225px\" \/>O IV Simp\u00f3sio P\u00f3s-Estruturalismo e Teoria Social \u00e9 o evento internacional organizado pelo Grupo de Pesquisa Ideologia e An\u00e1lise de Discurso e pelo Programa de P\u00f3s-Gradua\u00e7\u00e3o em Ci\u00eancia Pol\u00edtica, do Instituto de Filosofia, Sociologia e Pol\u00edtica, da Universidade Federal de Pelotas, Pelotas, Brasil. Organizado a partir de confer\u00eancias, mesas redondas e grupos de trabalho, o objetivo do Simp\u00f3sio \u00e9 reunir pesquisadoras\/es do Brasil e do exterior para discuss\u00f5es em torno das mais diversas teorias situadas no campo do p\u00f3s-estruturalismo, em perspectiva transdisciplinar.\u00a0A tem\u00e1tica da quarta edi\u00e7\u00e3o \u2014 \u201cNovas Reflex\u00f5es Sobre as Democracias do Nosso Tempo\u201d \u2014 \u00e9 a \u201ccrise das democracias\u201d. Trata-se de um dos principais temas presentes no debate mundial sobre democracia, uma vez que levanta quest\u00f5es relacionadas aos seus limites e aos seus pontos de antagonismo.<\/span><\/p>\n<p><span style=\"color: #000000;\">Mais informa\u00e7\u00f5es em:<\/span> <a href=\"https:\/\/wp.ufpel.edu.br\/legadolaclau\/pt\/\">https:\/\/wp.ufpel.edu.br\/legadolaclau\/pt\/<\/a><\/p>\n<p>&nbsp;<\/p>\n<p><span style=\"color: #000000;\"><strong>Atividade de Ensino<\/strong><\/span><\/p>\n<p><img class=\"wp-image-224 alignleft\" src=\"https:\/\/wp.ufpel.edu.br\/idad\/files\/2022\/02\/Capa-Devenney-267x400.jpg\" alt=\"\" width=\"97\" height=\"145\" srcset=\"https:\/\/wp.ufpel.edu.br\/idad\/files\/2022\/02\/Capa-Devenney-267x400.jpg 267w, https:\/\/wp.ufpel.edu.br\/idad\/files\/2022\/02\/Capa-Devenney.jpg 500w\" sizes=\"(max-width: 97px) 100vw, 97px\" \/><span style=\"color: #000000;\"> O\u00a0Grupo de Estudos Ideologia e An\u00e1lise de Discurso inaugura o \u201cLeituras do GP IdAD\u201d propondo leitura apurada e cr\u00edtica do rec\u00e9m-lan\u00e7ado \u201cTowards an Improper Politics\u201d, de autoria do professor e pesquisador Mark Devenney (University of Brighton). A atividade \u00e9 organizada em encontros onde a obra ser\u00e1 debatida. O intuito da a\u00e7\u00e3o \u00e9 conhecer os meandros da an\u00e1lise p\u00f3s-fundacional realizada pelo autor e expandir a compreens\u00e3o dos\/as participantes acerca desta perspectiva te\u00f3rica. A atividade ser\u00e1 realizada de 31 de mar\u00e7o a 26 de junho de 2022.<\/span><\/p>\n<p>&nbsp;<\/p>\n<p><span style=\"color: #000000;\"><strong>III Simp\u00f3sio P\u00f3s-Estruturalismo e Teoria Social: Populismos e Democracias<\/strong><\/span><\/p>\n<p><span style=\"color: #000000;\"><img class=\"size-medium wp-image-172 alignleft\" src=\"https:\/\/wp.ufpel.edu.br\/idad\/files\/2019\/10\/III-Simp\u00f3sio.-400x116.png\" alt=\"\" width=\"400\" height=\"116\" srcset=\"https:\/\/wp.ufpel.edu.br\/idad\/files\/2019\/10\/III-Simp\u00f3sio.-400x116.png 400w, https:\/\/wp.ufpel.edu.br\/idad\/files\/2019\/10\/III-Simp\u00f3sio.-768x222.png 768w, https:\/\/wp.ufpel.edu.br\/idad\/files\/2019\/10\/III-Simp\u00f3sio..png 914w\" sizes=\"(max-width: 400px) 100vw, 400px\" \/>O <em>III Simp\u00f3sio P\u00f3s-Estruturalismo e Teoria Social: Populismos e Democracias<\/em> \u00e9 um evento internacional organizado pelo Grupo de Pesquisa Ideologia e An\u00e1lise de Discurso e pelo Programa de P\u00f3s-Gradua\u00e7\u00e3o em Ci\u00eancia Pol\u00edtica, do Instituto de Filosofia, Sociologia e Pol\u00edtica, da Universidade Federal de Pelotas, Pelotas, Brasil. Organizado a partir de confer\u00eancias, mesas redondas e grupos de trabalho, o objetivo do Simp\u00f3sio \u00e9 reunir pesquisadores do Brasil e do exterior para discuss\u00f5es em torno das mais diversas abordagens te\u00f3ricas situadas no campo do p\u00f3s-estruturalismo, numa perspectiva transdisciplinar.\u00a0Nesta edi\u00e7\u00e3o, o tema central ser\u00e1 \u201cPopulismos e Democracias\u201d. Trata-se de uma tem\u00e1tica que deve ser entendida no plural. Nesse sentido, uma vez que h\u00e1 diversas experi\u00eancias populistas e democr\u00e1ticas, qualquer tentativa de definir os termos \u201cpopulismo\u201d e \u201cdemocracia\u201d ser\u00e1 sempre um intento reducionista e in\u00fatil. H\u00e1 populismos n\u00e3o democr\u00e1ticos e excludentes, mas tamb\u00e9m h\u00e1 populismos populares e inclusivos. Da mesma forma, testemunhamos, cada vez mais, experi\u00eancias democr\u00e1ticas que limitam ou at\u00e9 mesmo excluem a participa\u00e7\u00e3o popular.\u00a0<\/span><br \/>\n<span style=\"color: #000000;\">Mais informa\u00e7\u00f5es em:\u00a0<a href=\"https:\/\/wp.ufpel.edu.br\/legadolaclau\/pt\/eventos-anteriores\/anais-do-simposio-pos-estruturalismo-e-teria-social-2019\/\">https:\/\/wp.ufpel.edu.br\/legadolaclau\/pt\/eventos-anteriores\/anais-do-simposio-pos-estruturalismo-e-teria-social-2019\/<\/a><\/span><\/p>\n<p>&nbsp;<\/p>\n<p><span style=\"color: #000000;\"><strong>II Simp\u00f3sio P\u00f3s-Estruturalismo e Teoria Social: Ernesto Laclau e seus interlocutores<\/strong><\/span><br \/>\n<span style=\"color: #000000;\"><img class=\"size-medium wp-image-46 alignleft\" src=\"https:\/\/wp.ufpel.edu.br\/idad\/files\/2017\/05\/A2-424x110.png\" alt=\"\" width=\"424\" height=\"110\" srcset=\"https:\/\/wp.ufpel.edu.br\/idad\/files\/2017\/05\/A2-424x110.png 424w, https:\/\/wp.ufpel.edu.br\/idad\/files\/2017\/05\/A2-212x55.png 212w, https:\/\/wp.ufpel.edu.br\/idad\/files\/2017\/05\/A2-768x198.png 768w, https:\/\/wp.ufpel.edu.br\/idad\/files\/2017\/05\/A2.png 1246w\" sizes=\"(max-width: 424px) 100vw, 424px\" \/><\/span><br \/>\n<span style=\"color: #000000;\">O <em>II Simp\u00f3sio p\u00f3s-estruturalismo e teoria social: Ernesto Laclau e seus interlocutores<\/em> \u00e9 o evento internacional organizado pelo Grupo de Pesquisa Ideologia e An\u00e1lise de Discurso e pelos Programas de P\u00f3s-Gradua\u00e7\u00e3o em Ci\u00eancia Pol\u00edtica e em Sociologia, do Instituto de Filosofia, Sociologia e Pol\u00edtica, da Universidade Federal de Pelotas, Brasil. Organizado a partir de confer\u00eancias, mesas redondas e grupos de trabalho, o objetivo do Simp\u00f3sio \u00e9 reunir pesquisadores brasileiros e estrangeiros para discuss\u00f5es em torno da teoria do discurso do fil\u00f3sofo pol\u00edtico argentino, Ernesto Laclau, numa perspectiva transdisciplinar. Ernesto Laclau foi um dos mais influentes intelectuais da segunda metade do s\u00e9culo XX e do in\u00edcio deste s\u00e9culo. Entre outras obras, \u00e9 autor, em colabora\u00e7\u00e3o com Chantal Mouffe, da obra seminal <em>Hegemonia e Estrat\u00e9gia Socialista: por uma pol\u00edtica democr\u00e1tica radical<\/em> (Intermeios, 2015) e de <em>A Raz\u00e3o Populista<\/em> (Tr\u00eas Estrelas, 2013).<\/span><br \/>\n<span style=\"color: #000000;\">Mais informa\u00e7\u00f5es em:<\/span><br \/>\n<a href=\"https:\/\/wp.ufpel.edu.br\/legadolaclau\/pt\/eventos-anteriores\/anais-do-simposio-pos-estruturalismo-e-teoria-sociall\/\">https:\/\/wp.ufpel.edu.br\/legadolaclau\/pt\/eventos-anteriores\/anais-do-simposio-pos-estruturalismo-e-teoria-sociall\/<\/a><\/p>\n<p>&nbsp;<\/p>\n<p><span style=\"color: #000000;\"><strong>Curso de Extens\u00e3o<\/strong><\/span><br \/>\n<span style=\"color: #000000;\"><a style=\"color: #000000;\" href=\"https:\/\/wp.ufpel.edu.br\/ppgcienciapolitica\/files\/2016\/09\/Logo-IdAD-424x315.jpg\"><img class=\"wp-image-962 alignleft\" src=\"https:\/\/wp.ufpel.edu.br\/ppgcienciapolitica\/files\/2016\/09\/Logo-IdAD-424x315.jpg\" alt=\"logo-idad-424x315\" width=\"95\" height=\"70\" \/><\/a>O Grupo de Pesquisa Ideologia e An\u00e1lise de Discurso promove o Curso de Extens\u00e3o \u201cPol\u00edtica e Psican\u00e1lise\u201d, dias 03 e 04 de outubro de 2016, com inscri\u00e7\u00f5es gratuitas.<\/span><br \/>\n<span style=\"color: #000000;\">Maiores informa\u00e7\u00f5es em:<\/span> <a href=\"https:\/\/wp.ufpel.edu.br\/psicanalisepolitica\/\">https:\/\/wp.ufpel.edu.br\/psicanalisepolitica\/<\/a><\/p>\n<p>&nbsp;<\/p>\n<p><span style=\"color: #000000;\"><strong>I Simp\u00f3sio P\u00f3s-Estruturalismo e Teoria Social: o legado transdisciplinar de Ernesto Laclau<\/strong><\/span><br \/>\n<span style=\"color: #000000;\"><img class=\"size-medium wp-image-45 alignleft\" src=\"https:\/\/wp.ufpel.edu.br\/idad\/files\/2017\/05\/I-Simp\u00f3sio-424x110.jpg\" alt=\"\" width=\"424\" height=\"110\" srcset=\"https:\/\/wp.ufpel.edu.br\/idad\/files\/2017\/05\/I-Simp\u00f3sio-424x110.jpg 424w, https:\/\/wp.ufpel.edu.br\/idad\/files\/2017\/05\/I-Simp\u00f3sio-212x55.jpg 212w, https:\/\/wp.ufpel.edu.br\/idad\/files\/2017\/05\/I-Simp\u00f3sio-768x198.jpg 768w, https:\/\/wp.ufpel.edu.br\/idad\/files\/2017\/05\/I-Simp\u00f3sio.jpg 1231w\" sizes=\"(max-width: 424px) 100vw, 424px\" \/>O <em>I Simp\u00f3sio p\u00f3s-estruturalismo e teoria social: o legado transdisciplinar de Ernesto Laclau<\/em> \u00e9 o evento internacional organizado pelos Programas de P\u00f3s-Gradua\u00e7\u00e3o em Ci\u00eancia Pol\u00edtica e em Sociologia, do Instituto de Filosofia, Sociologia e Pol\u00edtica, da Universidade Federal de Pelotas, Brasil. Organizado a partir de confer\u00eancias, mesas redondas e grupos de trabalho, o objetivo do Simp\u00f3sio \u00e9 reunir pesquisadores para discuss\u00f5es em torno da teoria do discurso do fil\u00f3sofo pol\u00edtico argentino, Ernesto Laclau, numa perspectiva transdisciplinar. Ernesto Laclau tem sido um dos mais influentes intelectuais da segunda metade do s\u00e9culo XX e do in\u00edcio deste s\u00e9culo. Autor, em 1985, em colabora\u00e7\u00e3o com Chantal Mouffe, da obra seminal <em>Hegemonia e Estrat\u00e9gia Socialista: por uma pol\u00edtica democr\u00e1tica radical<\/em>, seu pensamento tem extrapolado o plano acad\u00eamico e influenciado importantes lideran\u00e7as pol\u00edticas, movimentos sociais e acontecimentos das pol\u00edticas latino-americana e europeia. Laclau \u00e9 recorrentemente lembrado como o te\u00f3rico defensor do populismo de esquerda dos governos Hugo Ch\u00e1vez, na Venezuela, Evo Morales, na Bol\u00edvia e dos argentinos N\u00e9stor e Cristina Kirchner.<\/span><\/p>\n<p><span style=\"color: #000000;\">Mais informa\u00e7\u00f5es em:\u00a0<a href=\"https:\/\/wp.ufpel.edu.br\/legadolaclau\/pt\/eventos-anteriores\/anais-do-simposio-pos-estruturalismo-e-teoria-social\/\">https:\/\/wp.ufpel.edu.br\/legadolaclau\/pt\/eventos-anteriores\/anais-do-simposio-pos-estruturalismo-e-teoria-social\/<\/a><\/span><\/p>\n<p><span style=\"color: #000000;\">Acesse tamb\u00e9m o <\/span><a href=\"https:\/\/wp.ufpel.edu.br\/idad\/files\/2017\/05\/Caderno-de-Resumos-I-SIMP\u00d3SIO.pdf\">Caderno de Resumos do I SIMP\u00d3SIO<\/a>.<\/p>\n","protected":false},"excerpt":{"rendered":"<p>Minicurso: OpenAI Whisper &#8211; transcri\u00e7\u00e3o autom\u00e1tica para pesquisa A an\u00e1lise de pronunciamentos, entrevistas e outros registros em \u00e1udio e\/ou v\u00eddeo \u00e9 fundamental para pesquisas em Ci\u00eancia Pol\u00edtica e \u00e1reas afins das humanidades. Tradicionalmente, a transcri\u00e7\u00e3o manual desses materiais demanda tempo e recursos, limitando a escala das an\u00e1lises. O uso de ferramentas de Intelig\u00eancia Artificial (IA), [&hellip;]<\/p>\n","protected":false},"author":689,"featured_media":0,"parent":0,"menu_order":0,"comment_status":"closed","ping_status":"closed","template":"","meta":{"advanced_seo_description":"","jetpack_seo_html_title":"","jetpack_seo_noindex":false,"footnotes":""},"class_list":["post-37","page","type-page","status-publish","hentry"],"jetpack_sharing_enabled":true,"jetpack_shortlink":"https:\/\/wp.me\/PgDXwR-B","_links":{"self":[{"href":"https:\/\/wp.ufpel.edu.br\/idad\/wp-json\/wp\/v2\/pages\/37","targetHints":{"allow":["GET"]}}],"collection":[{"href":"https:\/\/wp.ufpel.edu.br\/idad\/wp-json\/wp\/v2\/pages"}],"about":[{"href":"https:\/\/wp.ufpel.edu.br\/idad\/wp-json\/wp\/v2\/types\/page"}],"author":[{"embeddable":true,"href":"https:\/\/wp.ufpel.edu.br\/idad\/wp-json\/wp\/v2\/users\/689"}],"replies":[{"embeddable":true,"href":"https:\/\/wp.ufpel.edu.br\/idad\/wp-json\/wp\/v2\/comments?post=37"}],"version-history":[{"count":27,"href":"https:\/\/wp.ufpel.edu.br\/idad\/wp-json\/wp\/v2\/pages\/37\/revisions"}],"predecessor-version":[{"id":1034,"href":"https:\/\/wp.ufpel.edu.br\/idad\/wp-json\/wp\/v2\/pages\/37\/revisions\/1034"}],"wp:attachment":[{"href":"https:\/\/wp.ufpel.edu.br\/idad\/wp-json\/wp\/v2\/media?parent=37"}],"curies":[{"name":"wp","href":"https:\/\/api.w.org\/{rel}","templated":true}]}}