{"id":34,"date":"2017-05-10T16:37:11","date_gmt":"2017-05-10T19:37:11","guid":{"rendered":"https:\/\/wp.ufpel.edu.br\/idad\/?page_id=34"},"modified":"2023-09-12T18:25:24","modified_gmt":"2023-09-12T21:25:24","slug":"livros","status":"publish","type":"page","link":"https:\/\/wp.ufpel.edu.br\/idad\/produtos\/livros\/","title":{"rendered":"Livros"},"content":{"rendered":"<p><img class=\"alignnone wp-image-273 alignleft\" src=\"https:\/\/wp.ufpel.edu.br\/idad\/files\/2023\/09\/Capa-livro-2023-278x400.jpeg\" alt=\"\" width=\"182\" height=\"262\" srcset=\"https:\/\/wp.ufpel.edu.br\/idad\/files\/2023\/09\/Capa-livro-2023-278x400.jpeg 278w, https:\/\/wp.ufpel.edu.br\/idad\/files\/2023\/09\/Capa-livro-2023.jpeg 454w\" sizes=\"(max-width: 182px) 100vw, 182px\" \/><\/p>\n<p>Detalhes do livro<\/p>\n<p><strong>Editora:<\/strong>\u00a0INTERMEIOS<br \/>\n<strong>ISBN:<\/strong>978-65-86255-96-6<br \/>\n<strong>Ano de edi\u00e7\u00e3o: 2023<br \/>\n<strong>N\u00famero de p\u00e1ginas:<\/strong> 182<br \/>\n<strong>Formato do Livro:<\/strong>\u00a016&#215;23 cm<\/strong><\/p>\n<div class=\"page\" title=\"Page 4\">\n<div class=\"layoutArea\">\n<div class=\"column\"><\/div>\n<\/div>\n<\/div>\n<p>&nbsp;<\/p>\n<p>&nbsp;<\/p>\n<p>&nbsp;<\/p>\n<p><img class=\"wp-image-239 alignleft\" src=\"https:\/\/wp.ufpel.edu.br\/idad\/files\/2023\/05\/Captura-de-Tela-2023-05-09-as-18.38.33-269x400.png\" alt=\"\" width=\"188\" height=\"279\" srcset=\"https:\/\/wp.ufpel.edu.br\/idad\/files\/2023\/05\/Captura-de-Tela-2023-05-09-as-18.38.33-269x400.png 269w, https:\/\/wp.ufpel.edu.br\/idad\/files\/2023\/05\/Captura-de-Tela-2023-05-09-as-18.38.33.png 404w\" sizes=\"(max-width: 188px) 100vw, 188px\" \/><\/p>\n<p>Detalhes do livro<\/p>\n<p><strong>Editora:<\/strong>\u00a0INTERMEIOS<br \/>\n<strong>ISBN:<\/strong>978-65-86255-53-9<br \/>\n<strong>Ano de edi\u00e7\u00e3o:<\/strong> 2021<br \/>\n<strong>N\u00famero de p\u00e1ginas:<\/strong> 226<br \/>\n<strong>Formato do Livro:<\/strong>\u00a016&#215;23 cm<\/p>\n<p>&nbsp;<\/p>\n<p>&nbsp;<\/p>\n<p>&nbsp;<\/p>\n<p>&nbsp;<\/p>\n<p><img class=\"wp-image-237 alignleft\" src=\"https:\/\/wp.ufpel.edu.br\/idad\/files\/2023\/05\/5d904f_1374886012d9429e85ddb70eda2ef3bfmv2-279x400.png\" alt=\"\" width=\"195\" height=\"280\" srcset=\"https:\/\/wp.ufpel.edu.br\/idad\/files\/2023\/05\/5d904f_1374886012d9429e85ddb70eda2ef3bfmv2-279x400.png 279w, https:\/\/wp.ufpel.edu.br\/idad\/files\/2023\/05\/5d904f_1374886012d9429e85ddb70eda2ef3bfmv2.png 301w\" sizes=\"(max-width: 195px) 100vw, 195px\" \/>Detalhes do livro<\/p>\n<p><strong>Editora:<\/strong>\u00a0INTERMEIOS<br \/>\n<strong>ISBN:<\/strong>978-85-8499-064-1<br \/>\n<strong>Ano de edi\u00e7\u00e3o:<\/strong>\u00a02017<br \/>\n<strong>N\u00famero de p\u00e1ginas:<\/strong>\u00a0158<br \/>\n<strong>Formato do Livro:<\/strong>\u00a016&#215;23 cm<\/p>\n<p>&nbsp;<\/p>\n<p>&nbsp;<\/p>\n<p>&nbsp;<\/p>\n<p>&nbsp;<\/p>\n<p><img class=\"wp-image-236 alignleft\" src=\"https:\/\/wp.ufpel.edu.br\/idad\/files\/2023\/05\/Silva-et-al-278x400.jpg\" alt=\"\" width=\"200\" height=\"288\" srcset=\"https:\/\/wp.ufpel.edu.br\/idad\/files\/2023\/05\/Silva-et-al-278x400.jpg 278w, https:\/\/wp.ufpel.edu.br\/idad\/files\/2023\/05\/Silva-et-al-712x1024.jpg 712w, https:\/\/wp.ufpel.edu.br\/idad\/files\/2023\/05\/Silva-et-al-768x1104.jpg 768w, https:\/\/wp.ufpel.edu.br\/idad\/files\/2023\/05\/Silva-et-al-1069x1536.jpg 1069w, https:\/\/wp.ufpel.edu.br\/idad\/files\/2023\/05\/Silva-et-al-1425x2048.jpg 1425w, https:\/\/wp.ufpel.edu.br\/idad\/files\/2023\/05\/Silva-et-al-scaled.jpg 1781w\" sizes=\"(max-width: 200px) 100vw, 200px\" \/>Detalhes do livro<\/p>\n<p><strong>Editora:<\/strong>\u00a0EDITORA CRV<br \/>\n<strong>ISBN:<\/strong>978-85-444-1119-3<br \/>\n<strong>Ano de edi\u00e7\u00e3o:<\/strong>\u00a02017<br \/>\n<strong>N\u00famero de p\u00e1ginas:<\/strong>\u00a0238<br \/>\n<strong>Formato do Livro:<\/strong>\u00a016&#215;23 cm<\/p>\n","protected":false},"excerpt":{"rendered":"<p>Detalhes do livro Editora:\u00a0INTERMEIOS ISBN:978-65-86255-96-6 Ano de edi\u00e7\u00e3o: 2023 N\u00famero de p\u00e1ginas: 182 Formato do Livro:\u00a016&#215;23 cm &nbsp; &nbsp; &nbsp; Detalhes do livro Editora:\u00a0INTERMEIOS ISBN:978-65-86255-53-9 Ano de edi\u00e7\u00e3o: 2021 N\u00famero de p\u00e1ginas: 226 Formato do Livro:\u00a016&#215;23 cm &nbsp; &nbsp; &nbsp; &nbsp; Detalhes do livro Editora:\u00a0INTERMEIOS ISBN:978-85-8499-064-1 Ano de edi\u00e7\u00e3o:\u00a02017 N\u00famero de p\u00e1ginas:\u00a0158 Formato do Livro:\u00a016&#215;23 [&hellip;]<\/p>\n","protected":false},"author":689,"featured_media":0,"parent":17,"menu_order":0,"comment_status":"closed","ping_status":"closed","template":"","meta":{"advanced_seo_description":"","jetpack_seo_html_title":"","jetpack_seo_noindex":false,"footnotes":""},"class_list":["post-34","page","type-page","status-publish","hentry"],"jetpack_sharing_enabled":true,"jetpack_shortlink":"https:\/\/wp.me\/PgDXwR-y","_links":{"self":[{"href":"https:\/\/wp.ufpel.edu.br\/idad\/wp-json\/wp\/v2\/pages\/34","targetHints":{"allow":["GET"]}}],"collection":[{"href":"https:\/\/wp.ufpel.edu.br\/idad\/wp-json\/wp\/v2\/pages"}],"about":[{"href":"https:\/\/wp.ufpel.edu.br\/idad\/wp-json\/wp\/v2\/types\/page"}],"author":[{"embeddable":true,"href":"https:\/\/wp.ufpel.edu.br\/idad\/wp-json\/wp\/v2\/users\/689"}],"replies":[{"embeddable":true,"href":"https:\/\/wp.ufpel.edu.br\/idad\/wp-json\/wp\/v2\/comments?post=34"}],"version-history":[{"count":9,"href":"https:\/\/wp.ufpel.edu.br\/idad\/wp-json\/wp\/v2\/pages\/34\/revisions"}],"predecessor-version":[{"id":274,"href":"https:\/\/wp.ufpel.edu.br\/idad\/wp-json\/wp\/v2\/pages\/34\/revisions\/274"}],"up":[{"embeddable":true,"href":"https:\/\/wp.ufpel.edu.br\/idad\/wp-json\/wp\/v2\/pages\/17"}],"wp:attachment":[{"href":"https:\/\/wp.ufpel.edu.br\/idad\/wp-json\/wp\/v2\/media?parent=34"}],"curies":[{"name":"wp","href":"https:\/\/api.w.org\/{rel}","templated":true}]}}