{"id":31,"date":"2017-05-10T16:36:11","date_gmt":"2017-05-10T19:36:11","guid":{"rendered":"https:\/\/wp.ufpel.edu.br\/idad\/?page_id=31"},"modified":"2025-08-03T00:57:16","modified_gmt":"2025-08-03T03:57:16","slug":"artigos","status":"publish","type":"page","link":"https:\/\/wp.ufpel.edu.br\/idad\/produtos\/artigos\/","title":{"rendered":"Artigos"},"content":{"rendered":"<p><span style=\"color: #000000;\">MENDON\u00c7A, Daniel de. \u00bfPor qu\u00e9 el bolsonarismo no ser\u00eda populista?. Studia Politic\u00e6, [S. l.], n. 60, p. 301\u2013335, 2024. Dispon\u00edvel em: <a href=\"https:\/\/revistas.bibdigital.uccor.edu.ar\/index.php\/SP\/article\/view\/5560\">https:\/\/revistas.bibdigital.uccor.edu.ar\/index.php\/SP\/article\/view\/5560<\/a>.<\/span><\/p>\n<p>&nbsp;<\/p>\n<p><span style=\"color: #000000;\">LINHARES, Bianca de Freitas; SILVA, Lucas Garcia da. An\u00e1lise de Discurso e An\u00e1lise de Conte\u00fado: possibilidade de triangula\u00e7\u00e3o aplicada em uma pesquisa p\u00f3s-estruturalista. <em>Revista Estudos Pol\u00edticos<\/em>, v. 14, n. 28, p. 107-130, 2023.<\/span><br \/>\n<a href=\"https:\/\/periodicos.uff.br\/revista_estudos_politicos\/article\/view\/59481\/36253\">https:\/\/periodicos.uff.br\/revista_estudos_politicos\/article\/view\/59481\/36253<\/a><\/p>\n<p>&nbsp;<\/p>\n<p><span style=\"color: #000000;\">SILVA, Lucas Garcia da. A ideologia das pol\u00edticas dos parlamentares do (P)MDB em 2015 e 2016. <em>Revista Eletr\u00f4nica de Ci\u00eancia Pol\u00edtica<\/em>, v. 12, n. 1, p. 109-126, 2021.<\/span><br \/>\n<a href=\"http:\/\/10.5380\/recp.v12i1.78636\">10.5380\/recp.v12i1.<wbr \/>78636<\/a><\/p>\n<p>&nbsp;<\/p>\n<p><span style=\"color: #000000;\">LINHARES, Bianca de Freitas; MENDON\u00c7A, Daniel de; SANTOS, Carolina C. dos; SILVA, Lucas Garcia da; PUYO, Simone Muniz. O comportamento ideol\u00f3gico do PMDB na C\u00e2mara dos Deputados em 2013. <em>Opini\u00e3o P\u00fablica<\/em>, v. 26, n. 2, p. 180-216, maio-ago. 2020.<\/span><br \/>\n<a href=\"https:\/\/www.cesop.unicamp.br\/por\/opiniao_publica\/artigo\/656\">https:\/\/www.cesop.unicamp.br\/por\/opiniao_publica\/artigo\/656<\/a><\/p>\n<p>&nbsp;<\/p>\n<p><span style=\"color: #000000;\">MENDON\u00c7A, Daniel de; LINHARES, Bianca de Freitas. Comunistas?<br \/>\n<\/span><span style=\"color: #000000;\">Uma an\u00e1lise dos projetos de lei dos deputados federais do PCdoB e PPS. <em>Revista Brasileira de Ci\u00eancia Pol\u00edtica<\/em>, n. 31, p. 41-82, jan.-abr. 2020.<\/span><br \/>\n<a href=\"https:\/\/doi.org\/10.1590\/0103-335220203102\">https:\/\/doi.org\/10.1590\/0103-335220203102<\/a>.<\/p>\n<p>&nbsp;<\/p>\n<p><span style=\"color: #000000;\">PARZIANELLO, Sandra Barbosa. O populismo pela an\u00e1lise p\u00f3s-estruturalista laclauniana. <em>Revista<\/em> <em>Aurora <\/em>(PUCSP. Online), v. 12, p. 79-94, 2020.<\/span><br \/>\n<a href=\"https:\/\/revistas.pucsp.br\/aurora\/article\/view\/46415\">https:\/\/revistas.pucsp.br\/aurora\/article\/view\/46415<\/a><\/p>\n<p>&nbsp;<\/p>\n<p><span style=\"color: #000000;\">PARZIANELLO, Geder L. ; PARZIANELLO, Sandra Barbosa. Ficar em casa ou ir \u00e0s ruas. <em>Revista Metalinguagens<\/em>, v. 7, 2020, p. 169-196.<\/span><br \/>\n<a href=\"http:\/\/seer.spo.ifsp.edu.br\/index.php\/metalinguagens\/article\/view\/748\">http:\/\/seer.spo.ifsp.edu.br\/index.php\/metalinguagens\/article\/view\/748<\/a><\/p>\n<p>&nbsp;<\/p>\n<p><span style=\"color: #000000;\">PARZIANELLO, Sandra Barbosa. Perspectiva sobre o discurso pol\u00edtico. <em>Revista Metalinguagens<\/em>, v. 7, 2020, p. 374-392.<\/span><br \/>\n<a href=\"http:\/\/seer.spo.ifsp.edu.br\/index.php\/metalinguagens\/issue\/view\/51\">http:\/\/seer.spo.ifsp.edu.br\/index.php\/metalinguagens\/issue\/view\/51<\/a><\/p>\n<p>&nbsp;<\/p>\n<p><span style=\"color: #000000;\">BARON, Let\u00edcia; SILVA, Luis Gustavo Teixeira. O Impeachment nas democracias contempor\u00e2neas. <em>Revista Brasileira De Ci\u00eancias Sociais <\/em>(online), v. 35, 2020, p. 1-6.<\/span><br \/>\n<a href=\"https:\/\/www.scielo.br\/scielo.php?pid=S0102-69092020000200703&amp;script=sci_arttext\">https:\/\/www.scielo.br\/scielo.php?pid=S0102-69092020000200703&amp;script=sci_arttext<\/a><\/p>\n<p>&nbsp;<\/p>\n<p><span style=\"color: #000000;\">BARON, Let\u00edcia. Se empurrar, ela cai: as grandes manifesta\u00e7\u00f5es pr\u00f3-impeachment e a constru\u00e7\u00e3o discursiva dos Movimentos Brasil Livre, Vem pra Rua, Revoltados Online e Endireita Brasil. <em>Revista Simbi\u00f3tica<\/em>, v. 6, 2020, p. 191-217.<\/span><br \/>\n<a href=\"https:\/\/periodicos.ufes.br\/index.php\/simbiotica\/article\/view\/28447\">https:\/\/periodicos.ufes.br\/index.php\/simbiotica\/article\/view\/28447<\/a><\/p>\n<p>&nbsp;<\/p>\n<p><span style=\"color: #000000;\">DA SILVA, Lucas Garcia; LINHARES, Bianca de Freitas. As perspectivas Liberal e N\u00e3o Liberal do Populismo: notas introdut\u00f3rias. <em>Revista Aurora<\/em>, v. 12, n. 36, 2020, p. 65-78.<\/span><br \/>\n<a href=\"https:\/\/revistas.pucsp.br\/aurora\/article\/view\/46621\/pdf\">https:\/\/revistas.pucsp.br\/aurora\/article\/view\/46621\/pdf<\/a><\/p>\n<p>&nbsp;<\/p>\n<p><span style=\"color: #000000;\">LUZ, Michele. Brazil: The politicization of a pandemic and the search for order amidst the chaos. Interfere Journal. May, 2020.<\/span>\u00a0<a href=\"https:\/\/interferejournal.org\/2020\/05\/29\/brazil-the-politicization-of-a-pandemic\/\">https:\/\/interferejournal.org\/2020\/05\/29\/brazil-the-politicization-of-a-pandemic\/<\/a><\/p>\n<p>&nbsp;<\/p>\n<p><span style=\"color: #000000;\">LUZ, Michele. For a Left Populism de Chantal Mouffe. <em>Revista Ensaios<\/em>, v. 15, n. 2, 2019, p. 182-187.<\/span><br \/>\n<a href=\"https:\/\/periodicos.uff.br\/ensaios\/article\/view\/43007\/pdf\">https:\/\/periodicos.uff.br\/ensaios\/article\/view\/43007\/pdf<\/a><\/p>\n<p>&nbsp;<\/p>\n<p><span style=\"color: #000000;\">LUZ, Michele. O momento populista: A sa\u00edda \u00e9 \u00e0 Esquerda. <em>Revista Teoria &amp; Pesquisa<\/em>, v. 28, n. 3, 2019, p. 118-124.<\/span><br \/>\n<a href=\"http:\/\/dx.doi.org\/10.31068\/tp.28306\">http:\/\/dx.doi.org\/10.31068\/tp.28306<\/a><\/p>\n<p>&nbsp;<\/p>\n<p><span style=\"color: #000000;\">PARZIANELLO, Sandra R.B.\u00a0Forma\u00e7\u00f5es Discursivas na Comunica\u00e7\u00e3o N\u00e3o Violenta. <em>RELACult<\/em>, v. 5, ed. especial, abr. 2019, p. 1-10.<\/span><br \/>\n<a href=\"http:\/\/periodicos.claec.org\/index.php\/relacult\/article\/view\/1355\">http:\/\/periodicos.claec.org\/index.php\/relacult\/article\/view\/1355<\/a><\/p>\n<p>&nbsp;<\/p>\n<p style=\"text-align: left;\"><span style=\"color: #000000;\">LUZ, Michele. The populist moment. [Tradu\u00e7\u00e3o]. Texto original: The populist moment. Chantal Mouffe. <em>Revista Simbi\u00f3tica<\/em>, v. 6, n. 1, jan.-jun. 2019, p. 06-11.<\/span> <a href=\"http:\/\/periodicos.ufes.br\/simbiotica\/article\/view\/27199\/18350\">http:\/\/periodicos.ufes.br\/simbiotica\/article\/view\/27199\/18350<\/a><\/p>\n<p>&nbsp;<\/p>\n<p><span style=\"color: #000000;\">BARON, Let\u00edcia <em>et al<\/em>. Presen\u00e7a LGBT nos Partidos Pol\u00edticos: Relato de Experi\u00eancia do 1\u00ba Semin\u00e1rio Nacional de Participa\u00e7\u00e3o Pol\u00edtica LGBT. <i>SEXUALIDADE E POL\u00cdTICA: Revista Brasileira de Pol\u00edticas P\u00fablicas LGBTI+<\/i>, v. 1, n. 1, jan.-jun. 2019, p. 404-417.<\/span><br \/>\n<a href=\"https:\/\/revista.todxs.org\/wp-content\/uploads\/2019\/09\/22-Presen\u00e7a-LGBT-nos-Partidos-Pol\u00edticos.pdf\">https:\/\/revista.todxs.org\/wp-content\/uploads\/2019\/09\/22-Presen\u00e7a-LGBT-nos-Partidos-Pol\u00edticos.pdf<\/a><\/p>\n<p>&nbsp;<\/p>\n<p><span style=\"color: #000000;\">PARZIANELLO, Sandra R.B; PARZIANELLO, Geder L.\u00a0Comunica\u00e7\u00e3o N\u00e3o Violenta: um paradigma pelo fortalecimento da democracia.\u00a0<\/span><em><span style=\"color: #000000;\">Cadernos Adenauer<\/span><\/em><span style=\"color: #000000;\">, n. 4, 2019, p. 75-91.<\/span><br \/>\n<a href=\"https:\/\/www.kas.de\/documents\/265553\/265602\/KA+Cad+2019.4+miolo.pdf\/66a4a0b3-2289-d0ba-189c-9296ba78f91f?version=1.0&amp;t=1578512142343\">https:\/\/www.kas.de\/documents\/265553\/265602\/KA+Cad+2019.4+miolo.pdf\/66a4a0b3-2289-d0ba-189c-9296ba78f91f?version=1.0&amp;t=1578512142343<\/a><\/p>\n<p>&nbsp;<\/p>\n<p><span style=\"color: #000000;\">BARON, Let\u00edcia. Os novos movimentos de direita no Brasil e o discurso anti-partid\u00e1rio: ambival\u00eancias e contradi\u00e7\u00f5es. <i>Leviathan (S\u00e3o Paulo)<\/i>, v. 13, 2018, p. 1-29. <\/span><br \/>\n<a href=\"https:\/\/doi.org\/10.11606\/issn.2237-4485.lev.2016.144658\">https:\/\/doi.org\/10.11606\/issn.2237-4485.lev.2016.144658<\/a><\/p>\n<p>&nbsp;<\/p>\n<p style=\"text-align: left;\"><span style=\"color: #000000;\">BARON, Let\u00edcia; LUZ, Michele. Redes sociais e m\u00eddia tradicional: Disputa e articula\u00e7\u00e3o na significa\u00e7\u00e3o do impeachment de Dilma Rousseff. <em>Revista de Ci\u00eancias do Estado<\/em>, v. 3, n. 1, 2018, p. 366-388. <\/span><a href=\"https:\/\/periodicos.ufmg.br\/index.php\/revice\/article\/view\/5099\/3157\">https:\/\/periodicos.ufmg.br\/index.php\/revice\/article\/view\/5099\/3157<\/a><\/p>\n<p>&nbsp;<\/p>\n<p><span style=\"color: #000000;\">PARZIANELLO, Sandra R.B; PARZIANELLO, Geder L. \u00bfQUI\u00c9N TE FALTA? As m\u00e3es da Pra\u00e7a de Maio na Argentina e a mem\u00f3ria do autoritarismo contra os seus direitos.\u00a0<\/span><span style=\"color: #000000;\"><em>MISS\u00d5ES: Revista de Ci\u00eancias Humanas e Sociais<\/em>, v. 4, n. 1, ed. especial, 2018, p. 1-13.<\/span><br \/>\n<a href=\"http:\/\/publicase.unipampa.edu.br\/index.php\/missoes\/\">http:\/\/publicase.unipampa.edu.br\/index.php\/missoes\/<\/a><\/p>\n<p>&nbsp;<\/p>\n","protected":false},"excerpt":{"rendered":"<p>MENDON\u00c7A, Daniel de. \u00bfPor qu\u00e9 el bolsonarismo no ser\u00eda populista?. Studia Politic\u00e6, [S. l.], n. 60, p. 301\u2013335, 2024. Dispon\u00edvel em: https:\/\/revistas.bibdigital.uccor.edu.ar\/index.php\/SP\/article\/view\/5560. &nbsp; LINHARES, Bianca de Freitas; SILVA, Lucas Garcia da. An\u00e1lise de Discurso e An\u00e1lise de Conte\u00fado: possibilidade de triangula\u00e7\u00e3o aplicada em uma pesquisa p\u00f3s-estruturalista. Revista Estudos Pol\u00edticos, v. 14, n. 28, p. 107-130, [&hellip;]<\/p>\n","protected":false},"author":689,"featured_media":0,"parent":17,"menu_order":0,"comment_status":"closed","ping_status":"closed","template":"","meta":{"advanced_seo_description":"","jetpack_seo_html_title":"","jetpack_seo_noindex":false,"footnotes":""},"class_list":["post-31","page","type-page","status-publish","hentry"],"jetpack_sharing_enabled":true,"jetpack_shortlink":"https:\/\/wp.me\/PgDXwR-v","_links":{"self":[{"href":"https:\/\/wp.ufpel.edu.br\/idad\/wp-json\/wp\/v2\/pages\/31","targetHints":{"allow":["GET"]}}],"collection":[{"href":"https:\/\/wp.ufpel.edu.br\/idad\/wp-json\/wp\/v2\/pages"}],"about":[{"href":"https:\/\/wp.ufpel.edu.br\/idad\/wp-json\/wp\/v2\/types\/page"}],"author":[{"embeddable":true,"href":"https:\/\/wp.ufpel.edu.br\/idad\/wp-json\/wp\/v2\/users\/689"}],"replies":[{"embeddable":true,"href":"https:\/\/wp.ufpel.edu.br\/idad\/wp-json\/wp\/v2\/comments?post=31"}],"version-history":[{"count":10,"href":"https:\/\/wp.ufpel.edu.br\/idad\/wp-json\/wp\/v2\/pages\/31\/revisions"}],"predecessor-version":[{"id":1185,"href":"https:\/\/wp.ufpel.edu.br\/idad\/wp-json\/wp\/v2\/pages\/31\/revisions\/1185"}],"up":[{"embeddable":true,"href":"https:\/\/wp.ufpel.edu.br\/idad\/wp-json\/wp\/v2\/pages\/17"}],"wp:attachment":[{"href":"https:\/\/wp.ufpel.edu.br\/idad\/wp-json\/wp\/v2\/media?parent=31"}],"curies":[{"name":"wp","href":"https:\/\/api.w.org\/{rel}","templated":true}]}}