{"id":254,"date":"2023-05-29T18:27:18","date_gmt":"2023-05-29T21:27:18","guid":{"rendered":"https:\/\/wp.ufpel.edu.br\/idad\/?page_id=254"},"modified":"2026-03-06T23:39:47","modified_gmt":"2026-03-07T02:39:47","slug":"arquivos-de-dados","status":"publish","type":"page","link":"https:\/\/wp.ufpel.edu.br\/idad\/produtos\/arquivos-de-dados\/","title":{"rendered":"Arquivos de Dados"},"content":{"rendered":"<p><strong>Elei\u00e7\u00f5es Municipais de 2024 | Pelotas\/RS<br \/>\n<\/strong><\/p>\n<p>Arquivos da propaganda eleitoral do candidato a Prefeito de Pelotas Marciano Perondi (PL)<\/p>\n<ul>\n<li>Pe\u00e7as do Hor\u00e1rio Gratuito de Propaganda Eleitoral (HGPE)<\/li>\n<\/ul>\n<p><a href=\"https:\/\/wp.ufpel.edu.br\/idad\/files\/2026\/03\/HGPE-Perondi-2024-1o-turno.zip\">HGPE Perondi 2024 &#8211; 1\u00ba turno<\/a><br \/>\n<a href=\"https:\/\/wp.ufpel.edu.br\/idad\/files\/2026\/03\/HGPE-Perondi-2024-2o-turno.zip\">HGPE Perondi 2024 &#8211; 2\u00ba turno<\/a><\/p>\n<ul>\n<li>Inser\u00e7\u00f5es comerciais<\/li>\n<\/ul>\n<p><a href=\"https:\/\/wp.ufpel.edu.br\/idad\/files\/2026\/03\/Insercoes-comerciais-Perondi-2024-1o-turno.zip\">Inser\u00e7\u00f5es comerciais Perondi 2024 &#8211; 1\u00ba turno<\/a><br \/>\n<a href=\"https:\/\/wp.ufpel.edu.br\/idad\/files\/2026\/03\/Insercoes-comerciais-Perondi-2024-2o-turno.zip\">Inser\u00e7\u00f5es comerciais Perondi 2024 &#8211; 2\u00ba turno<\/a><\/p>\n<ul>\n<li>Debates e entrevistas<\/li>\n<\/ul>\n<p><a href=\"https:\/\/wp.ufpel.edu.br\/idad\/files\/2026\/03\/Debates-e-entrevistas-Perondi-2024.xlsx\">Debates e entrevistas &#8211; Perondi 2024<\/a><\/p>\n<ul>\n<li>Posts do Instagram<\/li>\n<\/ul>\n<p><a href=\"https:\/\/wp.ufpel.edu.br\/idad\/files\/2026\/03\/Posts-Instagram-Campanha-Eleitoral-Perondi-2024.xlsx\">Posts Instagram Campanha Eleitoral Perondi 2024<\/a><\/p>\n<ul>\n<li><strong>Transcri\u00e7\u00f5es de todo o material<\/strong><\/li>\n<\/ul>\n<p><a href=\"https:\/\/wp.ufpel.edu.br\/idad\/files\/2026\/03\/Transcricoes_Propaganda-Eleitoral_Marciano-Perondi-2024.zip\">Transcri\u00e7\u00f5es &#8211; Propaganda Eleitoral | Marciano Perondi (PL) 2024<\/a><\/p>\n<hr \/>\n<p><strong>Elei\u00e7\u00f5es 2022<\/strong><\/p>\n<p>Arquivos das transcri\u00e7\u00f5es dos materiais de Propaganda Eleitoral de Bolsonaro (PL) e Lula (PT)<\/p>\n<p><a href=\"https:\/\/wp.ufpel.edu.br\/idad\/files\/2025\/06\/Propaganda-Eleitoral-Bolsonaro-2022.zip\">Propaganda Eleitoral \u2013 Bolsonaro 2022<\/a><\/p>\n<p><a href=\"https:\/\/wp.ufpel.edu.br\/idad\/files\/2025\/06\/Propaganda-Eleitoral-Lula-2022.zip\">Propaganda Eleitoral \u2013 Lula 2022<\/a><\/p>\n<hr \/>\n<p><strong>Elei\u00e7\u00f5es 2018<\/strong><\/p>\n<p>Jair Bolsonaro (PSL) &#8211; HGPE (v\u00eddeos)<\/p>\n<p><a href=\"https:\/\/wp.ufpel.edu.br\/idad\/files\/2025\/10\/HGPE-Bolsonaro-2018.zip\">HGPE Bolsonaro 2018<\/a><\/p>\n<hr \/>\n<p><strong>Tweets conta @LulaOficial\u00a0 de 16\/03\/2018 a 08\/04\/2018<\/strong><\/p>\n<p><a href=\"https:\/\/wp.ufpel.edu.br\/idad\/files\/2023\/05\/Tweets-@LulaOficial-16mar2018-a-08abr2018.xlsx\">Tweets conta @LulaOficial \u2013 16\/03\/2018 a 08\/04\/2018<\/a><\/p>\n<hr \/>\n<p><strong>Quadro de sentidos ideol\u00f3gicos<\/strong><\/p>\n<p><a href=\"https:\/\/wp.ufpel.edu.br\/idad\/files\/2019\/10\/Quadro-de-Sentidos-05-de-Agosto-2017.pdf\">Quadro de Sentidos \u2013 Vers\u00e3o atualizada<\/a><\/p>\n<p><a href=\"https:\/\/wp.ufpel.edu.br\/idad\/files\/2019\/10\/Quadro-de-Sentidos-11-junho-2017-1.pdf\">Quadro de Sentidos \u2013 Vers\u00e3o de 11 Junho 2017 1<\/a><\/p>\n<p><a href=\"https:\/\/wp.ufpel.edu.br\/idad\/files\/2019\/10\/Quadro-de-Sentidos-28-de-Julho-2017.pdf\">Quadro de Sentidos \u2013 Vers\u00e3o de 28 de Julho 2017<\/a><\/p>\n","protected":false},"excerpt":{"rendered":"<p>Elei\u00e7\u00f5es Municipais de 2024 | Pelotas\/RS Arquivos da propaganda eleitoral do candidato a Prefeito de Pelotas Marciano Perondi (PL) Pe\u00e7as do Hor\u00e1rio Gratuito de Propaganda Eleitoral (HGPE) HGPE Perondi 2024 &#8211; 1\u00ba turno HGPE Perondi 2024 &#8211; 2\u00ba turno Inser\u00e7\u00f5es comerciais Inser\u00e7\u00f5es comerciais Perondi 2024 &#8211; 1\u00ba turno Inser\u00e7\u00f5es comerciais Perondi 2024 &#8211; 2\u00ba turno [&hellip;]<\/p>\n","protected":false},"author":689,"featured_media":0,"parent":17,"menu_order":0,"comment_status":"closed","ping_status":"closed","template":"","meta":{"advanced_seo_description":"","jetpack_seo_html_title":"","jetpack_seo_noindex":false,"footnotes":""},"class_list":["post-254","page","type-page","status-publish","hentry"],"jetpack_sharing_enabled":true,"jetpack_shortlink":"https:\/\/wp.me\/PgDXwR-46","_links":{"self":[{"href":"https:\/\/wp.ufpel.edu.br\/idad\/wp-json\/wp\/v2\/pages\/254","targetHints":{"allow":["GET"]}}],"collection":[{"href":"https:\/\/wp.ufpel.edu.br\/idad\/wp-json\/wp\/v2\/pages"}],"about":[{"href":"https:\/\/wp.ufpel.edu.br\/idad\/wp-json\/wp\/v2\/types\/page"}],"author":[{"embeddable":true,"href":"https:\/\/wp.ufpel.edu.br\/idad\/wp-json\/wp\/v2\/users\/689"}],"replies":[{"embeddable":true,"href":"https:\/\/wp.ufpel.edu.br\/idad\/wp-json\/wp\/v2\/comments?post=254"}],"version-history":[{"count":4,"href":"https:\/\/wp.ufpel.edu.br\/idad\/wp-json\/wp\/v2\/pages\/254\/revisions"}],"predecessor-version":[{"id":1329,"href":"https:\/\/wp.ufpel.edu.br\/idad\/wp-json\/wp\/v2\/pages\/254\/revisions\/1329"}],"up":[{"embeddable":true,"href":"https:\/\/wp.ufpel.edu.br\/idad\/wp-json\/wp\/v2\/pages\/17"}],"wp:attachment":[{"href":"https:\/\/wp.ufpel.edu.br\/idad\/wp-json\/wp\/v2\/media?parent=254"}],"curies":[{"name":"wp","href":"https:\/\/api.w.org\/{rel}","templated":true}]}}