{"id":2,"date":"2016-08-23T08:50:43","date_gmt":"2016-08-23T11:50:43","guid":{"rendered":"https:\/\/wp.ufpel.edu.br\/idad\/?page_id=2"},"modified":"2025-10-05T14:30:37","modified_gmt":"2025-10-05T17:30:37","slug":"apresentacao","status":"publish","type":"page","link":"https:\/\/wp.ufpel.edu.br\/idad\/apresentacao\/","title":{"rendered":"Apresenta\u00e7\u00e3o"},"content":{"rendered":"<p><span style=\"color: #000000;\"><strong>Grupo de Pesquisa Ideologia e An\u00e1lise de Discurso (IdAD)<\/strong><\/span><\/p>\n<p><img class=\"wp-image-1031 alignleft\" src=\"https:\/\/wp.ufpel.edu.br\/idad\/files\/2025\/07\/Grupo-de-Pesquisa-Ideologia-e-Analise-do-Discurso-rotated-e1751659518361-400x315.jpg\" alt=\"\" width=\"168\" height=\"132\" srcset=\"https:\/\/wp.ufpel.edu.br\/idad\/files\/2025\/07\/Grupo-de-Pesquisa-Ideologia-e-Analise-do-Discurso-rotated-e1751659518361-400x315.jpg 400w, https:\/\/wp.ufpel.edu.br\/idad\/files\/2025\/07\/Grupo-de-Pesquisa-Ideologia-e-Analise-do-Discurso-rotated-e1751659518361-1024x806.jpg 1024w, https:\/\/wp.ufpel.edu.br\/idad\/files\/2025\/07\/Grupo-de-Pesquisa-Ideologia-e-Analise-do-Discurso-rotated-e1751659518361-768x604.jpg 768w, https:\/\/wp.ufpel.edu.br\/idad\/files\/2025\/07\/Grupo-de-Pesquisa-Ideologia-e-Analise-do-Discurso-rotated-e1751659518361.jpg 1127w\" sizes=\"(max-width: 168px) 100vw, 168px\" \/><\/p>\n<p><span style=\"color: #000000;\">O Grupo de Pesquisa Ideologia e An\u00e1lise de Discurso est\u00e1 vinculado ao Programa de P\u00f3s-Gradua\u00e7\u00e3o em Ci\u00eancia Pol\u00edtica da Universidade Federal de Pelotas. Formalmente iniciado em 2012, a partir da principal pesquisa em curso intitulada \u201cIdeologia e Partidos Pol\u00edticos no Brasil: uma nova metodologia de classifica\u00e7\u00e3o\u201d \u2013 que visa \u00e0 constru\u00e7\u00e3o de uma metodologia de classifica\u00e7\u00e3o ideol\u00f3gica dos partidos pol\u00edticos brasileiros em suas a\u00e7\u00f5es nos Legislativo e Executivo federais \u2013, as origens do Grupo remontam, no entanto, um projeto de pesquisa anterior.<\/span><\/p>\n<p><span style=\"color: #000000;\">Trata-se da pesquisa, realizada entre 2006 e 2013, intitulada \u201cVirando a casaca? Uma an\u00e1lise dos pronunciamentos dos deputados da direita brasileira no governo Lula (2003-2006)\u201d. Este projeto foi literalmente o embri\u00e3o do principal trabalho que hoje o Grupo de Pesquisa vem realizando. Foi a partir desta investiga\u00e7\u00e3o que algumas intui\u00e7\u00f5es te\u00f3ricas e filos\u00f3ficas do p\u00f3s-estruturalismo passaram a ser testadas a partir de um projeto de pesquisa que visou justamente analisar os discursos dos parlamentares filiados aos quatro principais partidos considerados como pertencentes ao espectro pol\u00edtico da direita brasileira (PFL, hoje DEM; PPB, hoje PP; PTB e PL, hoje PR).<\/span><\/p>\n<p><span style=\"color: #000000;\">Al\u00e9m da pesquisa principal, que mobiliza todos os membros do Grupo de Pesquisa, outras investiga\u00e7\u00f5es ambientadas nos n\u00edveis institucional e extra-institucional s\u00e3o realizadas seja no \u00e2mbito da gradua\u00e7\u00e3o em Ci\u00eancias Sociais, seja no da p\u00f3s-gradua\u00e7\u00e3o nos cursos de mestrado e de doutorado em Ci\u00eancia Pol\u00edtica. Os temas de cada investiga\u00e7\u00e3o variam desde a an\u00e1lise de discursos visando conhecer a ideologia de diferentes partidos pol\u00edticos brasileiros no \u00e2mbito federal, passando pela an\u00e1lise discursiva de movimentos da chamada nova direita brasileira, at\u00e9 o estudo de fen\u00f4menos pol\u00edticos populistas no Brasil, na Am\u00e9rica Latina e na Europa.<\/span><\/p>\n<p><span style=\"color: #000000;\">As pesquisas levadas a efeito pelos membros do Grupo de Pesquisa s\u00e3o informadas pelas mais diversas abordagens te\u00f3ricas e filos\u00f3ficas p\u00f3s-fundacionalistas e p\u00f3s-estruturalistas, destacando-se o pensamento de autores tais como Martin Heidegger, Jacques Lacan, Jacques Derrida, Michel Foucault, Ernesto Laclau, Chantal Mouffe, Jacques Ranci\u00e8re, entre outros.<\/span><\/p>\n<p><span style=\"color: #000000;\">O Grupo de Pesquisa, no intuito promover espa\u00e7os de debates para tem\u00e1ticas ligadas ao p\u00f3s-estruturalismo, tem organizado eventos em n\u00edvel de ensino e de extens\u00e3o. Dentre eles, destaca-se o \u201cSimp\u00f3sio P\u00f3s-Estruturalismo e Teoria Social\u201d, realizado a cada dois anos na Universidade Federal de Pelotas, e que re\u00fane pesquisadores de diversas institui\u00e7\u00f5es brasileiras e estrangeiras.<\/span><\/p>\n","protected":false},"excerpt":{"rendered":"<p>Grupo de Pesquisa Ideologia e An\u00e1lise de Discurso (IdAD) O Grupo de Pesquisa Ideologia e An\u00e1lise de Discurso est\u00e1 vinculado ao Programa de P\u00f3s-Gradua\u00e7\u00e3o em Ci\u00eancia Pol\u00edtica da Universidade Federal de Pelotas. Formalmente iniciado em 2012, a partir da principal pesquisa em curso intitulada \u201cIdeologia e Partidos Pol\u00edticos no Brasil: uma nova metodologia de classifica\u00e7\u00e3o\u201d [&hellip;]<\/p>\n","protected":false},"author":689,"featured_media":0,"parent":0,"menu_order":0,"comment_status":"closed","ping_status":"closed","template":"","meta":{"advanced_seo_description":"","jetpack_seo_html_title":"","jetpack_seo_noindex":false,"footnotes":""},"class_list":["post-2","page","type-page","status-publish","hentry"],"jetpack_sharing_enabled":true,"jetpack_shortlink":"https:\/\/wp.me\/PgDXwR-2","_links":{"self":[{"href":"https:\/\/wp.ufpel.edu.br\/idad\/wp-json\/wp\/v2\/pages\/2","targetHints":{"allow":["GET"]}}],"collection":[{"href":"https:\/\/wp.ufpel.edu.br\/idad\/wp-json\/wp\/v2\/pages"}],"about":[{"href":"https:\/\/wp.ufpel.edu.br\/idad\/wp-json\/wp\/v2\/types\/page"}],"author":[{"embeddable":true,"href":"https:\/\/wp.ufpel.edu.br\/idad\/wp-json\/wp\/v2\/users\/689"}],"replies":[{"embeddable":true,"href":"https:\/\/wp.ufpel.edu.br\/idad\/wp-json\/wp\/v2\/comments?post=2"}],"version-history":[{"count":9,"href":"https:\/\/wp.ufpel.edu.br\/idad\/wp-json\/wp\/v2\/pages\/2\/revisions"}],"predecessor-version":[{"id":1048,"href":"https:\/\/wp.ufpel.edu.br\/idad\/wp-json\/wp\/v2\/pages\/2\/revisions\/1048"}],"wp:attachment":[{"href":"https:\/\/wp.ufpel.edu.br\/idad\/wp-json\/wp\/v2\/media?parent=2"}],"curies":[{"name":"wp","href":"https:\/\/api.w.org\/{rel}","templated":true}]}}