{"id":17,"date":"2017-05-10T16:30:08","date_gmt":"2017-05-10T19:30:08","guid":{"rendered":"https:\/\/wp.ufpel.edu.br\/idad\/?page_id=17"},"modified":"2025-05-16T18:28:36","modified_gmt":"2025-05-16T21:28:36","slug":"produtos","status":"publish","type":"page","link":"https:\/\/wp.ufpel.edu.br\/idad\/produtos\/","title":{"rendered":"Produtos"},"content":{"rendered":"<p><a href=\"https:\/\/wp.ufpel.edu.br\/idad\/produtos\/anais-de-eventos\/\">Anais de Eventos<\/a><\/p>\n<p><a href=\"https:\/\/wp.ufpel.edu.br\/idad\/produtos\/arquivos-de-dados\/\">Arquivos de Dados<\/a><\/p>\n<p><a href=\"https:\/\/wp.ufpel.edu.br\/idad\/produtos\/artigos\/\">Artigos<\/a><\/p>\n<p><a href=\"https:\/\/wp.ufpel.edu.br\/idad\/produtos\/livros\/\">Livros<\/a><\/p>\n<p><a href=\"https:\/\/wp.ufpel.edu.br\/idad\/produtos\/produtos-tecnicos\/\">Produtos t\u00e9cnicos<\/a><\/p>\n<p><a href=\"https:\/\/wp.ufpel.edu.br\/idad\/produtos\/tccs-dissertacoes-e-teses\/\">TCCs, Disserta\u00e7\u00f5es e Teses<\/a><\/p>\n","protected":false},"excerpt":{"rendered":"<p>Anais de Eventos Arquivos de Dados Artigos Livros Produtos t\u00e9cnicos TCCs, Disserta\u00e7\u00f5es e Teses<\/p>\n","protected":false},"author":689,"featured_media":0,"parent":0,"menu_order":0,"comment_status":"closed","ping_status":"closed","template":"","meta":{"advanced_seo_description":"","jetpack_seo_html_title":"","jetpack_seo_noindex":false,"footnotes":""},"class_list":["post-17","page","type-page","status-publish","hentry"],"jetpack_sharing_enabled":true,"jetpack_shortlink":"https:\/\/wp.me\/PgDXwR-h","_links":{"self":[{"href":"https:\/\/wp.ufpel.edu.br\/idad\/wp-json\/wp\/v2\/pages\/17","targetHints":{"allow":["GET"]}}],"collection":[{"href":"https:\/\/wp.ufpel.edu.br\/idad\/wp-json\/wp\/v2\/pages"}],"about":[{"href":"https:\/\/wp.ufpel.edu.br\/idad\/wp-json\/wp\/v2\/types\/page"}],"author":[{"embeddable":true,"href":"https:\/\/wp.ufpel.edu.br\/idad\/wp-json\/wp\/v2\/users\/689"}],"replies":[{"embeddable":true,"href":"https:\/\/wp.ufpel.edu.br\/idad\/wp-json\/wp\/v2\/comments?post=17"}],"version-history":[{"count":9,"href":"https:\/\/wp.ufpel.edu.br\/idad\/wp-json\/wp\/v2\/pages\/17\/revisions"}],"predecessor-version":[{"id":918,"href":"https:\/\/wp.ufpel.edu.br\/idad\/wp-json\/wp\/v2\/pages\/17\/revisions\/918"}],"wp:attachment":[{"href":"https:\/\/wp.ufpel.edu.br\/idad\/wp-json\/wp\/v2\/media?parent=17"}],"curies":[{"name":"wp","href":"https:\/\/api.w.org\/{rel}","templated":true}]}}