{"id":14,"date":"2017-05-10T16:29:52","date_gmt":"2017-05-10T19:29:52","guid":{"rendered":"https:\/\/wp.ufpel.edu.br\/idad\/?page_id=14"},"modified":"2023-09-12T18:28:59","modified_gmt":"2023-09-12T21:28:59","slug":"pesquisas","status":"publish","type":"page","link":"https:\/\/wp.ufpel.edu.br\/idad\/pesquisas\/","title":{"rendered":"Pesquisas"},"content":{"rendered":"<p><span style=\"color: #000000;\">As pesquisas <span class=\"Apple-style-span\"> desenvolvidas pelos membros do\u00a0<\/span>GP s\u00e3o oriundas da seguinte\u00a0investiga\u00e7\u00e3o:<\/span><\/p>\n<p><span style=\"color: #000000;\">T\u00edtulo: Populismos contempor\u00e2neos: compreens\u00f5es a partir da an\u00e1lise de discurso de Laclau e Mouffe<\/span><\/p>\n<p><span style=\"color: #000000;\">Coordenadores: Bianca de Freitas Linhares e Daniel de Mendon\u00e7a<\/span><\/p>\n<p><span style=\"color: #000000;\">Resumo: A pesquisa visa compreender as constru\u00e7\u00f5es populistas que t\u00eam emergido nos \u00faltimos anos em diversas partes do globo. Com base em um arcabou\u00e7o te\u00f3rico contempor\u00e2neo, entende-se que n\u00e3o h\u00e1 populismo (no singular), mas populismos que se diferenciam, fundamentalmente, em termos ideol\u00f3gicos embora essa compreens\u00e3o n\u00e3o esgote as distin\u00e7\u00f5es entre os populismos que se apresentam hoje, e mesmo os que vigoraram em outros momentos. \u00c9 no sentido de buscar entendimento mais completo e complexo desse fen\u00f4meno, suas causas e consequ\u00eancias, que a pesquisa se desenvolve.<\/span><\/p>\n","protected":false},"excerpt":{"rendered":"<p>As pesquisas desenvolvidas pelos membros do\u00a0GP s\u00e3o oriundas da seguinte\u00a0investiga\u00e7\u00e3o: T\u00edtulo: Populismos contempor\u00e2neos: compreens\u00f5es a partir da an\u00e1lise de discurso de Laclau e Mouffe Coordenadores: Bianca de Freitas Linhares e Daniel de Mendon\u00e7a Resumo: A pesquisa visa compreender as constru\u00e7\u00f5es populistas que t\u00eam emergido nos \u00faltimos anos em diversas partes do globo. Com base em [&hellip;]<\/p>\n","protected":false},"author":689,"featured_media":0,"parent":0,"menu_order":0,"comment_status":"closed","ping_status":"closed","template":"","meta":{"advanced_seo_description":"","jetpack_seo_html_title":"","jetpack_seo_noindex":false,"footnotes":""},"class_list":["post-14","page","type-page","status-publish","hentry"],"jetpack_sharing_enabled":true,"jetpack_shortlink":"https:\/\/wp.me\/PgDXwR-e","_links":{"self":[{"href":"https:\/\/wp.ufpel.edu.br\/idad\/wp-json\/wp\/v2\/pages\/14","targetHints":{"allow":["GET"]}}],"collection":[{"href":"https:\/\/wp.ufpel.edu.br\/idad\/wp-json\/wp\/v2\/pages"}],"about":[{"href":"https:\/\/wp.ufpel.edu.br\/idad\/wp-json\/wp\/v2\/types\/page"}],"author":[{"embeddable":true,"href":"https:\/\/wp.ufpel.edu.br\/idad\/wp-json\/wp\/v2\/users\/689"}],"replies":[{"embeddable":true,"href":"https:\/\/wp.ufpel.edu.br\/idad\/wp-json\/wp\/v2\/comments?post=14"}],"version-history":[{"count":9,"href":"https:\/\/wp.ufpel.edu.br\/idad\/wp-json\/wp\/v2\/pages\/14\/revisions"}],"predecessor-version":[{"id":276,"href":"https:\/\/wp.ufpel.edu.br\/idad\/wp-json\/wp\/v2\/pages\/14\/revisions\/276"}],"wp:attachment":[{"href":"https:\/\/wp.ufpel.edu.br\/idad\/wp-json\/wp\/v2\/media?parent=14"}],"curies":[{"name":"wp","href":"https:\/\/api.w.org\/{rel}","templated":true}]}}