{"id":1148,"date":"2025-08-02T14:56:09","date_gmt":"2025-08-02T17:56:09","guid":{"rendered":"https:\/\/wp.ufpel.edu.br\/idad\/?page_id=1148"},"modified":"2025-08-20T12:27:13","modified_gmt":"2025-08-20T15:27:13","slug":"openai-whisper-transcricao-automatica-para-pesquisa","status":"publish","type":"page","link":"https:\/\/wp.ufpel.edu.br\/idad\/openai-whisper-transcricao-automatica-para-pesquisa\/","title":{"rendered":"OpenAI Whisper: Transcri\u00e7\u00e3o autom\u00e1tica para pesquisa"},"content":{"rendered":"<ul>\n<li>Notebook Jupyter do projeto: <a href=\"https:\/\/wp.ufpel.edu.br\/idad\/files\/2025\/06\/Whisper_IdAD_5_0.zip\">Whisper_IdAD_5_0.zip<\/a><\/li>\n<\/ul>\n<p><img class=\"wp-image-976 alignleft\" src=\"https:\/\/wp.ufpel.edu.br\/idad\/files\/2025\/06\/Capa-Manual-Whisper-283x400.jpg\" alt=\"\" width=\"183\" height=\"258\" srcset=\"https:\/\/wp.ufpel.edu.br\/idad\/files\/2025\/06\/Capa-Manual-Whisper-283x400.jpg 283w, https:\/\/wp.ufpel.edu.br\/idad\/files\/2025\/06\/Capa-Manual-Whisper-724x1024.jpg 724w, https:\/\/wp.ufpel.edu.br\/idad\/files\/2025\/06\/Capa-Manual-Whisper-768x1086.jpg 768w, https:\/\/wp.ufpel.edu.br\/idad\/files\/2025\/06\/Capa-Manual-Whisper-1086x1536.jpg 1086w, https:\/\/wp.ufpel.edu.br\/idad\/files\/2025\/06\/Capa-Manual-Whisper.jpg 1414w\" sizes=\"(max-width: 183px) 100vw, 183px\" \/><\/p>\n<p>&nbsp;<\/p>\n<p><strong><span style=\"color: var(--cor-texto); font-family: var(--fonte-corpo);\">OpenAI Whisper: Transcri\u00e7\u00e3o autom\u00e1tica para pesquisa<br \/>\n<\/span><\/strong><span style=\"color: var(--cor-texto); font-family: var(--fonte-corpo);\">(<\/span><span style=\"color: var(--cor-texto); font-family: var(--fonte-corpo);\">Guia Pr\u00e1tico de Utiliza\u00e7\u00e3o do OpenAI Whisper no Google Colab)<\/span><\/p>\n<p><strong>Autor:<\/strong> Thales Morbach Lange<\/p>\n<p><strong>ISBN:<\/strong> 978-65-01-53228-8<\/p>\n<p>Link para download: <a href=\"https:\/\/wp.ufpel.edu.br\/idad\/files\/2025\/07\/OpenAI-Whisper-transcricao-automatica-para-pesquisa.pdf\">PDF<\/a><\/p>\n<p>&nbsp;<\/p>\n<p><strong>Como referenciar:<\/strong><\/p>\n<p style=\"text-align: left;\">LANGE, Thales Morbach. <em>OpenAI Whisper: transcri\u00e7\u00e3o autom\u00e1tica para pesquisa (Guia pr\u00e1tico de utiliza\u00e7\u00e3o do OpenAI Whisper no Google Colab)<\/em> [recurso eletr\u00f4nico]. Pelotas: PPGCPol, 2025. Dispon\u00edvel em: https:\/\/wp.ufpel.edu.br\/idad\/files\/2025\/07\/OpenAI-Whisper-transcricao-automatica-para-pesquisa.pdf. Acesso em: (data de acesso).<\/p>\n","protected":false},"excerpt":{"rendered":"<p>Notebook Jupyter do projeto: Whisper_IdAD_5_0.zip &nbsp; OpenAI Whisper: Transcri\u00e7\u00e3o autom\u00e1tica para pesquisa (Guia Pr\u00e1tico de Utiliza\u00e7\u00e3o do OpenAI Whisper no Google Colab) Autor: Thales Morbach Lange ISBN: 978-65-01-53228-8 Link para download: PDF &nbsp; Como referenciar: LANGE, Thales Morbach. OpenAI Whisper: transcri\u00e7\u00e3o autom\u00e1tica para pesquisa (Guia pr\u00e1tico de utiliza\u00e7\u00e3o do OpenAI Whisper no Google Colab) [recurso [&hellip;]<\/p>\n","protected":false},"author":689,"featured_media":0,"parent":0,"menu_order":0,"comment_status":"closed","ping_status":"closed","template":"","meta":{"advanced_seo_description":"","jetpack_seo_html_title":"","jetpack_seo_noindex":false,"footnotes":""},"class_list":["post-1148","page","type-page","status-publish","hentry"],"jetpack_sharing_enabled":true,"jetpack_shortlink":"https:\/\/wp.me\/PgDXwR-iw","_links":{"self":[{"href":"https:\/\/wp.ufpel.edu.br\/idad\/wp-json\/wp\/v2\/pages\/1148","targetHints":{"allow":["GET"]}}],"collection":[{"href":"https:\/\/wp.ufpel.edu.br\/idad\/wp-json\/wp\/v2\/pages"}],"about":[{"href":"https:\/\/wp.ufpel.edu.br\/idad\/wp-json\/wp\/v2\/types\/page"}],"author":[{"embeddable":true,"href":"https:\/\/wp.ufpel.edu.br\/idad\/wp-json\/wp\/v2\/users\/689"}],"replies":[{"embeddable":true,"href":"https:\/\/wp.ufpel.edu.br\/idad\/wp-json\/wp\/v2\/comments?post=1148"}],"version-history":[{"count":3,"href":"https:\/\/wp.ufpel.edu.br\/idad\/wp-json\/wp\/v2\/pages\/1148\/revisions"}],"predecessor-version":[{"id":1218,"href":"https:\/\/wp.ufpel.edu.br\/idad\/wp-json\/wp\/v2\/pages\/1148\/revisions\/1218"}],"wp:attachment":[{"href":"https:\/\/wp.ufpel.edu.br\/idad\/wp-json\/wp\/v2\/media?parent=1148"}],"curies":[{"name":"wp","href":"https:\/\/api.w.org\/{rel}","templated":true}]}}