{"id":964,"date":"2015-05-26T03:16:14","date_gmt":"2015-05-26T06:16:14","guid":{"rendered":"https:\/\/wp.ufpel.edu.br\/ich\/?page_id=964"},"modified":"2019-04-17T11:05:23","modified_gmt":"2019-04-17T14:05:23","slug":"identidade-visual","status":"publish","type":"page","link":"https:\/\/wp.ufpel.edu.br\/ich\/portarias-do-ich-2\/identidade-visual\/","title":{"rendered":"Identidade Visual"},"content":{"rendered":"<p>A fim de conferir identidade \u00e0s a\u00e7\u00f5es do Instituto de Ci\u00eancias Humanas, recomenda-se a ado\u00e7\u00e3o de elementos comuns em todas as comunica\u00e7\u00f5es utilizadas na unidade. A seguir, voc\u00ea encontrar\u00e1 modelos de logomarcas confeccionados com essa finalidade.<\/p>\n<p>Modelo de Memorando adotado pelo ICH. Observe que o rodap\u00e9 pode ser editado conforme o setor respons\u00e1vel pela expedi\u00e7\u00e3o do documento. Substitua no rodap\u00e9 a Secretaria do Instituto de Ci\u00eancias Humanas pelo setor respectivo, usando a mesma fonte e formata\u00e7\u00e3o. Fa\u00e7a o mesmo com a indica\u00e7\u00e3o do respons\u00e1vel pelo setor e demais informa\u00e7\u00f5es constantes no rodap\u00e9. Caso o setor possua identifica\u00e7\u00e3o visual pr\u00f3pria, insira o elemento no cabe\u00e7alho, \u00e0 direita da logo ICH, mantendo a propor\u00e7\u00e3o entre os itens existentes.<\/p>\n<p><a href=\"https:\/\/wp.ufpel.edu.br\/ich\/files\/2015\/05\/Timbrado_ICH_abril_2019.docx\">Timbrado_ICH_abril_2019<\/a><\/p>\n<p>A logomarca do ICH apresenta tr\u00eas elementos com formas de figuras humanas se entrela\u00e7ando em um c\u00edrculo. A ideia \u00e9 a representa\u00e7\u00e3o de unidade em torno de um tema, no caso, o pr\u00f3prio instituto. As cores (menos na vers\u00e3o em P&amp;B), s\u00e3o varia\u00e7\u00f5es do lil\u00e1s, indicando a diversidade de pessoas, cursos, \u00e1reas e outras diversidades pr\u00f3prias das humanidades. Na ess\u00eancia, a logomarca procura representar a concep\u00e7\u00e3o do ICH uno e m\u00faltiplo. O nome do Instituto \u00e9 destacado pela sigla ICH, pela qual a unidade \u00e9 reconhecida historicamente na Universidade Federal de Pelotas.<\/p>\n<p>&nbsp;<\/p>\n<p><a href=\"https:\/\/wp.ufpel.edu.br\/ich\/files\/2015\/05\/Logo-ICH-Principal.jpg\"><img class=\"alignnone size-medium wp-image-966\" src=\"https:\/\/wp.ufpel.edu.br\/ich\/files\/2015\/05\/Logo-ICH-Principal-424x300.jpg\" alt=\"Logo ICH - Principal\" width=\"424\" height=\"300\" srcset=\"https:\/\/wp.ufpel.edu.br\/ich\/files\/2015\/05\/Logo-ICH-Principal-424x300.jpg 424w, https:\/\/wp.ufpel.edu.br\/ich\/files\/2015\/05\/Logo-ICH-Principal-212x150.jpg 212w\" sizes=\"(max-width: 424px) 100vw, 424px\" \/><\/a><\/p>\n<p><a href=\"https:\/\/wp.ufpel.edu.br\/ich\/files\/2015\/05\/Logo-ICH-vertical.jpg\"><img class=\"alignnone size-medium wp-image-968\" src=\"https:\/\/wp.ufpel.edu.br\/ich\/files\/2015\/05\/Logo-ICH-vertical-225x318.jpg\" alt=\"Logo ICH vertical\" width=\"225\" height=\"318\" srcset=\"https:\/\/wp.ufpel.edu.br\/ich\/files\/2015\/05\/Logo-ICH-vertical-225x318.jpg 225w, https:\/\/wp.ufpel.edu.br\/ich\/files\/2015\/05\/Logo-ICH-vertical-112x159.jpg 112w\" sizes=\"(max-width: 225px) 100vw, 225px\" \/><\/a><\/p>\n<p><a href=\"https:\/\/wp.ufpel.edu.br\/ich\/files\/2015\/05\/Logo-ICH-Preto.jpg\"><img class=\"alignnone size-medium wp-image-969\" src=\"https:\/\/wp.ufpel.edu.br\/ich\/files\/2015\/05\/Logo-ICH-Preto-424x300.jpg\" alt=\"Logo ICH - Preto\" width=\"424\" height=\"300\" srcset=\"https:\/\/wp.ufpel.edu.br\/ich\/files\/2015\/05\/Logo-ICH-Preto-424x300.jpg 424w, https:\/\/wp.ufpel.edu.br\/ich\/files\/2015\/05\/Logo-ICH-Preto-212x150.jpg 212w\" sizes=\"(max-width: 424px) 100vw, 424px\" \/><\/a><\/p>\n<p>&nbsp;<\/p>\n","protected":false},"excerpt":{"rendered":"<p>A fim de conferir identidade \u00e0s a\u00e7\u00f5es do Instituto de Ci\u00eancias Humanas, recomenda-se a ado\u00e7\u00e3o de elementos comuns em todas as comunica\u00e7\u00f5es utilizadas na unidade. A seguir, voc\u00ea encontrar\u00e1 modelos de logomarcas confeccionados com essa finalidade. Modelo de Memorando adotado pelo ICH. Observe que o rodap\u00e9 pode ser editado conforme o setor respons\u00e1vel pela expedi\u00e7\u00e3o [&hellip;]<\/p>\n","protected":false},"author":332,"featured_media":0,"parent":172,"menu_order":0,"comment_status":"closed","ping_status":"closed","template":"","meta":{"jetpack_post_was_ever_published":false,"footnotes":""},"class_list":["post-964","page","type-page","status-publish","hentry"],"jetpack_sharing_enabled":true,"jetpack_shortlink":"https:\/\/wp.me\/P5MuF3-fy","_links":{"self":[{"href":"https:\/\/wp.ufpel.edu.br\/ich\/wp-json\/wp\/v2\/pages\/964","targetHints":{"allow":["GET"]}}],"collection":[{"href":"https:\/\/wp.ufpel.edu.br\/ich\/wp-json\/wp\/v2\/pages"}],"about":[{"href":"https:\/\/wp.ufpel.edu.br\/ich\/wp-json\/wp\/v2\/types\/page"}],"author":[{"embeddable":true,"href":"https:\/\/wp.ufpel.edu.br\/ich\/wp-json\/wp\/v2\/users\/332"}],"replies":[{"embeddable":true,"href":"https:\/\/wp.ufpel.edu.br\/ich\/wp-json\/wp\/v2\/comments?post=964"}],"version-history":[{"count":5,"href":"https:\/\/wp.ufpel.edu.br\/ich\/wp-json\/wp\/v2\/pages\/964\/revisions"}],"predecessor-version":[{"id":3391,"href":"https:\/\/wp.ufpel.edu.br\/ich\/wp-json\/wp\/v2\/pages\/964\/revisions\/3391"}],"up":[{"embeddable":true,"href":"https:\/\/wp.ufpel.edu.br\/ich\/wp-json\/wp\/v2\/pages\/172"}],"wp:attachment":[{"href":"https:\/\/wp.ufpel.edu.br\/ich\/wp-json\/wp\/v2\/media?parent=964"}],"curies":[{"name":"wp","href":"https:\/\/api.w.org\/{rel}","templated":true}]}}