{"id":782,"date":"2015-04-17T11:59:04","date_gmt":"2015-04-17T14:59:04","guid":{"rendered":"https:\/\/wp.ufpel.edu.br\/ich\/?page_id=782"},"modified":"2017-03-09T00:08:21","modified_gmt":"2017-03-09T03:08:21","slug":"nucleo-de-documentacao-historica-ndh","status":"publish","type":"page","link":"https:\/\/wp.ufpel.edu.br\/ich\/pesquisaextensao\/nucleo-de-documentacao-historica-ndh\/","title":{"rendered":"N\u00facleo de Documenta\u00e7\u00e3o Hist\u00f3rica &#8211; NDH"},"content":{"rendered":"<p><a href=\"https:\/\/wp.ufpel.edu.br\/ndh\/\" target=\"_blank\">Acesse AQUI a p\u00e1gina do\u00a0N\u00facleo de Documenta\u00e7\u00e3o Hist\u00f3rica &#8211; NDH<\/a><\/p>\n","protected":false},"excerpt":{"rendered":"<p>Acesse AQUI a p\u00e1gina do\u00a0N\u00facleo de Documenta\u00e7\u00e3o Hist\u00f3rica &#8211; NDH<\/p>\n","protected":false},"author":332,"featured_media":0,"parent":21,"menu_order":0,"comment_status":"closed","ping_status":"closed","template":"","meta":{"jetpack_post_was_ever_published":false,"footnotes":""},"class_list":["post-782","page","type-page","status-publish","hentry"],"jetpack_sharing_enabled":true,"jetpack_shortlink":"https:\/\/wp.me\/P5MuF3-cC","_links":{"self":[{"href":"https:\/\/wp.ufpel.edu.br\/ich\/wp-json\/wp\/v2\/pages\/782","targetHints":{"allow":["GET"]}}],"collection":[{"href":"https:\/\/wp.ufpel.edu.br\/ich\/wp-json\/wp\/v2\/pages"}],"about":[{"href":"https:\/\/wp.ufpel.edu.br\/ich\/wp-json\/wp\/v2\/types\/page"}],"author":[{"embeddable":true,"href":"https:\/\/wp.ufpel.edu.br\/ich\/wp-json\/wp\/v2\/users\/332"}],"replies":[{"embeddable":true,"href":"https:\/\/wp.ufpel.edu.br\/ich\/wp-json\/wp\/v2\/comments?post=782"}],"version-history":[{"count":4,"href":"https:\/\/wp.ufpel.edu.br\/ich\/wp-json\/wp\/v2\/pages\/782\/revisions"}],"predecessor-version":[{"id":2348,"href":"https:\/\/wp.ufpel.edu.br\/ich\/wp-json\/wp\/v2\/pages\/782\/revisions\/2348"}],"up":[{"embeddable":true,"href":"https:\/\/wp.ufpel.edu.br\/ich\/wp-json\/wp\/v2\/pages\/21"}],"wp:attachment":[{"href":"https:\/\/wp.ufpel.edu.br\/ich\/wp-json\/wp\/v2\/media?parent=782"}],"curies":[{"name":"wp","href":"https:\/\/api.w.org\/{rel}","templated":true}]}}