{"id":772,"date":"2015-04-17T11:42:09","date_gmt":"2015-04-17T14:42:09","guid":{"rendered":"https:\/\/wp.ufpel.edu.br\/ich\/?page_id=772"},"modified":"2015-05-18T14:19:39","modified_gmt":"2015-05-18T17:19:39","slug":"laboratorio-de-ensino-pesquisa-e-producao-em-antropologia-da-imagem-e-do-som-leppais","status":"publish","type":"page","link":"https:\/\/wp.ufpel.edu.br\/ich\/pesquisaextensao\/laboratorio-de-ensino-pesquisa-e-producao-em-antropologia-da-imagem-e-do-som-leppais\/","title":{"rendered":"Laborat\u00f3rio de Ensino, Pesquisa e Produ\u00e7\u00e3o em Antropologia da Imagem e do Som &#8211; LEPPAIS"},"content":{"rendered":"<p><a href=\"http:\/\/leppais.wordpress.com\" target=\"_blank\">Acesse AQUI a p\u00e1gina do Laborat\u00f3rio de Ensino, Pesquisa e Produ\u00e7\u00e3o em Antropologia da Imagem e do Som &#8211; LEPPAIS<\/a><\/p>\n","protected":false},"excerpt":{"rendered":"<p>Acesse AQUI a p\u00e1gina do Laborat\u00f3rio de Ensino, Pesquisa e Produ\u00e7\u00e3o em Antropologia da Imagem e do Som &#8211; LEPPAIS<\/p>\n","protected":false},"author":332,"featured_media":0,"parent":21,"menu_order":0,"comment_status":"closed","ping_status":"closed","template":"","meta":{"jetpack_post_was_ever_published":false,"footnotes":""},"class_list":["post-772","page","type-page","status-publish","hentry"],"jetpack_sharing_enabled":true,"jetpack_shortlink":"https:\/\/wp.me\/P5MuF3-cs","_links":{"self":[{"href":"https:\/\/wp.ufpel.edu.br\/ich\/wp-json\/wp\/v2\/pages\/772","targetHints":{"allow":["GET"]}}],"collection":[{"href":"https:\/\/wp.ufpel.edu.br\/ich\/wp-json\/wp\/v2\/pages"}],"about":[{"href":"https:\/\/wp.ufpel.edu.br\/ich\/wp-json\/wp\/v2\/types\/page"}],"author":[{"embeddable":true,"href":"https:\/\/wp.ufpel.edu.br\/ich\/wp-json\/wp\/v2\/users\/332"}],"replies":[{"embeddable":true,"href":"https:\/\/wp.ufpel.edu.br\/ich\/wp-json\/wp\/v2\/comments?post=772"}],"version-history":[{"count":2,"href":"https:\/\/wp.ufpel.edu.br\/ich\/wp-json\/wp\/v2\/pages\/772\/revisions"}],"predecessor-version":[{"id":921,"href":"https:\/\/wp.ufpel.edu.br\/ich\/wp-json\/wp\/v2\/pages\/772\/revisions\/921"}],"up":[{"embeddable":true,"href":"https:\/\/wp.ufpel.edu.br\/ich\/wp-json\/wp\/v2\/pages\/21"}],"wp:attachment":[{"href":"https:\/\/wp.ufpel.edu.br\/ich\/wp-json\/wp\/v2\/media?parent=772"}],"curies":[{"name":"wp","href":"https:\/\/api.w.org\/{rel}","templated":true}]}}