{"id":770,"date":"2015-04-17T11:40:03","date_gmt":"2015-04-17T14:40:03","guid":{"rendered":"https:\/\/wp.ufpel.edu.br\/ich\/?page_id=770"},"modified":"2015-06-17T00:28:59","modified_gmt":"2015-06-17T03:28:59","slug":"laboratorio-multidisciplinar-de-investigacao-arqueologica-lamina","status":"publish","type":"page","link":"https:\/\/wp.ufpel.edu.br\/ich\/pesquisaextensao\/laboratorio-multidisciplinar-de-investigacao-arqueologica-lamina\/","title":{"rendered":"Laborat\u00f3rio Multidisciplinar de Investiga\u00e7\u00e3o Arqueol\u00f3gica &#8211; L\u00c2MINA"},"content":{"rendered":"<p><a href=\"https:\/\/wp.ufpel.edu.br\/lamina\">Acesse AQUI a p\u00e1gina do Laborat\u00f3rio Multidisciplinar de Investiga\u00e7\u00e3o Arqueol\u00f3gica &#8211; L\u00c2MINA<\/a><\/p>\n<p>&nbsp;<\/p>\n","protected":false},"excerpt":{"rendered":"<p>Acesse AQUI a p\u00e1gina do Laborat\u00f3rio Multidisciplinar de Investiga\u00e7\u00e3o Arqueol\u00f3gica &#8211; L\u00c2MINA &nbsp;<\/p>\n","protected":false},"author":332,"featured_media":0,"parent":21,"menu_order":0,"comment_status":"closed","ping_status":"closed","template":"","meta":{"jetpack_post_was_ever_published":false,"footnotes":""},"class_list":["post-770","page","type-page","status-publish","hentry"],"jetpack_sharing_enabled":true,"jetpack_shortlink":"https:\/\/wp.me\/P5MuF3-cq","_links":{"self":[{"href":"https:\/\/wp.ufpel.edu.br\/ich\/wp-json\/wp\/v2\/pages\/770","targetHints":{"allow":["GET"]}}],"collection":[{"href":"https:\/\/wp.ufpel.edu.br\/ich\/wp-json\/wp\/v2\/pages"}],"about":[{"href":"https:\/\/wp.ufpel.edu.br\/ich\/wp-json\/wp\/v2\/types\/page"}],"author":[{"embeddable":true,"href":"https:\/\/wp.ufpel.edu.br\/ich\/wp-json\/wp\/v2\/users\/332"}],"replies":[{"embeddable":true,"href":"https:\/\/wp.ufpel.edu.br\/ich\/wp-json\/wp\/v2\/comments?post=770"}],"version-history":[{"count":3,"href":"https:\/\/wp.ufpel.edu.br\/ich\/wp-json\/wp\/v2\/pages\/770\/revisions"}],"predecessor-version":[{"id":1051,"href":"https:\/\/wp.ufpel.edu.br\/ich\/wp-json\/wp\/v2\/pages\/770\/revisions\/1051"}],"up":[{"embeddable":true,"href":"https:\/\/wp.ufpel.edu.br\/ich\/wp-json\/wp\/v2\/pages\/21"}],"wp:attachment":[{"href":"https:\/\/wp.ufpel.edu.br\/ich\/wp-json\/wp\/v2\/media?parent=770"}],"curies":[{"name":"wp","href":"https:\/\/api.w.org\/{rel}","templated":true}]}}