{"id":768,"date":"2015-04-17T11:35:45","date_gmt":"2015-04-17T14:35:45","guid":{"rendered":"https:\/\/wp.ufpel.edu.br\/ich\/?page_id=768"},"modified":"2015-04-17T11:35:45","modified_gmt":"2015-04-17T14:35:45","slug":"laboratorio-didatico-de-geografia-fisica-ldgf","status":"publish","type":"page","link":"https:\/\/wp.ufpel.edu.br\/ich\/pesquisaextensao\/laboratorio-didatico-de-geografia-fisica-ldgf\/","title":{"rendered":"Laborat\u00f3rio Did\u00e1tico de Geografia F\u00edsica &#8211; LDGF"},"content":{"rendered":"<p><a title=\"LDGF\" href=\"https:\/\/wp.ufpel.edu.br\/geografia\/laboratorios-didaticos\/ldgf\/\" target=\"_blank\">Acesse AQUI \u00a0a p\u00e1gina do\u00a0Laborat\u00f3rio Did\u00e1tico de Geografia F\u00edsica &#8211; LDGF<\/a><\/p>\n<p>&nbsp;<\/p>\n","protected":false},"excerpt":{"rendered":"<p>Acesse AQUI \u00a0a p\u00e1gina do\u00a0Laborat\u00f3rio Did\u00e1tico de Geografia F\u00edsica &#8211; LDGF &nbsp;<\/p>\n","protected":false},"author":332,"featured_media":0,"parent":21,"menu_order":0,"comment_status":"closed","ping_status":"closed","template":"","meta":{"jetpack_post_was_ever_published":false,"footnotes":""},"class_list":["post-768","page","type-page","status-publish","hentry"],"jetpack_sharing_enabled":true,"jetpack_shortlink":"https:\/\/wp.me\/P5MuF3-co","_links":{"self":[{"href":"https:\/\/wp.ufpel.edu.br\/ich\/wp-json\/wp\/v2\/pages\/768","targetHints":{"allow":["GET"]}}],"collection":[{"href":"https:\/\/wp.ufpel.edu.br\/ich\/wp-json\/wp\/v2\/pages"}],"about":[{"href":"https:\/\/wp.ufpel.edu.br\/ich\/wp-json\/wp\/v2\/types\/page"}],"author":[{"embeddable":true,"href":"https:\/\/wp.ufpel.edu.br\/ich\/wp-json\/wp\/v2\/users\/332"}],"replies":[{"embeddable":true,"href":"https:\/\/wp.ufpel.edu.br\/ich\/wp-json\/wp\/v2\/comments?post=768"}],"version-history":[{"count":1,"href":"https:\/\/wp.ufpel.edu.br\/ich\/wp-json\/wp\/v2\/pages\/768\/revisions"}],"predecessor-version":[{"id":769,"href":"https:\/\/wp.ufpel.edu.br\/ich\/wp-json\/wp\/v2\/pages\/768\/revisions\/769"}],"up":[{"embeddable":true,"href":"https:\/\/wp.ufpel.edu.br\/ich\/wp-json\/wp\/v2\/pages\/21"}],"wp:attachment":[{"href":"https:\/\/wp.ufpel.edu.br\/ich\/wp-json\/wp\/v2\/media?parent=768"}],"curies":[{"name":"wp","href":"https:\/\/api.w.org\/{rel}","templated":true}]}}