{"id":549,"date":"2015-03-17T17:58:33","date_gmt":"2015-03-17T20:58:33","guid":{"rendered":"https:\/\/wp.ufpel.edu.br\/ich\/?page_id=549"},"modified":"2016-09-02T16:40:21","modified_gmt":"2016-09-02T19:40:21","slug":"transporte","status":"publish","type":"page","link":"https:\/\/wp.ufpel.edu.br\/ich\/portarias-do-ich-2\/transporte\/","title":{"rendered":"Transporte"},"content":{"rendered":"<p><span style=\"font-size: 14pt\"><strong>Viagem solicitada no ve\u00edculo do ICH<\/strong><\/span><\/p>\n<p>As solicita\u00e7\u00f5es de transporte em ve\u00edculo oficial com utiliza\u00e7\u00e3o do ve\u00edculo do ICH dever\u00e3o seguir o seguinte protocolo:<\/p>\n<ol>\n<li>agendamento da viagem na secretaria do ICH (o encaminhamento poder\u00e1 ser feito por correio eletr\u00f4nico para o seguinte endere\u00e7o: secretariaich@gmail.com);<\/li>\n<li>entrega do formul\u00e1rio para agendamento da viagem com autoriza\u00e7\u00e3o da chefia do departamento na Secretaria do ICH:<\/li>\n<\/ol>\n<p><a href=\"https:\/\/wp.ufpel.edu.br\/ich\/files\/2015\/03\/ICH_Transporte_Formul\u00e1rio_Agendamento1-2.docx\" target=\"_blank\">ICH_Transporte_Formul\u00e1rio_Agendamento<\/a><\/p>\n<p><strong>Deslocamentos para al\u00e9m dos munic\u00edpios lim\u00edtrofes est\u00e3o condicionados ao pagamento de di\u00e1rias para o motorista e as solicita\u00e7\u00f5es dever\u00e3o vir acompanhadas tamb\u00e9m do seguinte formul\u00e1rio:<\/strong><\/p>\n<p><a href=\"https:\/\/wp.ufpel.edu.br\/ich\/files\/2015\/03\/Formul%C3%A1rio-Autoriza%C3%A7%C3%A3o-para-viagens-ve%C3%ADculos-oficiais-v33.pdf\" target=\"_blank\">Formul\u00e1rio-Autoriza\u00e7\u00e3o-para-viagens-ve\u00edculos-oficiais-v3(3)<\/a><\/p>\n<p>As viagens no carro oficial do ICH est\u00e3o condicionadas \u00e0 disponibilidade na agenda do motorista, \u00e0 exist\u00eancia de saldo em combust\u00edvel e \u00e0 exist\u00eancia de saldo or\u00e7ament\u00e1rio do departamento para pagamento de di\u00e1rias ao motorista.<\/p>\n<p>O prazo para agendamento deve ser no m\u00ednimo 5 dias \u00fateis e no m\u00e1ximo 90 dias.<\/p>\n<p>Deslocamentos para Munic\u00edpios Lim\u00edtrofes n\u00e3o geram di\u00e1rias, portanto n\u00e3o necessitam do Formul\u00e1rio de Autoriza\u00e7\u00e3o de Viagem;<\/p>\n<p>Rela\u00e7\u00e3o dos Munic\u00edpios Lim\u00edtrofes: Arroio do Padre, Cangu\u00e7u, Cap\u00e3o do Le\u00e3o, Morro Redondo, Rio Grande, S\u00e3o Louren\u00e7o do Sul e Turu\u00e7u.<\/p>\n<p><span style=\"font-size: 14pt\"><strong>Viagem solicitada ao NUTRANS<\/strong><\/span><\/p>\n<p>O protocolo para a utiliza\u00e7\u00e3o de ve\u00edculos oficiais por interm\u00e9dio do N\u00facleo de Transportes (NUTRANS) da Pr\u00f3-Reitoria Administrativa Adjunta de Infraestrutura (PRINFRA\/UFPEL) deve estar de acordo com o Memorando apresentado a seguir:<\/p>\n<p><a href=\"https:\/\/wp.ufpel.edu.br\/ich\/files\/2015\/03\/Memorando-Circular-n\u00ba-003-2016-Agendamento-de-Viagens.pdf\">Memorando-Circular-n\u00ba-003-2016-Agendamento-de-Viagens<\/a><\/p>\n<p>O formul\u00e1rio a ser utilizado para solicita\u00e7\u00e3o de transporte por interm\u00e9dio do N\u00facleo de Transportes da PRINFRA\/UFPEL deve ser preenchido e encaminhado \u00e0 Secretaria do ICH para protocolo e demais provid\u00eancias, de acordo com o modelo seguinte:<\/p>\n<p><a href=\"https:\/\/wp.ufpel.edu.br\/ich\/files\/2015\/03\/Formul\u00e1rio-Autoriza\u00e7\u00e3o-para-viagens-ve\u00edculos-oficiais-v33.pdf\">Formul\u00e1rio-Autoriza\u00e7\u00e3o-para-viagens-ve\u00edculos-oficiais-v3(3)<\/a><\/p>\n<p>Mais informa\u00e7\u00f5es devem ser buscadas no link do NUTRANS:<\/p>\n<p><a href=\"https:\/\/wp.ufpel.edu.br\/prainfra\/nutrans\/documentos\/\" target=\"_blank\">https:\/\/wp.ufpel.edu.br\/prainfra\/nutrans\/documentos\/<\/a><\/p>\n","protected":false},"excerpt":{"rendered":"<p>Viagem solicitada no ve\u00edculo do ICH As solicita\u00e7\u00f5es de transporte em ve\u00edculo oficial com utiliza\u00e7\u00e3o do ve\u00edculo do ICH dever\u00e3o seguir o seguinte protocolo: agendamento da viagem na secretaria do ICH (o encaminhamento poder\u00e1 ser feito por correio eletr\u00f4nico para o seguinte endere\u00e7o: secretariaich@gmail.com); entrega do formul\u00e1rio para agendamento da viagem com autoriza\u00e7\u00e3o da chefia [&hellip;]<\/p>\n","protected":false},"author":332,"featured_media":0,"parent":172,"menu_order":0,"comment_status":"closed","ping_status":"closed","template":"","meta":{"jetpack_post_was_ever_published":false,"footnotes":""},"class_list":["post-549","page","type-page","status-publish","hentry"],"jetpack_sharing_enabled":true,"jetpack_shortlink":"https:\/\/wp.me\/P5MuF3-8R","_links":{"self":[{"href":"https:\/\/wp.ufpel.edu.br\/ich\/wp-json\/wp\/v2\/pages\/549","targetHints":{"allow":["GET"]}}],"collection":[{"href":"https:\/\/wp.ufpel.edu.br\/ich\/wp-json\/wp\/v2\/pages"}],"about":[{"href":"https:\/\/wp.ufpel.edu.br\/ich\/wp-json\/wp\/v2\/types\/page"}],"author":[{"embeddable":true,"href":"https:\/\/wp.ufpel.edu.br\/ich\/wp-json\/wp\/v2\/users\/332"}],"replies":[{"embeddable":true,"href":"https:\/\/wp.ufpel.edu.br\/ich\/wp-json\/wp\/v2\/comments?post=549"}],"version-history":[{"count":11,"href":"https:\/\/wp.ufpel.edu.br\/ich\/wp-json\/wp\/v2\/pages\/549\/revisions"}],"predecessor-version":[{"id":2110,"href":"https:\/\/wp.ufpel.edu.br\/ich\/wp-json\/wp\/v2\/pages\/549\/revisions\/2110"}],"up":[{"embeddable":true,"href":"https:\/\/wp.ufpel.edu.br\/ich\/wp-json\/wp\/v2\/pages\/172"}],"wp:attachment":[{"href":"https:\/\/wp.ufpel.edu.br\/ich\/wp-json\/wp\/v2\/media?parent=549"}],"curies":[{"name":"wp","href":"https:\/\/api.w.org\/{rel}","templated":true}]}}