{"id":49,"date":"2013-12-06T18:58:52","date_gmt":"2013-12-06T20:58:52","guid":{"rendered":"https:\/\/wp.ufpel.edu.br\/ich\/?page_id=49"},"modified":"2022-12-10T14:59:19","modified_gmt":"2022-12-10T17:59:19","slug":"diretores","status":"publish","type":"page","link":"https:\/\/wp.ufpel.edu.br\/ich\/diretores\/","title":{"rendered":"Diretores"},"content":{"rendered":"<div id=\"attachment_112\" style=\"width: 276px\" class=\"wp-caption alignleft\"><a href=\"https:\/\/wp.ufpel.edu.br\/ich\/files\/2013\/12\/Alvacyr.jpg\"><img aria-describedby=\"caption-attachment-112\" class=\"size-medium wp-image-112 \" src=\"https:\/\/wp.ufpel.edu.br\/ich\/files\/2013\/12\/Alvacyr-266x300.jpg\" alt=\"\" width=\"266\" height=\"300\" srcset=\"https:\/\/wp.ufpel.edu.br\/ich\/files\/2013\/12\/Alvacyr-266x300.jpg 266w, https:\/\/wp.ufpel.edu.br\/ich\/files\/2013\/12\/Alvacyr.jpg 800w\" sizes=\"(max-width: 266px) 100vw, 266px\" \/><\/a><p id=\"caption-attachment-112\" class=\"wp-caption-text\">Alvacyr Faria Collares<br \/>(1970-1977)<\/p><\/div>\n<div id=\"attachment_114\" style=\"width: 276px\" class=\"wp-caption alignright\"><a href=\"https:\/\/wp.ufpel.edu.br\/ich\/files\/2013\/12\/Joaquim.jpg\"><img aria-describedby=\"caption-attachment-114\" class=\"size-medium wp-image-114 \" src=\"https:\/\/wp.ufpel.edu.br\/ich\/files\/2013\/12\/Joaquim-266x300.jpg\" alt=\"\" width=\"266\" height=\"300\" srcset=\"https:\/\/wp.ufpel.edu.br\/ich\/files\/2013\/12\/Joaquim-266x300.jpg 266w, https:\/\/wp.ufpel.edu.br\/ich\/files\/2013\/12\/Joaquim.jpg 800w\" sizes=\"(max-width: 266px) 100vw, 266px\" \/><\/a><p id=\"caption-attachment-114\" class=\"wp-caption-text\">Joaquim Jos\u00e9 Assump\u00e7\u00e3o Osorio<br \/>(1977-1979)<\/p><\/div>\n<p style=\"text-align: center;\"><strong>\u00a0<\/strong><\/p>\n<div id=\"attachment_116\" style=\"width: 276px\" class=\"wp-caption alignleft\"><a href=\"https:\/\/wp.ufpel.edu.br\/ich\/files\/2013\/12\/Sergio.jpg\"><img aria-describedby=\"caption-attachment-116\" class=\"size-medium wp-image-116 \" src=\"https:\/\/wp.ufpel.edu.br\/ich\/files\/2013\/12\/Sergio-266x300.jpg\" alt=\"\" width=\"266\" height=\"300\" srcset=\"https:\/\/wp.ufpel.edu.br\/ich\/files\/2013\/12\/Sergio-266x300.jpg 266w, https:\/\/wp.ufpel.edu.br\/ich\/files\/2013\/12\/Sergio.jpg 800w\" sizes=\"(max-width: 266px) 100vw, 266px\" \/><\/a><p id=\"caption-attachment-116\" class=\"wp-caption-text\">S\u00e9rgio Vianna da Cruz Lima<br \/>(1980-1985)<\/p><\/div>\n<div id=\"attachment_130\" style=\"width: 276px\" class=\"wp-caption alignright\"><a href=\"https:\/\/wp.ufpel.edu.br\/ich\/files\/2013\/12\/1616522_697206606979919_930983124_n.jpg\"><img aria-describedby=\"caption-attachment-130\" class=\"size-medium wp-image-130 \" src=\"https:\/\/wp.ufpel.edu.br\/ich\/files\/2013\/12\/1616522_697206606979919_930983124_n-266x300.jpg\" alt=\"\" width=\"266\" height=\"300\" srcset=\"https:\/\/wp.ufpel.edu.br\/ich\/files\/2013\/12\/1616522_697206606979919_930983124_n-266x300.jpg 266w, https:\/\/wp.ufpel.edu.br\/ich\/files\/2013\/12\/1616522_697206606979919_930983124_n.jpg 800w\" sizes=\"(max-width: 266px) 100vw, 266px\" \/><\/a><p id=\"caption-attachment-130\" class=\"wp-caption-text\">Mario Osorio Magalh\u00e3es<br \/>(1985-1989, 1997-2001)<\/p><\/div>\n<p style=\"text-align: center;\"><strong>\u00a0<\/strong><\/p>\n<div id=\"attachment_115\" style=\"width: 276px\" class=\"wp-caption alignleft\"><a href=\"https:\/\/wp.ufpel.edu.br\/ich\/files\/2013\/12\/Jos\u00e9.jpg\"><img aria-describedby=\"caption-attachment-115\" class=\"size-medium wp-image-115 \" src=\"https:\/\/wp.ufpel.edu.br\/ich\/files\/2013\/12\/Jos\u00e9-266x300.jpg\" alt=\"\" width=\"266\" height=\"300\" srcset=\"https:\/\/wp.ufpel.edu.br\/ich\/files\/2013\/12\/Jos\u00e9-266x300.jpg 266w, https:\/\/wp.ufpel.edu.br\/ich\/files\/2013\/12\/Jos\u00e9.jpg 800w\" sizes=\"(max-width: 266px) 100vw, 266px\" \/><\/a><p id=\"caption-attachment-115\" class=\"wp-caption-text\">Jos\u00e9 Rubens Acevedo<br \/>(1989-1993)<\/p><\/div>\n<p style=\"text-align: center;\"><strong>\u00a0<\/strong><\/p>\n<div id=\"attachment_113\" style=\"width: 276px\" class=\"wp-caption alignright\"><a href=\"https:\/\/wp.ufpel.edu.br\/ich\/files\/2013\/12\/Fabio.jpg\"><img aria-describedby=\"caption-attachment-113\" class=\"size-medium wp-image-113 \" src=\"https:\/\/wp.ufpel.edu.br\/ich\/files\/2013\/12\/Fabio-266x300.jpg\" alt=\"\" width=\"266\" height=\"300\" srcset=\"https:\/\/wp.ufpel.edu.br\/ich\/files\/2013\/12\/Fabio-266x300.jpg 266w, https:\/\/wp.ufpel.edu.br\/ich\/files\/2013\/12\/Fabio.jpg 800w\" sizes=\"(max-width: 266px) 100vw, 266px\" \/><\/a><p id=\"caption-attachment-113\" class=\"wp-caption-text\">F\u00e1bio Vergara Cerqueira<br \/>(2002-2010)<\/p><\/div>\n<div id=\"attachment_117\" style=\"width: 276px\" class=\"wp-caption alignleft\"><a href=\"https:\/\/wp.ufpel.edu.br\/ich\/files\/2013\/12\/Sidney.jpg\"><img aria-describedby=\"caption-attachment-117\" class=\"size-medium wp-image-117 \" src=\"https:\/\/wp.ufpel.edu.br\/ich\/files\/2013\/12\/Sidney-266x300.jpg\" alt=\"\" width=\"266\" height=\"300\" srcset=\"https:\/\/wp.ufpel.edu.br\/ich\/files\/2013\/12\/Sidney-266x300.jpg 266w, https:\/\/wp.ufpel.edu.br\/ich\/files\/2013\/12\/Sidney.jpg 800w\" sizes=\"(max-width: 266px) 100vw, 266px\" \/><\/a><p id=\"caption-attachment-117\" class=\"wp-caption-text\">Sidney Gon\u00e7alves Vieira<br \/>(1993-1997, 2010- 2014, 2014 &#8211; 2018)<\/p><\/div>\n<p>&nbsp;<\/p>\n<p>&nbsp;<\/p>\n<p><a href=\"https:\/\/wp.ufpel.edu.br\/ich\/files\/2013\/12\/DSC_00241.jpg\"><br \/>\n<img class=\" size-medium wp-image-388 aligncenter\" src=\"https:\/\/wp.ufpel.edu.br\/ich\/files\/2013\/12\/DSC_00241-300x200.jpg\" alt=\"DSC_0024\" width=\"300\" height=\"200\" srcset=\"https:\/\/wp.ufpel.edu.br\/ich\/files\/2013\/12\/DSC_00241-300x200.jpg 300w, https:\/\/wp.ufpel.edu.br\/ich\/files\/2013\/12\/DSC_00241-1024x683.jpg 1024w\" sizes=\"(max-width: 300px) 100vw, 300px\" \/><\/a><\/p>\n<p style=\"text-align: center;\"><a href=\"https:\/\/wp.ufpel.edu.br\/ich\/files\/2013\/12\/foto-11.jpg\"><span class=\"Apple-style-span\">Sidney Gon\u00e7alves Vieira (Diretor)<br \/>\nSebasti\u00e3o Peres (Vice-Diretor)<\/span><\/a><\/p>\n<p style=\"text-align: center;\">(Gest\u00e3o 2014-2018)<\/p>\n<p>&nbsp;<\/p>\n<p style=\"text-align: center;\"><a href=\"https:\/\/wp.ufpel.edu.br\/ich\/files\/2018\/10\/Sebasti\u00e3o_Andrea.jpg\"><br \/>\n<img class=\"aligncenter size-full wp-image-3304\" src=\"https:\/\/wp.ufpel.edu.br\/ich\/files\/2018\/10\/Sebasti\u00e3o_Andrea.jpg\" alt=\"\" width=\"1280\" height=\"720\" srcset=\"https:\/\/wp.ufpel.edu.br\/ich\/files\/2018\/10\/Sebasti\u00e3o_Andrea.jpg 1280w, https:\/\/wp.ufpel.edu.br\/ich\/files\/2018\/10\/Sebasti\u00e3o_Andrea-400x225.jpg 400w, https:\/\/wp.ufpel.edu.br\/ich\/files\/2018\/10\/Sebasti\u00e3o_Andrea-768x432.jpg 768w, https:\/\/wp.ufpel.edu.br\/ich\/files\/2018\/10\/Sebasti\u00e3o_Andrea-1024x576.jpg 1024w\" sizes=\"(max-width: 1280px) 100vw, 1280px\" \/><\/a><\/p>\n<p style=\"text-align: center;\">Diretor Sebasti\u00e3o Peres<\/p>\n<p style=\"text-align: center;\">Vice-Diretora Andr\u00e9a Lacerda Bachettini<\/p>\n<p style=\"text-align: center;\">(Gest\u00e3o 2018- 2022)<\/p>\n<p style=\"text-align: center;\">(Gest\u00e3o 2022- 2026)<\/p>\n<p>&nbsp;<\/p>\n","protected":false},"excerpt":{"rendered":"<p>\u00a0 \u00a0 \u00a0 &nbsp; &nbsp; Sidney Gon\u00e7alves Vieira (Diretor) Sebasti\u00e3o Peres (Vice-Diretor) (Gest\u00e3o 2014-2018) &nbsp; Diretor Sebasti\u00e3o Peres Vice-Diretora Andr\u00e9a Lacerda Bachettini (Gest\u00e3o 2018- 2022) (Gest\u00e3o 2022- 2026) &nbsp;<\/p>\n","protected":false},"author":332,"featured_media":0,"parent":0,"menu_order":0,"comment_status":"closed","ping_status":"closed","template":"","meta":{"jetpack_post_was_ever_published":false,"footnotes":""},"class_list":["post-49","page","type-page","status-publish","hentry"],"jetpack_sharing_enabled":true,"jetpack_shortlink":"https:\/\/wp.me\/P5MuF3-N","_links":{"self":[{"href":"https:\/\/wp.ufpel.edu.br\/ich\/wp-json\/wp\/v2\/pages\/49","targetHints":{"allow":["GET"]}}],"collection":[{"href":"https:\/\/wp.ufpel.edu.br\/ich\/wp-json\/wp\/v2\/pages"}],"about":[{"href":"https:\/\/wp.ufpel.edu.br\/ich\/wp-json\/wp\/v2\/types\/page"}],"author":[{"embeddable":true,"href":"https:\/\/wp.ufpel.edu.br\/ich\/wp-json\/wp\/v2\/users\/332"}],"replies":[{"embeddable":true,"href":"https:\/\/wp.ufpel.edu.br\/ich\/wp-json\/wp\/v2\/comments?post=49"}],"version-history":[{"count":34,"href":"https:\/\/wp.ufpel.edu.br\/ich\/wp-json\/wp\/v2\/pages\/49\/revisions"}],"predecessor-version":[{"id":4024,"href":"https:\/\/wp.ufpel.edu.br\/ich\/wp-json\/wp\/v2\/pages\/49\/revisions\/4024"}],"wp:attachment":[{"href":"https:\/\/wp.ufpel.edu.br\/ich\/wp-json\/wp\/v2\/media?parent=49"}],"curies":[{"name":"wp","href":"https:\/\/api.w.org\/{rel}","templated":true}]}}