{"id":47,"date":"2013-12-06T18:58:39","date_gmt":"2013-12-06T20:58:39","guid":{"rendered":"https:\/\/wp.ufpel.edu.br\/ich\/?page_id=47"},"modified":"2018-07-13T11:50:04","modified_gmt":"2018-07-13T14:50:04","slug":"campus","status":"publish","type":"page","link":"https:\/\/wp.ufpel.edu.br\/ich\/campus\/","title":{"rendered":"Campus"},"content":{"rendered":"<p>O ICH est\u00e1 distribu\u00eddo entre os seguintes endere\u00e7os que constituem seus Campus.<\/p>\n<p><strong><span style=\"font-size: 14pt;color: #ff0000\">1. Campus I <\/span><\/strong><strong><span style=\"font-size: 14pt;color: #ff0000\">Alberto Rosa <\/span><\/strong><strong><span style=\"font-size: 14pt;color: #ff0000\">&#8211; ICH\/CCHS\u00a0<\/span><br \/>\n<\/strong><\/p>\n<p><strong> Rua Cel. Alberto Rosa, 154 &#8211; T\u00e9rreo<br \/>\n<\/strong>Secretaria Geral da Unidade<br \/>\nGabinete da\u00a0Dire\u00e7\u00e3o<br \/>\nCursos de Hist\u00f3ria (Licenciatura e Bacharelado)<br \/>\nCurso de Antropologia e Arqueologia<br \/>\nMestrado em Hist\u00f3ria<br \/>\nMestrado em Geografia<br \/>\nMestrado em Antropologia<br \/>\nLaborat\u00f3rios de Ensino, Pesquisa e Extens\u00e3o<\/p>\n<p><span style=\"font-size: 14pt;color: #ff0000\"><strong>2. Campus II &#8211; Geografia, Museologia, Conserva\u00e7\u00e3o e Restaura\u00e7\u00e3o<\/strong><\/span><\/p>\n<p><strong>Rua\u00a0Almirante Barroso, 1202<br \/>\n<\/strong>Cursos de Geografia (Licenciatura e Bacharelado)<br \/>\nLaborat\u00f3rio de Geoprocessamento e Laborat\u00f3rio de Cartografia<br \/>\nCurso de Bacharelado em Conserva\u00e7\u00e3o e Restaura\u00e7\u00e3o de Bens Culturais Moveis<br \/>\nCurso de Bacharelado em Museologia<br \/>\nPrograma de P\u00f3s Gradua\u00e7\u00e3o em Mem\u00f3ria Social e Patrim\u00f4nio Cultural<br \/>\n(Mestrado e Doutorado)<br \/>\nLaborat\u00f3rios de Ensino, Extens\u00e3o e Pesquisa<\/p>\n<p>Audit\u00f3rio T\u00e9rreo (250 lugares)<\/p>\n<p>Audit\u00f3rio Terceiro Piso (124 lugares)<\/p>\n<p>&nbsp;<\/p>\n<p><span style=\"font-size: 12pt\"><strong><span style=\"font-size: 14pt;color: #ff0000\">3. Campus ANGLO<\/span> &#8211; <\/strong><\/span><span style=\"font-size: 12pt\"><strong><span style=\"font-size: 14pt;color: #ff0000\">Economia<\/span><\/strong><\/span><\/p>\n<p><span style=\"font-size: 12pt\"><strong>Rua Gomes Carneiro, 1 &#8211; 4\u00ba andar<br \/>\n<\/strong>Curso de Ci\u00eancias Econ\u00f4micas<\/span><br \/>\n<span style=\"font-size: 12pt\"> Mestrado em Organiza\u00e7\u00f5es e Mercados<\/span><\/p>\n<p><strong><span style=\"font-size: 14pt;color: #ff0000\">4. Campus Santa Tecla &#8211;<\/span> <\/strong><strong><span style=\"font-size: 14pt;color: #ff0000\">L\u00c2MINA<\/span><\/strong><\/p>\n<p><strong>Rua\u00a0Santa Tecla,\u00a0408<\/strong><strong><br \/>\n<\/strong>Lamina &#8211; Laborat\u00f3rio Multidisciplinar de Investiga\u00e7\u00e3o Arqueol\u00f3gica<strong><br \/>\n<\/strong><\/p>\n<p><span style=\"font-size: 14pt;color: #ff0000\"><strong>5. Museu do Doce<\/strong><\/span><\/p>\n<p><strong>Pra\u00e7a Coronel Pedro Os\u00f3rio, 8<\/strong><br \/>\nMuseu do Doce<\/p>\n<p>&nbsp;<\/p>\n<p><strong>OBS.: Os colegiados dos Cursos e os\u00a0\u00a0Departamentos funcionam nos endere\u00e7os dos respectivos cursos.<\/strong><\/p>\n<p>&nbsp;<\/p>\n","protected":false},"excerpt":{"rendered":"<p>O ICH est\u00e1 distribu\u00eddo entre os seguintes endere\u00e7os que constituem seus Campus. 1. Campus I Alberto Rosa &#8211; ICH\/CCHS\u00a0 Rua Cel. Alberto Rosa, 154 &#8211; T\u00e9rreo Secretaria Geral da Unidade Gabinete da\u00a0Dire\u00e7\u00e3o Cursos de Hist\u00f3ria (Licenciatura e Bacharelado) Curso de Antropologia e Arqueologia Mestrado em Hist\u00f3ria Mestrado em Geografia Mestrado em Antropologia Laborat\u00f3rios de Ensino, [&hellip;]<\/p>\n","protected":false},"author":332,"featured_media":0,"parent":0,"menu_order":0,"comment_status":"closed","ping_status":"closed","template":"","meta":{"jetpack_post_was_ever_published":false,"footnotes":""},"class_list":["post-47","page","type-page","status-publish","hentry"],"jetpack_sharing_enabled":true,"jetpack_shortlink":"https:\/\/wp.me\/P5MuF3-L","_links":{"self":[{"href":"https:\/\/wp.ufpel.edu.br\/ich\/wp-json\/wp\/v2\/pages\/47","targetHints":{"allow":["GET"]}}],"collection":[{"href":"https:\/\/wp.ufpel.edu.br\/ich\/wp-json\/wp\/v2\/pages"}],"about":[{"href":"https:\/\/wp.ufpel.edu.br\/ich\/wp-json\/wp\/v2\/types\/page"}],"author":[{"embeddable":true,"href":"https:\/\/wp.ufpel.edu.br\/ich\/wp-json\/wp\/v2\/users\/332"}],"replies":[{"embeddable":true,"href":"https:\/\/wp.ufpel.edu.br\/ich\/wp-json\/wp\/v2\/comments?post=47"}],"version-history":[{"count":25,"href":"https:\/\/wp.ufpel.edu.br\/ich\/wp-json\/wp\/v2\/pages\/47\/revisions"}],"predecessor-version":[{"id":3173,"href":"https:\/\/wp.ufpel.edu.br\/ich\/wp-json\/wp\/v2\/pages\/47\/revisions\/3173"}],"wp:attachment":[{"href":"https:\/\/wp.ufpel.edu.br\/ich\/wp-json\/wp\/v2\/media?parent=47"}],"curies":[{"name":"wp","href":"https:\/\/api.w.org\/{rel}","templated":true}]}}