{"id":462,"date":"2015-03-12T03:22:00","date_gmt":"2015-03-12T06:22:00","guid":{"rendered":"https:\/\/wp.ufpel.edu.br\/ich\/?page_id=462"},"modified":"2015-03-12T03:24:20","modified_gmt":"2015-03-12T06:24:20","slug":"ich-uno-e-multiplo","status":"publish","type":"page","link":"https:\/\/wp.ufpel.edu.br\/ich\/portarias-do-ich-2\/ich-uno-e-multiplo\/","title":{"rendered":"ICH UNO E M\u00daLTIPLO"},"content":{"rendered":"<p>NOVO ICH<\/p>\n<p>A proposta de construir um novo ICH n\u00e3o vem da ideia de que o que foi feito at\u00e9 agora deve ser deixado para tr\u00e1s. Muito pelo contr\u00e1rio, reconhecendo o processo social e hist\u00f3rico de produ\u00e7\u00e3o de nossa realidade o que se deseja \u00e9 consubstanciar o que somos na contemporaneidade.<\/p>\n<p>Hoje, o ICH j\u00e1 n\u00e3o pode mais ser visto como aquela unidade que estava instalada na Pra\u00e7a 7 de julho, 180, em frente ao Mercado Municipal. \u00c9poca em que contava com os cursos de Hist\u00f3ria, Geografia e Filosofia, poucos professores e um limitado espa\u00e7o de pesquisa e extens\u00e3o. No presente, somos 75 servidores docentes\u00a0do quadro permanente, 27 servidores t\u00e9cnico-administrativos, estamos em uma estrutura multi-campus com seis endere\u00e7os diferentes, atendendo nove cursos de gradua\u00e7\u00e3o, cinco programas de p\u00f3s-gradua\u00e7\u00e3o, incluindo um doutorado e contamos com cerca de 1.400 alunos matriculados. Por isso, j\u00e1 somos um NOVO ICH.<\/p>\n<p>O que precisamos agora \u00e9 de um espa\u00e7o\u00a0que abrigue todas nossas ideias e projetos. Quereos construir isso juntos, para um futuro de unidade e compartilhamento.<\/p>\n<p>A proposta original est\u00e1 no documento j\u00e1 elaborado em 2012, que \u00e9 apresentado como subs\u00edido para a constru\u00e7\u00e3o do Novo Plano de Necssidades do ICH.<\/p>\n<p>Contribua com suas ideias e sugest\u00f5es.<\/p>\n<p><a href=\"https:\/\/wp.ufpel.edu.br\/ich\/files\/2015\/03\/Plano_Necessidades_Depto_X.docx\">Plano_Necessidades_Depto_X<\/a><\/p>\n<p><a href=\"https:\/\/wp.ufpel.edu.br\/ich\/files\/2015\/03\/ICH_UNO_M\u00daLTIPLO.pdf\">ICH_UNO_M\u00daLTIPLO<\/a><\/p>\n","protected":false},"excerpt":{"rendered":"<p>NOVO ICH A proposta de construir um novo ICH n\u00e3o vem da ideia de que o que foi feito at\u00e9 agora deve ser deixado para tr\u00e1s. Muito pelo contr\u00e1rio, reconhecendo o processo social e hist\u00f3rico de produ\u00e7\u00e3o de nossa realidade o que se deseja \u00e9 consubstanciar o que somos na contemporaneidade. Hoje, o ICH j\u00e1 [&hellip;]<\/p>\n","protected":false},"author":332,"featured_media":0,"parent":172,"menu_order":0,"comment_status":"closed","ping_status":"closed","template":"","meta":{"jetpack_post_was_ever_published":false,"footnotes":""},"class_list":["post-462","page","type-page","status-publish","hentry"],"jetpack_sharing_enabled":true,"jetpack_shortlink":"https:\/\/wp.me\/P5MuF3-7s","_links":{"self":[{"href":"https:\/\/wp.ufpel.edu.br\/ich\/wp-json\/wp\/v2\/pages\/462","targetHints":{"allow":["GET"]}}],"collection":[{"href":"https:\/\/wp.ufpel.edu.br\/ich\/wp-json\/wp\/v2\/pages"}],"about":[{"href":"https:\/\/wp.ufpel.edu.br\/ich\/wp-json\/wp\/v2\/types\/page"}],"author":[{"embeddable":true,"href":"https:\/\/wp.ufpel.edu.br\/ich\/wp-json\/wp\/v2\/users\/332"}],"replies":[{"embeddable":true,"href":"https:\/\/wp.ufpel.edu.br\/ich\/wp-json\/wp\/v2\/comments?post=462"}],"version-history":[{"count":2,"href":"https:\/\/wp.ufpel.edu.br\/ich\/wp-json\/wp\/v2\/pages\/462\/revisions"}],"predecessor-version":[{"id":467,"href":"https:\/\/wp.ufpel.edu.br\/ich\/wp-json\/wp\/v2\/pages\/462\/revisions\/467"}],"up":[{"embeddable":true,"href":"https:\/\/wp.ufpel.edu.br\/ich\/wp-json\/wp\/v2\/pages\/172"}],"wp:attachment":[{"href":"https:\/\/wp.ufpel.edu.br\/ich\/wp-json\/wp\/v2\/media?parent=462"}],"curies":[{"name":"wp","href":"https:\/\/api.w.org\/{rel}","templated":true}]}}