{"id":416,"date":"2015-03-09T11:40:59","date_gmt":"2015-03-09T14:40:59","guid":{"rendered":"https:\/\/wp.ufpel.edu.br\/ich\/?page_id=416"},"modified":"2023-05-18T13:04:38","modified_gmt":"2023-05-18T16:04:38","slug":"secretaria-e-direcao","status":"publish","type":"page","link":"https:\/\/wp.ufpel.edu.br\/ich\/contato\/secretaria-e-direcao\/","title":{"rendered":"Secretaria e Dire\u00e7\u00e3o"},"content":{"rendered":"<div style=\"text-align: center;\">\n<div style=\"text-align: center;\">\n<p style=\"text-align: left;\"><span style=\"text-decoration: underline;\"><span style=\"color: #993366;\"><strong><span style=\"font-size: 14pt;\">Secretaria Geral\u00a0do ICH<\/span><\/strong><\/span><\/span><\/p>\n<p style=\"text-align: left;\">End.: Rua Coronel Alberto Rosa, 154<\/p>\n<p style=\"text-align: left;\">96010-770 Pelotas \/ RS<\/p>\n<p style=\"text-align: left;\">Telefone:<br \/>\n53 3284 5522 ou 3284 5523<\/p>\n<p style=\"text-align: left;\"><span style=\"background-color: #ccffff;\">Hor\u00e1rio de funcionamento:<\/span><\/p>\n<p style=\"text-align: left;\"><strong>Segundas e Quartas-feiras<\/strong><\/p>\n<p style=\"text-align: left;\">14h \u00e0s 20h<\/p>\n<p style=\"text-align: left;\"><strong>Ter\u00e7as, Quintas e Sextas-feiras<\/strong><\/p>\n<p style=\"text-align: left;\">8h \u00e0s 14h<\/p>\n<p style=\"text-align: left;\"><span style=\"font-size: 12pt;\"><strong>Secret\u00e1ria:<\/strong> Adriana de Souza Gomes<br \/>\n<\/span><\/p>\n<p style=\"text-align: left;\"><span style=\"font-size: 12pt;\">E-mail geral: secretariaich@gmail.com<\/span><\/p>\n<p>&nbsp;<\/p>\n<p style=\"text-align: left;\"><span style=\"text-decoration: underline;\"><span style=\"font-size: 14pt; color: #993366;\"><strong>Dire\u00e7\u00e3o<\/strong><\/span><\/span><\/p>\n<p style=\"text-align: left;\">Diretor: Sebasti\u00e3o Peres<\/p>\n<\/div>\n<div>\n<p style=\"text-align: left;\">E-mail:speres.ufpel@gmail.com<\/p>\n<p style=\"text-align: left;\">Telefone: 53 98141 2332<\/p>\n<p style=\"text-align: left;\">Vice-Diretora: Andr\u00e9a Lacerda Bachettini<\/p>\n<p style=\"text-align: left;\">E-mail: andreabachettini@gmail.com<\/p>\n<p style=\"text-align: left;\">Telefone: 53 991511915<\/p>\n<p>&nbsp;<\/p>\n<p style=\"text-align: left;\"><span style=\"text-decoration: underline;\"><span style=\"font-size: 14pt; color: #993366;\"><strong>N\u00facleo Administrativo<\/strong><\/span><\/span><\/p>\n<div>\n<p style=\"text-align: left;\"><span style=\"font-size: 12pt;\">Chefe do N\u00facleo Administrativo: Mariuza Toledo Pinheiro<\/span><\/p>\n<\/div>\n<div style=\"text-align: center;\">\n<p style=\"text-align: left;\"><span style=\"font-size: 12pt;\">E-mail: nucleoadm.ich@gmail.com \/ mariuza.pinheiro@ufpel.edu.br<\/span><\/p>\n<p style=\"text-align: left;\"><span style=\"background-color: #ccffff;\">Hor\u00e1rio de funcionamento: <\/span><\/p>\n<p style=\"text-align: left;\"><strong>Seg., Ter\u00e7a, Quinta e Sexta-feira<\/strong>: das 09h00min \u00e0s 13h00min<\/p>\n<p style=\"text-align: left;\"><strong>Quarta-feira:<\/strong> 14h00min \u00e0s 18h00min<\/p>\n<\/div>\n<\/div>\n<\/div>\n","protected":false},"excerpt":{"rendered":"<p>Secretaria Geral\u00a0do ICH End.: Rua Coronel Alberto Rosa, 154 96010-770 Pelotas \/ RS Telefone: 53 3284 5522 ou 3284 5523 Hor\u00e1rio de funcionamento: Segundas e Quartas-feiras 14h \u00e0s 20h Ter\u00e7as, Quintas e Sextas-feiras 8h \u00e0s 14h Secret\u00e1ria: Adriana de Souza Gomes E-mail geral: secretariaich@gmail.com &nbsp; Dire\u00e7\u00e3o Diretor: Sebasti\u00e3o Peres E-mail:speres.ufpel@gmail.com Telefone: 53 98141 2332 Vice-Diretora: [&hellip;]<\/p>\n","protected":false},"author":332,"featured_media":0,"parent":33,"menu_order":0,"comment_status":"closed","ping_status":"closed","template":"","meta":{"jetpack_post_was_ever_published":false,"footnotes":""},"class_list":["post-416","page","type-page","status-publish","hentry"],"jetpack_sharing_enabled":true,"jetpack_shortlink":"https:\/\/wp.me\/P5MuF3-6I","_links":{"self":[{"href":"https:\/\/wp.ufpel.edu.br\/ich\/wp-json\/wp\/v2\/pages\/416","targetHints":{"allow":["GET"]}}],"collection":[{"href":"https:\/\/wp.ufpel.edu.br\/ich\/wp-json\/wp\/v2\/pages"}],"about":[{"href":"https:\/\/wp.ufpel.edu.br\/ich\/wp-json\/wp\/v2\/types\/page"}],"author":[{"embeddable":true,"href":"https:\/\/wp.ufpel.edu.br\/ich\/wp-json\/wp\/v2\/users\/332"}],"replies":[{"embeddable":true,"href":"https:\/\/wp.ufpel.edu.br\/ich\/wp-json\/wp\/v2\/comments?post=416"}],"version-history":[{"count":18,"href":"https:\/\/wp.ufpel.edu.br\/ich\/wp-json\/wp\/v2\/pages\/416\/revisions"}],"predecessor-version":[{"id":4051,"href":"https:\/\/wp.ufpel.edu.br\/ich\/wp-json\/wp\/v2\/pages\/416\/revisions\/4051"}],"up":[{"embeddable":true,"href":"https:\/\/wp.ufpel.edu.br\/ich\/wp-json\/wp\/v2\/pages\/33"}],"wp:attachment":[{"href":"https:\/\/wp.ufpel.edu.br\/ich\/wp-json\/wp\/v2\/media?parent=416"}],"curies":[{"name":"wp","href":"https:\/\/api.w.org\/{rel}","templated":true}]}}