{"id":405,"date":"2015-03-09T11:32:36","date_gmt":"2015-03-09T14:32:36","guid":{"rendered":"https:\/\/wp.ufpel.edu.br\/ich\/?page_id=405"},"modified":"2022-05-03T10:35:16","modified_gmt":"2022-05-03T13:35:16","slug":"ppg-em-memoria-social-e-patrimonio-cultural","status":"publish","type":"page","link":"https:\/\/wp.ufpel.edu.br\/ich\/pos-graduacao\/ppg-em-memoria-social-e-patrimonio-cultural\/","title":{"rendered":"PPG em Mem\u00f3ria Social e Patrim\u00f4nio Cultural"},"content":{"rendered":"<p><span style=\"font-size: 12pt;\"><strong><a title=\"Mem\u00f3ria e Patrim\u00f4nio\" href=\"http:\/\/www2.ufpel.edu.br\/ich\/ppgmp\/\" target=\"_blank\" rel=\"noopener noreferrer\">Programa de P\u00f3s-Gradua\u00e7\u00e3o em Mem\u00f3ria Social e Patrim\u00f4nio Cultural<\/a><a title=\"Mem\u00f3ria e Patrim\u00f4nio\" href=\"http:\/\/www2.ufpel.edu.br\/ich\/ppgmp\/\" target=\"_blank\" rel=\"noopener noreferrer\">&#8211; Mestrado e Doutorado<\/a><\/strong><\/span><\/p>\n<p><strong>Campus 2 ICH\u00a0<\/strong><\/p>\n<div>Rua Almirante Barroso, 1202, sala 312.<\/div>\n<p>96010-280 Pelotas \/ RS.<\/p>\n<p>Telefone: 32844309<\/p>\n<p>&nbsp;<\/p>\n<p><strong>Coordenadora: Daniele Baltz da Fonseca<\/strong><\/p>\n<p>E-mail: danielefonseca1980@gmail.com<\/p>\n<p><strong>Vice-Coordenadora: Maria Let\u00edcia Mazzucchi Ferreira<\/strong><\/p>\n<p>e-mail: leticiamazzucchi@gmail.com<\/p>\n<p><strong>Secret\u00e1rio: Bruno Cassel Neto<\/strong><\/p>\n<p>E-mail: memoriapatrimonio@ufpel.edu.br<\/p>\n","protected":false},"excerpt":{"rendered":"<p>Programa de P\u00f3s-Gradua\u00e7\u00e3o em Mem\u00f3ria Social e Patrim\u00f4nio Cultural&#8211; Mestrado e Doutorado Campus 2 ICH\u00a0 Rua Almirante Barroso, 1202, sala 312. 96010-280 Pelotas \/ RS. Telefone: 32844309 &nbsp; Coordenadora: Daniele Baltz da Fonseca E-mail: danielefonseca1980@gmail.com Vice-Coordenadora: Maria Let\u00edcia Mazzucchi Ferreira e-mail: leticiamazzucchi@gmail.com Secret\u00e1rio: Bruno Cassel Neto E-mail: memoriapatrimonio@ufpel.edu.br<\/p>\n","protected":false},"author":332,"featured_media":0,"parent":27,"menu_order":0,"comment_status":"closed","ping_status":"closed","template":"","meta":{"jetpack_post_was_ever_published":false,"footnotes":""},"class_list":["post-405","page","type-page","status-publish","hentry"],"jetpack_sharing_enabled":true,"jetpack_shortlink":"https:\/\/wp.me\/P5MuF3-6x","_links":{"self":[{"href":"https:\/\/wp.ufpel.edu.br\/ich\/wp-json\/wp\/v2\/pages\/405","targetHints":{"allow":["GET"]}}],"collection":[{"href":"https:\/\/wp.ufpel.edu.br\/ich\/wp-json\/wp\/v2\/pages"}],"about":[{"href":"https:\/\/wp.ufpel.edu.br\/ich\/wp-json\/wp\/v2\/types\/page"}],"author":[{"embeddable":true,"href":"https:\/\/wp.ufpel.edu.br\/ich\/wp-json\/wp\/v2\/users\/332"}],"replies":[{"embeddable":true,"href":"https:\/\/wp.ufpel.edu.br\/ich\/wp-json\/wp\/v2\/comments?post=405"}],"version-history":[{"count":7,"href":"https:\/\/wp.ufpel.edu.br\/ich\/wp-json\/wp\/v2\/pages\/405\/revisions"}],"predecessor-version":[{"id":3926,"href":"https:\/\/wp.ufpel.edu.br\/ich\/wp-json\/wp\/v2\/pages\/405\/revisions\/3926"}],"up":[{"embeddable":true,"href":"https:\/\/wp.ufpel.edu.br\/ich\/wp-json\/wp\/v2\/pages\/27"}],"wp:attachment":[{"href":"https:\/\/wp.ufpel.edu.br\/ich\/wp-json\/wp\/v2\/media?parent=405"}],"curies":[{"name":"wp","href":"https:\/\/api.w.org\/{rel}","templated":true}]}}