{"id":403,"date":"2015-03-09T11:32:05","date_gmt":"2015-03-09T14:32:05","guid":{"rendered":"https:\/\/wp.ufpel.edu.br\/ich\/?page_id=403"},"modified":"2023-05-18T13:30:17","modified_gmt":"2023-05-18T16:30:17","slug":"ppg-em-organizacoes-e-mercados","status":"publish","type":"page","link":"https:\/\/wp.ufpel.edu.br\/ich\/ppg-em-organizacoes-e-mercados\/","title":{"rendered":"PPG em Organiza\u00e7\u00f5es e Mercados"},"content":{"rendered":"<p><a title=\"Mestrado em Economia\" href=\"http:\/\/ich.ufpel.edu.br\/economia\/conteudo.php?pagina=34\" target=\"_blank\" rel=\"noopener\"><span style=\"font-size: 12pt;\"><strong>Programa de P\u00f3s-Gradua\u00e7\u00e3o em Organiza\u00e7\u00f5es e Mercados<\/strong><\/span><\/a><\/p>\n<p><strong>Campus ICH ANGLO<\/strong><\/p>\n<p>Rua Gomes Carneiro n\u00ba 1 \u2013 4\u00ba andar<\/p>\n<p>Universidade Federal de Pelotas (UFPel) \u2013 Campus Porto<\/p>\n<p>Pelotas, RS, CEP: 96010-610<\/p>\n<p>Telefone: \u00a03921-1429<\/p>\n<p>&nbsp;<\/p>\n<p><strong>Coordena\u00e7\u00e3o: <\/strong>Prof. Daniel de Abreu Pereira Uhr<strong><br \/>\n<\/strong><\/p>\n<p>TAE: Vanessa da Silva Devantier<\/p>\n<p><span class=\"Apple-style-span\">E-mail: ppgom@ufpel.edu.br<\/span><\/p>\n<p><span class=\"Apple-style-span\" style=\"color: #000000;\"><b>\u00a0<\/b><\/span><\/p>\n<p>&nbsp;<\/p>\n<p>&nbsp;<\/p>\n","protected":false},"excerpt":{"rendered":"<p>Programa de P\u00f3s-Gradua\u00e7\u00e3o em Organiza\u00e7\u00f5es e Mercados Campus ICH ANGLO Rua Gomes Carneiro n\u00ba 1 \u2013 4\u00ba andar Universidade Federal de Pelotas (UFPel) \u2013 Campus Porto Pelotas, RS, CEP: 96010-610 Telefone: \u00a03921-1429 &nbsp; Coordena\u00e7\u00e3o: Prof. Daniel de Abreu Pereira Uhr TAE: Vanessa da Silva Devantier E-mail: ppgom@ufpel.edu.br \u00a0 &nbsp; &nbsp;<\/p>\n","protected":false},"author":332,"featured_media":0,"parent":0,"menu_order":0,"comment_status":"closed","ping_status":"closed","template":"","meta":{"jetpack_post_was_ever_published":false,"footnotes":""},"class_list":["post-403","page","type-page","status-publish","hentry"],"jetpack_sharing_enabled":true,"jetpack_shortlink":"https:\/\/wp.me\/P5MuF3-6v","_links":{"self":[{"href":"https:\/\/wp.ufpel.edu.br\/ich\/wp-json\/wp\/v2\/pages\/403","targetHints":{"allow":["GET"]}}],"collection":[{"href":"https:\/\/wp.ufpel.edu.br\/ich\/wp-json\/wp\/v2\/pages"}],"about":[{"href":"https:\/\/wp.ufpel.edu.br\/ich\/wp-json\/wp\/v2\/types\/page"}],"author":[{"embeddable":true,"href":"https:\/\/wp.ufpel.edu.br\/ich\/wp-json\/wp\/v2\/users\/332"}],"replies":[{"embeddable":true,"href":"https:\/\/wp.ufpel.edu.br\/ich\/wp-json\/wp\/v2\/comments?post=403"}],"version-history":[{"count":4,"href":"https:\/\/wp.ufpel.edu.br\/ich\/wp-json\/wp\/v2\/pages\/403\/revisions"}],"predecessor-version":[{"id":4056,"href":"https:\/\/wp.ufpel.edu.br\/ich\/wp-json\/wp\/v2\/pages\/403\/revisions\/4056"}],"wp:attachment":[{"href":"https:\/\/wp.ufpel.edu.br\/ich\/wp-json\/wp\/v2\/media?parent=403"}],"curies":[{"name":"wp","href":"https:\/\/api.w.org\/{rel}","templated":true}]}}