{"id":401,"date":"2015-03-09T11:31:37","date_gmt":"2015-03-09T14:31:37","guid":{"rendered":"https:\/\/wp.ufpel.edu.br\/ich\/?page_id=401"},"modified":"2022-05-03T10:42:47","modified_gmt":"2022-05-03T13:42:47","slug":"ppg-em-antropologia-e-arqueologia","status":"publish","type":"page","link":"https:\/\/wp.ufpel.edu.br\/ich\/ppg-em-antropologia-e-arqueologia\/","title":{"rendered":"PPG em Antropologia"},"content":{"rendered":"<p><span style=\"font-size: 12pt;\"><strong><a title=\"Mestrado em Antropologia\" href=\"https:\/\/wp.ufpel.edu.br\/ppgant\/\" target=\"_blank\" rel=\"noopener\">Programa de P\u00f3s-Gradua\u00e7\u00e3o em Antropologia<\/a><\/strong><\/span><\/p>\n<p><strong>Campus ICH ALBERTO ROSA<\/strong><\/p>\n<p>Rua Alberto Rosa, 154 &#8211; Sala 117<\/p>\n<p>96010-770\u00a0 Pelotas \/ RS<\/p>\n<p>Telefone +55 (53) 3284 5528<\/p>\n<p>&nbsp;<\/p>\n<p><strong>Coordenador: Prof. Rogerio Reus Gon\u00e7alves da Rosa\u00a0<\/strong><\/p>\n<p><span class=\"Apple-style-span\"><strong>Secret\u00e1rio: Adriano Alvarenga Pereira<\/strong><\/span><\/p>\n<p>E-mail: ppgant@ufpel.edu.br<\/p>\n<p><b>\u00a0<\/b><\/p>\n<p>&nbsp;<\/p>\n<p>&nbsp;<\/p>\n<p>&nbsp;<\/p>\n","protected":false},"excerpt":{"rendered":"<p>Programa de P\u00f3s-Gradua\u00e7\u00e3o em Antropologia Campus ICH ALBERTO ROSA Rua Alberto Rosa, 154 &#8211; Sala 117 96010-770\u00a0 Pelotas \/ RS Telefone +55 (53) 3284 5528 &nbsp; Coordenador: Prof. Rogerio Reus Gon\u00e7alves da Rosa\u00a0 Secret\u00e1rio: Adriano Alvarenga Pereira E-mail: ppgant@ufpel.edu.br \u00a0 &nbsp; &nbsp; &nbsp;<\/p>\n","protected":false},"author":332,"featured_media":0,"parent":0,"menu_order":0,"comment_status":"closed","ping_status":"closed","template":"","meta":{"jetpack_post_was_ever_published":false,"footnotes":""},"class_list":["post-401","page","type-page","status-publish","hentry"],"jetpack_sharing_enabled":true,"jetpack_shortlink":"https:\/\/wp.me\/P5MuF3-6t","_links":{"self":[{"href":"https:\/\/wp.ufpel.edu.br\/ich\/wp-json\/wp\/v2\/pages\/401","targetHints":{"allow":["GET"]}}],"collection":[{"href":"https:\/\/wp.ufpel.edu.br\/ich\/wp-json\/wp\/v2\/pages"}],"about":[{"href":"https:\/\/wp.ufpel.edu.br\/ich\/wp-json\/wp\/v2\/types\/page"}],"author":[{"embeddable":true,"href":"https:\/\/wp.ufpel.edu.br\/ich\/wp-json\/wp\/v2\/users\/332"}],"replies":[{"embeddable":true,"href":"https:\/\/wp.ufpel.edu.br\/ich\/wp-json\/wp\/v2\/comments?post=401"}],"version-history":[{"count":6,"href":"https:\/\/wp.ufpel.edu.br\/ich\/wp-json\/wp\/v2\/pages\/401\/revisions"}],"predecessor-version":[{"id":3929,"href":"https:\/\/wp.ufpel.edu.br\/ich\/wp-json\/wp\/v2\/pages\/401\/revisions\/3929"}],"wp:attachment":[{"href":"https:\/\/wp.ufpel.edu.br\/ich\/wp-json\/wp\/v2\/media?parent=401"}],"curies":[{"name":"wp","href":"https:\/\/api.w.org\/{rel}","templated":true}]}}