{"id":399,"date":"2015-03-09T11:31:11","date_gmt":"2015-03-09T14:31:11","guid":{"rendered":"https:\/\/wp.ufpel.edu.br\/ich\/?page_id=399"},"modified":"2022-05-03T10:44:48","modified_gmt":"2022-05-03T13:44:48","slug":"ppg-em-historia","status":"publish","type":"page","link":"https:\/\/wp.ufpel.edu.br\/ich\/ppg-em-historia\/","title":{"rendered":"PPG em Hist\u00f3ria"},"content":{"rendered":"<p><span style=\"font-size: 12pt;\"><strong><a title=\"Mestrado em Hist\u00f3ria\" href=\"http:\/\/ich.ufpel.edu.br\/ppgh\/\" target=\"_blank\" rel=\"noopener noreferrer\">Programa de P\u00f3s-Gradua\u00e7\u00e3o em Hist\u00f3ria &#8211; Mestrado e Doutorado<\/a><\/strong><\/span><\/p>\n<p><strong>ICH CAMPUS ALBERTO ROSA<\/strong><\/p>\n<p><span class=\"text12\">Rua Cel. Alberto Rosa, 154 \u2013 Sala 119<br \/>\n<span class=\"Apple-style-span\">CEP: 96010-770\u00a0<\/span>Pelotas \/ RS<\/span><\/p>\n<p>&nbsp;<\/p>\n<div><strong>Coordenador:<\/strong><\/div>\n<div dir=\"ltr\">Prof. Mauro Dillmann Tavares<\/div>\n<p>E-mail:<b>\u00a0<\/b><a href=\"mailto:ppgh.ufpel@gmail.com\" target=\"_blank\" rel=\"nofollow noopener noreferrer\">ppgh.ufpel.coordenacao@gmail.com<\/a><\/p>\n<div><b>\u00a0<\/b><\/div>\n<div><b>Secretaria:<\/b><\/div>\n<div>Hanica Diniz Pereira<\/div>\n<p>E-mail:\u00a0<a href=\"mailto:ppgh.ufpel@gmail.com\" target=\"_blank\" rel=\"noopener noreferrer\">ppgh.ufpel@gmail.com<\/a><\/p>\n","protected":false},"excerpt":{"rendered":"<p>Programa de P\u00f3s-Gradua\u00e7\u00e3o em Hist\u00f3ria &#8211; Mestrado e Doutorado ICH CAMPUS ALBERTO ROSA Rua Cel. Alberto Rosa, 154 \u2013 Sala 119 CEP: 96010-770\u00a0Pelotas \/ RS &nbsp; Coordenador: Prof. Mauro Dillmann Tavares E-mail:\u00a0ppgh.ufpel.coordenacao@gmail.com \u00a0 Secretaria: Hanica Diniz Pereira E-mail:\u00a0ppgh.ufpel@gmail.com<\/p>\n","protected":false},"author":332,"featured_media":0,"parent":0,"menu_order":0,"comment_status":"closed","ping_status":"closed","template":"","meta":{"jetpack_post_was_ever_published":false,"footnotes":""},"class_list":["post-399","page","type-page","status-publish","hentry"],"jetpack_sharing_enabled":true,"jetpack_shortlink":"https:\/\/wp.me\/P5MuF3-6r","_links":{"self":[{"href":"https:\/\/wp.ufpel.edu.br\/ich\/wp-json\/wp\/v2\/pages\/399","targetHints":{"allow":["GET"]}}],"collection":[{"href":"https:\/\/wp.ufpel.edu.br\/ich\/wp-json\/wp\/v2\/pages"}],"about":[{"href":"https:\/\/wp.ufpel.edu.br\/ich\/wp-json\/wp\/v2\/types\/page"}],"author":[{"embeddable":true,"href":"https:\/\/wp.ufpel.edu.br\/ich\/wp-json\/wp\/v2\/users\/332"}],"replies":[{"embeddable":true,"href":"https:\/\/wp.ufpel.edu.br\/ich\/wp-json\/wp\/v2\/comments?post=399"}],"version-history":[{"count":8,"href":"https:\/\/wp.ufpel.edu.br\/ich\/wp-json\/wp\/v2\/pages\/399\/revisions"}],"predecessor-version":[{"id":3931,"href":"https:\/\/wp.ufpel.edu.br\/ich\/wp-json\/wp\/v2\/pages\/399\/revisions\/3931"}],"wp:attachment":[{"href":"https:\/\/wp.ufpel.edu.br\/ich\/wp-json\/wp\/v2\/media?parent=399"}],"curies":[{"name":"wp","href":"https:\/\/api.w.org\/{rel}","templated":true}]}}