{"id":394,"date":"2015-03-08T18:24:03","date_gmt":"2015-03-08T21:24:03","guid":{"rendered":"https:\/\/wp.ufpel.edu.br\/ich\/?page_id=394"},"modified":"2022-09-22T15:06:58","modified_gmt":"2022-09-22T18:06:58","slug":"mestrado-em-geografia","status":"publish","type":"page","link":"https:\/\/wp.ufpel.edu.br\/ich\/pos-graduacao\/mestrado-em-geografia\/","title":{"rendered":"PPG em Geografia"},"content":{"rendered":"<p><span style=\"font-size: 14pt;\"><strong><a title=\"Mestrado em Geografia\" href=\"https:\/\/wp.ufpel.edu.br\/ppgeo\" target=\"_blank\" rel=\"noopener noreferrer\">Programa de P\u00f3s-Gradua\u00e7\u00e3o em Geografia<\/a><\/strong><\/span><\/p>\n<p>Rua Alberto Rosa, 154 Sala 135-B<\/p>\n<p>96010-770 \u00a0Pelotas \/ RS<\/p>\n<p>Telefone: 3284 3212<\/p>\n<p><strong>Coordenadora: Liz Cristiane Dias<\/strong><\/p>\n<p>E-mail: lizcdias@gmail.com<\/p>\n<p><strong>Secret\u00e1ria:\u00a0<span class=\"gmail_default\">Veridiana Magalh\u00e3es<\/span><\/strong><\/p>\n<p>E-mail:\u00a0\u00a0<a href=\"mailto:veridiana.magalhaes@ufpel.edu.br\" target=\"_blank\" rel=\"noopener noreferrer\">ppgeoufpel@gmail.com<\/a><\/p>\n","protected":false},"excerpt":{"rendered":"<p>Programa de P\u00f3s-Gradua\u00e7\u00e3o em Geografia Rua Alberto Rosa, 154 Sala 135-B 96010-770 \u00a0Pelotas \/ RS Telefone: 3284 3212 Coordenadora: Liz Cristiane Dias E-mail: lizcdias@gmail.com Secret\u00e1ria:\u00a0Veridiana Magalh\u00e3es E-mail:\u00a0\u00a0ppgeoufpel@gmail.com<\/p>\n","protected":false},"author":332,"featured_media":0,"parent":27,"menu_order":0,"comment_status":"closed","ping_status":"closed","template":"","meta":{"jetpack_post_was_ever_published":false,"footnotes":""},"class_list":["post-394","page","type-page","status-publish","hentry"],"jetpack_sharing_enabled":true,"jetpack_shortlink":"https:\/\/wp.me\/P5MuF3-6m","_links":{"self":[{"href":"https:\/\/wp.ufpel.edu.br\/ich\/wp-json\/wp\/v2\/pages\/394","targetHints":{"allow":["GET"]}}],"collection":[{"href":"https:\/\/wp.ufpel.edu.br\/ich\/wp-json\/wp\/v2\/pages"}],"about":[{"href":"https:\/\/wp.ufpel.edu.br\/ich\/wp-json\/wp\/v2\/types\/page"}],"author":[{"embeddable":true,"href":"https:\/\/wp.ufpel.edu.br\/ich\/wp-json\/wp\/v2\/users\/332"}],"replies":[{"embeddable":true,"href":"https:\/\/wp.ufpel.edu.br\/ich\/wp-json\/wp\/v2\/comments?post=394"}],"version-history":[{"count":9,"href":"https:\/\/wp.ufpel.edu.br\/ich\/wp-json\/wp\/v2\/pages\/394\/revisions"}],"predecessor-version":[{"id":3970,"href":"https:\/\/wp.ufpel.edu.br\/ich\/wp-json\/wp\/v2\/pages\/394\/revisions\/3970"}],"up":[{"embeddable":true,"href":"https:\/\/wp.ufpel.edu.br\/ich\/wp-json\/wp\/v2\/pages\/27"}],"wp:attachment":[{"href":"https:\/\/wp.ufpel.edu.br\/ich\/wp-json\/wp\/v2\/media?parent=394"}],"curies":[{"name":"wp","href":"https:\/\/api.w.org\/{rel}","templated":true}]}}