{"id":371,"date":"2015-03-06T10:50:00","date_gmt":"2015-03-06T13:50:00","guid":{"rendered":"https:\/\/wp.ufpel.edu.br\/ich\/?page_id=371"},"modified":"2022-12-10T15:33:33","modified_gmt":"2022-12-10T18:33:33","slug":"composicao-do-cd","status":"publish","type":"page","link":"https:\/\/wp.ufpel.edu.br\/ich\/composicao-do-cd\/","title":{"rendered":"Composi\u00e7\u00e3o do CD"},"content":{"rendered":"<p><strong>Composi\u00e7\u00e3o do Conselho Departamental do Instituto de Ci\u00eancias Humanas<\/strong><\/p>\n<table style=\"width: 718px;\">\n<tbody>\n<tr style=\"height: 24px;\">\n<td style=\"width: 546px; height: 24px;\" width=\"388\"><strong>Cargo\/Representa\u00e7\u00e3o\/Nome<\/strong><\/td>\n<td style=\"width: 172px; height: 24px;\" width=\"113\"><strong>In\u00edcio<\/strong><\/td>\n<\/tr>\n<tr style=\"height: 56px;\">\n<td style=\"width: 546px; height: 56px;\" width=\"388\"><strong>1 Diretor:\u00a0 <\/strong>Sebasti\u00e3o Peres<\/td>\n<td style=\"width: 172px; height: 56px;\" width=\"113\">06\/11\/2018<\/td>\n<\/tr>\n<tr style=\"height: 56px;\">\n<td style=\"width: 546px; height: 56px;\" width=\"388\"><strong>2 Vice-Diretor:\u00a0 <\/strong>Andr\u00e9a Lacerda Bachettini<\/td>\n<td style=\"width: 172px; height: 56px;\" width=\"113\">06\/11\/2018<\/td>\n<\/tr>\n<tr style=\"height: 176px;\">\n<td style=\"width: 546px; height: 176px;\" width=\"388\"><strong>3 Professores Auxiliares de Ensino:<\/strong><\/p>\n<p class=\"Texto_Justificado_Recuo_Primeira_Linha\"><strong>Representante\u00a0dos Professores Classe A<\/strong><\/p>\n<p class=\"Texto_Justificado_Recuo_Primeira_Linha\">Titular:\u00a0 \u00a0\u00a0\u00a0<em>Prof\u00aa\u00a0<\/em><em>Rita Juliana Soares Poloni<\/em><\/p>\n<p class=\"Texto_Justificado_Recuo_Primeira_Linha\">Suplente:\u00a0\u00a0<em>Prof.\u00a0<\/em><em>Bruno\u00a0Nunes Batista<\/em><\/p>\n<\/td>\n<td style=\"width: 172px; height: 176px;\" width=\"113\">\n<p>&nbsp;<\/p>\n<p>23\/05\/2022<\/p>\n<p>23\/05\/2022<\/td>\n<\/tr>\n<tr style=\"height: 96px;\">\n<td style=\"width: 546px; height: 96px;\" width=\"388\"><strong>4 Professores Assistentes: <\/strong>Sem Representa\u00e7\u00e3o<\/td>\n<td style=\"width: 172px; height: 96px;\" width=\"113\">\n<p>&nbsp;<\/p>\n<p>&nbsp;<\/td>\n<\/tr>\n<tr style=\"height: 176px;\">\n<td style=\"width: 546px; height: 176px;\" width=\"388\"><strong>5 Professores Adjuntos:<\/strong><\/p>\n<p class=\"Texto_Justificado_Recuo_Primeira_Linha\"><strong>Representante\u00a0dos Professores Classe C \u2013 Adjunto<\/strong><\/p>\n<p class=\"Texto_Justificado_Recuo_Primeira_Linha\">Titular:\u00a0 \u00a0 \u00a0<em>Prof\u00aa\u00a0<\/em><em>Annelise Costa Montone<\/em><\/p>\n<p class=\"Texto_Justificado_Recuo_Primeira_Linha\">Suplente:\u00a0\u00a0<em>Prof\u00aa<\/em><em>\u00a0Karen Velleda Caldas<\/em><\/p>\n<\/td>\n<td style=\"width: 172px; height: 176px;\" width=\"113\">\n<p>&nbsp;<\/p>\n<p>23\/05\/2022<\/p>\n<p>23\/05\/2022<\/td>\n<\/tr>\n<tr style=\"height: 136px;\">\n<td style=\"width: 546px; height: 136px;\" width=\"388\"><strong>6 Professores Associados:<\/strong><\/p>\n<p class=\"Texto_Justificado_Recuo_Primeira_Linha\">Titular:\u00a0\u00a0 \u00a0\u00a0<em>Prof.\u00a0<\/em><em>Adriano Lu\u00eds Heck Simon<\/em><\/p>\n<p class=\"Texto_Justificado_Recuo_Primeira_Linha\">Suplente:\u00a0\u00a0<em>Prof\u00aa\u00a0<\/em><em>Rosangela Lurdes Spironello<\/em><\/p>\n<\/td>\n<td style=\"width: 172px; height: 136px;\" width=\"113\">\n<p>&nbsp;<\/p>\n<p>23\/05\/2022<\/p>\n<p>23\/05\/2022<\/td>\n<\/tr>\n<tr style=\"height: 176px;\">\n<td style=\"width: 546px; height: 176px;\" width=\"388\"><strong>7 Professores Titulares<\/strong><\/p>\n<p class=\"Texto_Justificado_Recuo_Primeira_Linha\"><strong>Representante\u00a0dos Professores Classe E \u2013 Titular<\/strong><\/p>\n<p class=\"Texto_Justificado_Recuo_Primeira_Linha\">Titular:\u00a0\u00a0 \u00a0\u00a0<em>Prof.\u00a0<\/em><em>Sidney Gon\u00e7alves Vieira<\/em><\/p>\n<p class=\"Texto_Justificado_Recuo_Primeira_Linha\">Suplente:\u00a0\u00a0<em>Prof.\u00a0<\/em><em>F\u00e1bio Vergara Cerqueira<\/em><\/p>\n<\/td>\n<td style=\"width: 172px; height: 176px;\" width=\"113\">\n<p>&nbsp;<\/p>\n<p>23\/05\/2022<\/p>\n<p>23\/05\/2022<\/td>\n<\/tr>\n<tr style=\"height: 136px;\">\n<td style=\"width: 546px; height: 136px;\" width=\"388\"><strong>8 Professores Ensino B\u00e1sico, T\u00e9cnico Tecnol\u00f3gico<\/strong><\/p>\n<p class=\"Texto_Justificado_Recuo_Primeira_Linha\">Titular:\u00a0 \u00a0\u00a0\u00a0<em>Prof\u00aa\u00a0<\/em><em>Lisiane Sias Manke<\/em><\/p>\n<p class=\"Texto_Justificado_Recuo_Primeira_Linha\">Suplente:\u00a0\u00a0<em>Prof\u00aa\u00a0<\/em><em>Alessandra Gasparotto<\/em><\/p>\n<\/td>\n<td style=\"width: 172px; height: 136px;\" width=\"113\">\n<p>&nbsp;<\/p>\n<p>23\/05\/2022<\/p>\n<p>23\/05\/2022<\/td>\n<\/tr>\n<tr style=\"height: 136px;\">\n<td style=\"width: 546px; height: 136px;\" width=\"388\"><strong>9 Departamento de Hist\u00f3ria: <\/strong><\/p>\n<p class=\"Texto_Justificado_Recuo_Primeira_Linha\">Titular:\u00a0\u00a0 \u00a0<em>Prof.\u00a0Wilian Junior Bonete<\/em><\/p>\n<p class=\"Texto_Justificado_Recuo_Primeira_Linha\">Suplente:\u00a0<em>Prof\u00aa\u00a0<\/em><em>Lisiane Sias Manke<\/em><\/p>\n<\/td>\n<td style=\"width: 172px; height: 136px;\" width=\"113\">\n<p>&nbsp;<\/p>\n<p>23\/05\/2022<\/p>\n<p>23\/05\/2022<\/td>\n<\/tr>\n<tr style=\"height: 216px;\">\n<td style=\"width: 546px; height: 216px;\" width=\"388\"><strong>10 Departamento de Geografia:<\/strong><\/p>\n<p class=\"Texto_Justificado_Recuo_Primeira_Linha\"><strong>Departamento de\u00a0<\/strong><strong>Geografia<\/strong><\/p>\n<p class=\"Texto_Justificado_Recuo_Primeira_Linha\">Titular:\u00a0\u00a0 \u00a0<em>Prof.\u00a0Adriano Lu\u00eds Heck Simon<\/em><\/p>\n<p class=\"Texto_Justificado_Recuo_Primeira_Linha\">Suplente:\u00a0<em>Prof.\u00a0C\u00e9sar Augusto Ferrari Martinez<\/em><\/p>\n<p>&nbsp;<\/td>\n<td style=\"width: 172px; height: 216px;\" width=\"113\">\n<p>&nbsp;<\/p>\n<p>23\/05\/2022<\/p>\n<p>23\/05\/2022<\/td>\n<\/tr>\n<tr style=\"height: 176px;\">\n<td style=\"width: 546px; height: 176px;\" width=\"388\"><strong>11 Departamento de Economia: <\/strong><\/p>\n<p class=\"Texto_Justificado_Recuo_Primeira_Linha\"><strong>Departamento de\u00a0<\/strong><strong>Economia<\/strong><\/p>\n<p class=\"Texto_Justificado_Recuo_Primeira_Linha\">Titular:\u00a0\u00a0 \u00a0<em>Prof.\u00a0Andr\u00e9 Carraro<\/em><\/p>\n<p class=\"Texto_Justificado_Recuo_Primeira_Linha\">Suplente:\u00a0<em>Prof.\u00a0F\u00e1bio Massa\u00fad Caetano<\/em><\/p>\n<\/td>\n<td style=\"width: 172px; height: 176px;\" width=\"113\">\n<p>&nbsp;<\/p>\n<p>23\/05\/2022<\/p>\n<p>23\/05\/2022<\/td>\n<\/tr>\n<tr style=\"height: 136px;\">\n<td style=\"width: 546px; height: 136px;\" width=\"388\"><strong>12 Dpto de Museologia, Conserva\u00e7\u00e3o e Restauro: <\/strong><\/p>\n<p class=\"Texto_Justificado_Recuo_Primeira_Linha\">Titular:\u00a0\u00a0 \u00a0<em>Prof\u00aa Sarah Maggitti Silva<\/em><\/p>\n<p class=\"Texto_Justificado_Recuo_Primeira_Linha\">Suplente:\u00a0<em>Prof\u00aa Annelise Costa Montone<\/em><\/p>\n<\/td>\n<td style=\"width: 172px; height: 136px;\" width=\"113\">\n<p>&nbsp;<\/p>\n<p>23\/05\/2022<\/p>\n<p>23\/05\/2022<\/td>\n<\/tr>\n<tr style=\"height: 136px;\">\n<td style=\"width: 546px; height: 136px;\" width=\"388\"><strong>13 Dpto de Antropologia e Arqueologia:<\/strong><\/p>\n<p class=\"Texto_Justificado_Recuo_Primeira_Linha\">Titular:\u00a0\u00a0 \u00a0<em>Prof.\u00a0Cl\u00e1udio Baptista Carle<\/em><\/p>\n<p class=\"Texto_Justificado_Recuo_Primeira_Linha\">Suplente:\u00a0<em>Prof\u00aa\u00a0<\/em><em>Renata Menasche<\/em><\/p>\n<\/td>\n<td style=\"width: 172px; height: 136px;\" width=\"113\">\n<p>&nbsp;<\/p>\n<p>23\/05\/2022<\/p>\n<p>23\/05\/2022<\/td>\n<\/tr>\n<tr style=\"height: 136px;\">\n<td style=\"width: 546px; height: 136px;\" width=\"388\"><strong>14 Colegiados dos Cursos de Gradua\u00e7\u00e3o: <\/strong><\/p>\n<p class=\"Texto_Justificado_Recuo_Primeira_Linha\">Titular:\u00a0 \u00a0\u00a0\u00a0<em>Prof.\u00a0<\/em><em>Aristeu Elisandro Machado Lopes<\/em><\/p>\n<p class=\"Texto_Justificado_Recuo_Primeira_Linha\">Suplente:\u00a0\u00a0<em>Prof.\u00a0<\/em><em>Daniel Maur\u00edcio Viana de Souza<\/em><\/p>\n<\/td>\n<td style=\"width: 172px; height: 136px;\" width=\"113\">\n<p>&nbsp;<\/p>\n<p>23\/05\/2022<\/p>\n<p>23\/05\/2022<\/td>\n<\/tr>\n<tr style=\"height: 136px;\">\n<td style=\"width: 546px; height: 163px;\" width=\"388\"><strong>15 Colegiados dos Cursos de P\u00f3s-Gradua\u00e7\u00e3o: <\/strong><\/p>\n<p class=\"Texto_Justificado_Recuo_Primeira_Linha\">Titular:\u00a0 \u00a0\u00a0\u00a0<em>Prof.\u00a0<\/em><em>Rogerio Reus Gon\u00e7alves da Rosa<\/em><\/p>\n<p class=\"Texto_Justificado_Recuo_Primeira_Linha\">Suplente:\u00a0\u00a0<em>Prof\u00aa\u00a0<\/em><em>Daniele Baltz da Fonseca<\/em><\/p>\n<\/td>\n<td style=\"width: 172px; height: 163px;\" width=\"113\">\n<p>&nbsp;<\/p>\n<p>23\/05\/2022<\/p>\n<p>23\/05\/2022<\/td>\n<\/tr>\n<tr style=\"height: 521px;\">\n<td style=\"width: 546px; height: 346px;\" width=\"388\">\n<p><strong>16<\/strong><strong>N\u00facleo Administrativo : <\/strong><\/p>\n<p>Titular:<em>\u00a0 Assist. Adm. <\/em><em>Mariuza Toledo Pinheiro\u00a0<\/em><\/p>\n<p><strong>Servidores T\u00e9cnicos Administrativos: <\/strong><\/p>\n<p class=\"Texto_Justificado_Recuo_Primeira_Linha\">Titular:\u00a0 \u00a0\u00a0<em>Assist. Adm.\u00a0<\/em><em>\u00c2ngela Machado Tavares<\/em><\/p>\n<p class=\"Texto_Justificado_Recuo_Primeira_Linha\">Suplente:\u00a0<em>Tec. Lab.\u00a0<\/em><em>Luciana da Silva Peixoto<\/em><\/p>\n<p class=\"Texto_Justificado_Recuo_Primeira_Linha\">Titular:\u00a0 \u00a0\u00a0<em>Assist. Adm.\u00a0<\/em><em>Fernanda de Medeiros Cunha<\/em><\/p>\n<p class=\"Texto_Justificado_Recuo_Primeira_Linha\">Suplente:\u00a0<em>Aux. Adm.\u00a0<\/em><em>Aline dos Santos Pereira<\/em><\/p>\n<p class=\"Texto_Justificado_Recuo_Primeira_Linha\">Titular:\u00a0 \u00a0\u00a0<em>Aux. Adm.\u00a0<\/em><em>Thaise Thurow Schaun<\/em><\/p>\n<p class=\"Texto_Justificado_Recuo_Primeira_Linha\">Suplente:\u00a0<em>Arq\u00ba.\u00a0<\/em><em>Alu\u00edsio Gomes Alves<\/em><\/p>\n<\/td>\n<td style=\"width: 172px; height: 346px;\" width=\"113\">\n<p>23\/05\/2022<\/p>\n<p>&nbsp;<\/p>\n<p>&nbsp;<\/p>\n<p>23\/05\/2022<\/p>\n<p>23\/05\/2022<\/p>\n<p>23\/05\/2022<\/p>\n<p>23\/05\/2022<\/p>\n<p>23\/05\/2022<\/p>\n<p>23\/05\/2022<\/td>\n<\/tr>\n<tr style=\"height: 136px;\">\n<td style=\"width: 546px; height: 136px;\" width=\"388\">\n<p><strong>Representantes Discentes<\/strong><\/p>\n<p><strong>19. <\/strong>Titular:\u00a0\u00a0 \u00a0<em>Acad.\u00a0<\/em><em>Let\u00edcia Quintana Lopes<\/em><\/p>\n<p class=\"Texto_Justificado_Recuo_Primeira_Linha\">Suplente:\u00a0<em>Acad.\u00a0<\/em><em>Maria Hiasmim Barbosa Ara\u00fajo<\/em><\/p>\n<\/td>\n<td style=\"width: 172px; height: 136px;\" width=\"113\">\n<p>&nbsp;<\/p>\n<p>23\/05\/2022<\/p>\n<p>23\/05\/2022<\/p>\n<p>&nbsp;<\/td>\n<\/tr>\n<\/tbody>\n<\/table>\n<p>&nbsp;<\/p>\n","protected":false},"excerpt":{"rendered":"<p>Composi\u00e7\u00e3o do Conselho Departamental do Instituto de Ci\u00eancias Humanas Cargo\/Representa\u00e7\u00e3o\/Nome In\u00edcio 1 Diretor:\u00a0 Sebasti\u00e3o Peres 06\/11\/2018 2 Vice-Diretor:\u00a0 Andr\u00e9a Lacerda Bachettini 06\/11\/2018 3 Professores Auxiliares de Ensino: Representante\u00a0dos Professores Classe A Titular:\u00a0 \u00a0\u00a0\u00a0Prof\u00aa\u00a0Rita Juliana Soares Poloni Suplente:\u00a0\u00a0Prof.\u00a0Bruno\u00a0Nunes Batista &nbsp; 23\/05\/2022 23\/05\/2022 4 Professores Assistentes: Sem Representa\u00e7\u00e3o &nbsp; &nbsp; 5 Professores Adjuntos: Representante\u00a0dos Professores Classe C [&hellip;]<\/p>\n","protected":false},"author":332,"featured_media":0,"parent":0,"menu_order":0,"comment_status":"closed","ping_status":"closed","template":"","meta":{"jetpack_post_was_ever_published":false,"footnotes":""},"class_list":["post-371","page","type-page","status-publish","hentry"],"jetpack_sharing_enabled":true,"jetpack_shortlink":"https:\/\/wp.me\/P5MuF3-5Z","_links":{"self":[{"href":"https:\/\/wp.ufpel.edu.br\/ich\/wp-json\/wp\/v2\/pages\/371","targetHints":{"allow":["GET"]}}],"collection":[{"href":"https:\/\/wp.ufpel.edu.br\/ich\/wp-json\/wp\/v2\/pages"}],"about":[{"href":"https:\/\/wp.ufpel.edu.br\/ich\/wp-json\/wp\/v2\/types\/page"}],"author":[{"embeddable":true,"href":"https:\/\/wp.ufpel.edu.br\/ich\/wp-json\/wp\/v2\/users\/332"}],"replies":[{"embeddable":true,"href":"https:\/\/wp.ufpel.edu.br\/ich\/wp-json\/wp\/v2\/comments?post=371"}],"version-history":[{"count":11,"href":"https:\/\/wp.ufpel.edu.br\/ich\/wp-json\/wp\/v2\/pages\/371\/revisions"}],"predecessor-version":[{"id":4026,"href":"https:\/\/wp.ufpel.edu.br\/ich\/wp-json\/wp\/v2\/pages\/371\/revisions\/4026"}],"wp:attachment":[{"href":"https:\/\/wp.ufpel.edu.br\/ich\/wp-json\/wp\/v2\/media?parent=371"}],"curies":[{"name":"wp","href":"https:\/\/api.w.org\/{rel}","templated":true}]}}