{"id":342,"date":"2015-03-05T00:20:07","date_gmt":"2015-03-05T03:20:07","guid":{"rendered":"https:\/\/wp.ufpel.edu.br\/ich\/?page_id=342"},"modified":"2018-07-13T12:06:13","modified_gmt":"2018-07-13T15:06:13","slug":"formularios","status":"publish","type":"page","link":"https:\/\/wp.ufpel.edu.br\/ich\/formularios\/","title":{"rendered":"Formul\u00e1rios Diversos"},"content":{"rendered":"<p>Encontre aqui os principais formul\u00e1rios usados pelo ICH.<\/p>\n<h3><strong>Cadastro e Plano de Atividades<\/strong><\/h3>\n<p><a href=\"https:\/\/wp.ufpel.edu.br\/ich\/files\/2016\/03\/Cadastro_Servidor_2016.docx\" target=\"_blank\" rel=\"noopener noreferrer\">Ficha de Cadastro Docente e STA<\/a><\/p>\n<p><a href=\"https:\/\/wp.ufpel.edu.br\/ich\/files\/2016\/03\/Plano_de_Trabalho_ICH.xlsx\" target=\"_blank\" rel=\"noopener noreferrer\">Plano de Atividades<\/a>_Docente e STA<\/p>\n<p>&nbsp;<\/p>\n<p><span style=\"font-size: 14pt\"><strong>Outros Formul\u00e1rios <\/strong><\/span><\/p>\n<p><a href=\"https:\/\/wp.ufpel.edu.br\/ich\/files\/2015\/03\/Formul\u00e1rio_Retirada_chaves-1.docx\">Formul\u00e1rio_Retirada_chaves<\/a><\/p>\n<p><a href=\"https:\/\/wp.ufpel.edu.br\/ich\/files\/2015\/03\/Divulga\u00e7\u00e3o-de-evento_not\u00edcia-no-site-ICH.docx\">Divulga\u00e7\u00e3o de evento ou not\u00edcia no site ICH<\/a><\/p>\n","protected":false},"excerpt":{"rendered":"<p>Encontre aqui os principais formul\u00e1rios usados pelo ICH. Cadastro e Plano de Atividades Ficha de Cadastro Docente e STA Plano de Atividades_Docente e STA &nbsp; Outros Formul\u00e1rios Formul\u00e1rio_Retirada_chaves Divulga\u00e7\u00e3o de evento ou not\u00edcia no site ICH<\/p>\n","protected":false},"author":332,"featured_media":0,"parent":0,"menu_order":0,"comment_status":"closed","ping_status":"closed","template":"","meta":{"jetpack_post_was_ever_published":false,"footnotes":""},"class_list":["post-342","page","type-page","status-publish","hentry"],"jetpack_sharing_enabled":true,"jetpack_shortlink":"https:\/\/wp.me\/P5MuF3-5w","_links":{"self":[{"href":"https:\/\/wp.ufpel.edu.br\/ich\/wp-json\/wp\/v2\/pages\/342","targetHints":{"allow":["GET"]}}],"collection":[{"href":"https:\/\/wp.ufpel.edu.br\/ich\/wp-json\/wp\/v2\/pages"}],"about":[{"href":"https:\/\/wp.ufpel.edu.br\/ich\/wp-json\/wp\/v2\/types\/page"}],"author":[{"embeddable":true,"href":"https:\/\/wp.ufpel.edu.br\/ich\/wp-json\/wp\/v2\/users\/332"}],"replies":[{"embeddable":true,"href":"https:\/\/wp.ufpel.edu.br\/ich\/wp-json\/wp\/v2\/comments?post=342"}],"version-history":[{"count":18,"href":"https:\/\/wp.ufpel.edu.br\/ich\/wp-json\/wp\/v2\/pages\/342\/revisions"}],"predecessor-version":[{"id":3174,"href":"https:\/\/wp.ufpel.edu.br\/ich\/wp-json\/wp\/v2\/pages\/342\/revisions\/3174"}],"wp:attachment":[{"href":"https:\/\/wp.ufpel.edu.br\/ich\/wp-json\/wp\/v2\/media?parent=342"}],"curies":[{"name":"wp","href":"https:\/\/api.w.org\/{rel}","templated":true}]}}