{"id":2693,"date":"2017-10-16T11:58:02","date_gmt":"2017-10-16T13:58:02","guid":{"rendered":"https:\/\/wp.ufpel.edu.br\/ich\/?page_id=2693"},"modified":"2017-10-16T11:58:02","modified_gmt":"2017-10-16T13:58:02","slug":"nemucs","status":"publish","type":"page","link":"https:\/\/wp.ufpel.edu.br\/ich\/nemucs\/","title":{"rendered":"NEMuCS"},"content":{"rendered":"<p><a href=\"https:\/\/wp.ufpel.edu.br\/nemucs\/\" target=\"_blank\" rel=\"noopener\">Acesse AQUI a p\u00e1gina do NEMuCS N\u00facleo de Estudos de Museus, Ci\u00eancia e Sociedade<\/a><\/p>\n<p>&nbsp;<\/p>\n","protected":false},"excerpt":{"rendered":"<p>Acesse AQUI a p\u00e1gina do NEMuCS N\u00facleo de Estudos de Museus, Ci\u00eancia e Sociedade &nbsp;<\/p>\n","protected":false},"author":332,"featured_media":0,"parent":0,"menu_order":0,"comment_status":"closed","ping_status":"closed","template":"","meta":{"jetpack_post_was_ever_published":false,"footnotes":""},"class_list":["post-2693","page","type-page","status-publish","hentry"],"jetpack_sharing_enabled":true,"jetpack_shortlink":"https:\/\/wp.me\/P5MuF3-Hr","_links":{"self":[{"href":"https:\/\/wp.ufpel.edu.br\/ich\/wp-json\/wp\/v2\/pages\/2693","targetHints":{"allow":["GET"]}}],"collection":[{"href":"https:\/\/wp.ufpel.edu.br\/ich\/wp-json\/wp\/v2\/pages"}],"about":[{"href":"https:\/\/wp.ufpel.edu.br\/ich\/wp-json\/wp\/v2\/types\/page"}],"author":[{"embeddable":true,"href":"https:\/\/wp.ufpel.edu.br\/ich\/wp-json\/wp\/v2\/users\/332"}],"replies":[{"embeddable":true,"href":"https:\/\/wp.ufpel.edu.br\/ich\/wp-json\/wp\/v2\/comments?post=2693"}],"version-history":[{"count":1,"href":"https:\/\/wp.ufpel.edu.br\/ich\/wp-json\/wp\/v2\/pages\/2693\/revisions"}],"predecessor-version":[{"id":2696,"href":"https:\/\/wp.ufpel.edu.br\/ich\/wp-json\/wp\/v2\/pages\/2693\/revisions\/2696"}],"wp:attachment":[{"href":"https:\/\/wp.ufpel.edu.br\/ich\/wp-json\/wp\/v2\/media?parent=2693"}],"curies":[{"name":"wp","href":"https:\/\/api.w.org\/{rel}","templated":true}]}}