{"id":237,"date":"2015-02-22T02:41:22","date_gmt":"2015-02-22T05:41:22","guid":{"rendered":"https:\/\/wp.ufpel.edu.br\/ich\/?page_id=237"},"modified":"2023-05-18T13:26:20","modified_gmt":"2023-05-18T16:26:20","slug":"http-wp-ufpel-edu-br-crbensmoveis","status":"publish","type":"page","link":"https:\/\/wp.ufpel.edu.br\/ich\/departamentos\/http-wp-ufpel-edu-br-crbensmoveis\/","title":{"rendered":"Conserva\u00e7\u00e3o e Restaura\u00e7\u00e3o de Bens Culturais M\u00f3veis"},"content":{"rendered":"<p><strong>Chefe do Departamento de Museologia, Conserva\u00e7\u00e3o e Restauro<\/strong><\/p>\n<p>Prof\u00aa. Sarah Maggitti Silva<\/p>\n<p>E-mail: <span lang=\"PT-BR\"><a href=\"mailto:sarahmaggitti@gmail.com\" target=\"_blank\" rel=\"noopener noreferrer\">sarahmaggitti@gmail.com<\/a><\/span><\/p>\n<p><span lang=\"PT-BR\">E-mail: dmcor.ufpel@gmail.com <\/span><\/p>\n<p>&nbsp;<\/p>\n<p><strong>Coordena\u00e7\u00e3o do Curso de Conserva\u00e7\u00e3o e Restauro de Bens Culturais M\u00f3veis<\/strong><\/p>\n<p>Prof\u00aa. Karen Velleda Caldas<\/p>\n<p>E-mail: caldaskaren@gmail.com<\/p>\n<p><span lang=\"PT-BR\">TAE: \u00c2ngela Machado Tavares<\/span><\/p>\n<p><span lang=\"PT-BR\">E-mail: conservacao_restauro@ufpel.edu.br\u00a0<\/span><\/p>\n<p><span lang=\"PT-BR\">Hor\u00e1rio da Secretaria: das 17<\/span><span lang=\"PT-BR\">h \u00e0s 21h<\/span><\/p>\n<p>Telefone:\u00a0<strong>3284-4308<\/strong><\/p>\n","protected":false},"excerpt":{"rendered":"<p>Chefe do Departamento de Museologia, Conserva\u00e7\u00e3o e Restauro Prof\u00aa. Sarah Maggitti Silva E-mail: sarahmaggitti@gmail.com E-mail: dmcor.ufpel@gmail.com &nbsp; Coordena\u00e7\u00e3o do Curso de Conserva\u00e7\u00e3o e Restauro de Bens Culturais M\u00f3veis Prof\u00aa. Karen Velleda Caldas E-mail: caldaskaren@gmail.com TAE: \u00c2ngela Machado Tavares E-mail: conservacao_restauro@ufpel.edu.br\u00a0 Hor\u00e1rio da Secretaria: das 17h \u00e0s 21h Telefone:\u00a03284-4308<\/p>\n","protected":false},"author":332,"featured_media":0,"parent":13,"menu_order":0,"comment_status":"closed","ping_status":"closed","template":"","meta":{"jetpack_post_was_ever_published":false,"footnotes":""},"class_list":["post-237","page","type-page","status-publish","hentry"],"jetpack_sharing_enabled":true,"jetpack_shortlink":"https:\/\/wp.me\/P5MuF3-3P","_links":{"self":[{"href":"https:\/\/wp.ufpel.edu.br\/ich\/wp-json\/wp\/v2\/pages\/237","targetHints":{"allow":["GET"]}}],"collection":[{"href":"https:\/\/wp.ufpel.edu.br\/ich\/wp-json\/wp\/v2\/pages"}],"about":[{"href":"https:\/\/wp.ufpel.edu.br\/ich\/wp-json\/wp\/v2\/types\/page"}],"author":[{"embeddable":true,"href":"https:\/\/wp.ufpel.edu.br\/ich\/wp-json\/wp\/v2\/users\/332"}],"replies":[{"embeddable":true,"href":"https:\/\/wp.ufpel.edu.br\/ich\/wp-json\/wp\/v2\/comments?post=237"}],"version-history":[{"count":15,"href":"https:\/\/wp.ufpel.edu.br\/ich\/wp-json\/wp\/v2\/pages\/237\/revisions"}],"predecessor-version":[{"id":4055,"href":"https:\/\/wp.ufpel.edu.br\/ich\/wp-json\/wp\/v2\/pages\/237\/revisions\/4055"}],"up":[{"embeddable":true,"href":"https:\/\/wp.ufpel.edu.br\/ich\/wp-json\/wp\/v2\/pages\/13"}],"wp:attachment":[{"href":"https:\/\/wp.ufpel.edu.br\/ich\/wp-json\/wp\/v2\/media?parent=237"}],"curies":[{"name":"wp","href":"https:\/\/api.w.org\/{rel}","templated":true}]}}