{"id":231,"date":"2015-02-22T02:39:54","date_gmt":"2015-02-22T05:39:54","guid":{"rendered":"https:\/\/wp.ufpel.edu.br\/ich\/?page_id=231"},"modified":"2023-05-18T13:35:38","modified_gmt":"2023-05-18T16:35:38","slug":"ciencias-economicas","status":"publish","type":"page","link":"https:\/\/wp.ufpel.edu.br\/ich\/departamentos\/ciencias-economicas\/","title":{"rendered":"Ci\u00eancias Econ\u00f4micas"},"content":{"rendered":"<p><a href=\"http:\/\/wp.ufpel.edu.br\/economia\">Curso de Bacharelado em Ci\u00eancias\u00a0Econ\u00f4micas<\/a><\/p>\n<p><strong>Campus ICH ANGLO<\/strong><\/p>\n<p>Rua Gomes Carneiro n\u00ba 1 \u2013 4\u00ba andar<\/p>\n<p>Universidade Federal de Pelotas (UFPel) \u2013 Campus Porto<\/p>\n<p>Pelotas, RS, CEP: 96010-610<\/p>\n<p>Telefone: \u00a032843865<\/p>\n<p>Hor\u00e1rio: das 8 horas \u00e0s 12 horas e das 13h30 \u00e0s 17h30<\/p>\n<p>&nbsp;<\/p>\n<p><strong>Departamento de Economia<\/strong><\/p>\n<p>Chefe do Departamento de Economia: Prof. Regis Augusto Ely<\/p>\n<p>E-mail: <span class=\"gI\"><span data-hovercard-id=\"regisaely@gmail.com\" data-hovercard-owner-id=\"86\">regisaely@gmail.com<\/span><\/span><\/p>\n<p>&nbsp;<\/p>\n<p><strong>Coordenador do Colegiado do Curso de Ci\u00eancias Econ\u00f4micas<\/strong><\/p>\n<p>Prof. Andr\u00e9 Carraro<\/p>\n<p>E-mail: andre.carraro@gmail.com<\/p>\n<p>&nbsp;<\/p>\n<p>TAE: Anne Gomes Sacco<\/p>\n<p>E-mail: annesacco@gmail.com<\/p>\n","protected":false},"excerpt":{"rendered":"<p>Curso de Bacharelado em Ci\u00eancias\u00a0Econ\u00f4micas Campus ICH ANGLO Rua Gomes Carneiro n\u00ba 1 \u2013 4\u00ba andar Universidade Federal de Pelotas (UFPel) \u2013 Campus Porto Pelotas, RS, CEP: 96010-610 Telefone: \u00a032843865 Hor\u00e1rio: das 8 horas \u00e0s 12 horas e das 13h30 \u00e0s 17h30 &nbsp; Departamento de Economia Chefe do Departamento de Economia: Prof. Regis Augusto Ely [&hellip;]<\/p>\n","protected":false},"author":332,"featured_media":0,"parent":13,"menu_order":0,"comment_status":"closed","ping_status":"closed","template":"","meta":{"jetpack_post_was_ever_published":false,"footnotes":""},"class_list":["post-231","page","type-page","status-publish","hentry"],"jetpack_sharing_enabled":true,"jetpack_shortlink":"https:\/\/wp.me\/P5MuF3-3J","_links":{"self":[{"href":"https:\/\/wp.ufpel.edu.br\/ich\/wp-json\/wp\/v2\/pages\/231","targetHints":{"allow":["GET"]}}],"collection":[{"href":"https:\/\/wp.ufpel.edu.br\/ich\/wp-json\/wp\/v2\/pages"}],"about":[{"href":"https:\/\/wp.ufpel.edu.br\/ich\/wp-json\/wp\/v2\/types\/page"}],"author":[{"embeddable":true,"href":"https:\/\/wp.ufpel.edu.br\/ich\/wp-json\/wp\/v2\/users\/332"}],"replies":[{"embeddable":true,"href":"https:\/\/wp.ufpel.edu.br\/ich\/wp-json\/wp\/v2\/comments?post=231"}],"version-history":[{"count":14,"href":"https:\/\/wp.ufpel.edu.br\/ich\/wp-json\/wp\/v2\/pages\/231\/revisions"}],"predecessor-version":[{"id":4057,"href":"https:\/\/wp.ufpel.edu.br\/ich\/wp-json\/wp\/v2\/pages\/231\/revisions\/4057"}],"up":[{"embeddable":true,"href":"https:\/\/wp.ufpel.edu.br\/ich\/wp-json\/wp\/v2\/pages\/13"}],"wp:attachment":[{"href":"https:\/\/wp.ufpel.edu.br\/ich\/wp-json\/wp\/v2\/media?parent=231"}],"curies":[{"name":"wp","href":"https:\/\/api.w.org\/{rel}","templated":true}]}}