{"id":21,"date":"2013-12-06T18:33:41","date_gmt":"2013-12-06T20:33:41","guid":{"rendered":"https:\/\/wp.ufpel.edu.br\/ich\/?page_id=21"},"modified":"2020-06-08T22:24:44","modified_gmt":"2020-06-09T01:24:44","slug":"pesquisaextensao","status":"publish","type":"page","link":"https:\/\/wp.ufpel.edu.br\/ich\/pesquisaextensao\/","title":{"rendered":"Pesquisa\/Extens\u00e3o"},"content":{"rendered":"<p>O Instituto de Ci\u00eancias Humanas conta com os seguintes Laborat\u00f3rios e N\u00facleos:<\/p>\n<p><a href=\"http:\/\/www2.ufpel.edu.br\/ich\/lacea\/\" target=\"_blank\" rel=\"noopener noreferrer\">Laborat\u00f3rio de Cartografia e Estudos Ambientais<\/a> &#8211; LACEA<br \/>\n<a href=\"https:\/\/www.facebook.com\/LABLAMINA\" target=\"_blank\" rel=\"noopener noreferrer\">Laborat\u00f3rio Multidisciplinar de Investiga\u00e7\u00f5es Arqueol\u00f3gicas<\/a> &#8211; LAMINA<br \/>\n<a href=\"https:\/\/wp.ufpel.edu.br\/leaa\/\" target=\"_blank\" rel=\"noopener noreferrer\">Laborat\u00f3rio de Estudos Agr\u00e1rios e Ambientais<\/a> &#8211; LEAA<br \/>\n<a href=\"https:\/\/www.facebook.com\/leppais.lab?ref=ts&amp;fref=ts\" target=\"_blank\" rel=\"noopener noreferrer\">Laborat\u00f3rio de Ensino, Pesquisa e Produ\u00e7\u00e3o em Antropologia da Imagem e do Som<\/a> &#8211; LEPPAIS<br \/>\n<a href=\"https:\/\/www.facebook.com\/LaboratorioDeEstudosUrbanosERegionaisleurUfPel\" target=\"_blank\" rel=\"noopener noreferrer\">Laborat\u00f3rio de Estudos Urbanos e Regionais<\/a> &#8211; Leur<\/p>\n<p><a href=\"https:\/\/wp.ufpel.edu.br\/geografia\/laboratorios-didaticos\/ldgf\/\" target=\"_blank\" rel=\"noopener noreferrer\">Laborat\u00f3rio Did\u00e1tico de Geografia F\u00edsica<\/a>\u00a0&#8211; LDGF<br \/>\n<a href=\"http:\/\/www2.ufpel.edu.br\/ich\/lepaarq\/\" target=\"_blank\" rel=\"noopener noreferrer\">Laborat\u00f3rio de Ensino e Pesquisa em Antropologia e Arqueologia<\/a> &#8211; LEPAARQ<\/p>\n<p><a href=\"http:\/\/www2.ufpel.edu.br\/ich\/ndh\/index.html\" target=\"_blank\" rel=\"noopener noreferrer\">N\u00facleo de Documenta\u00e7\u00e3o Hist\u00f3ria<\/a> &#8211; NDH<br \/>\n<a href=\"http:\/\/neta.ufpel.edu.br\/\" target=\"_blank\" rel=\"noopener noreferrer\">N\u00facleo de Etnologia Amer\u00edndia<\/a> &#8211; NETA<\/p>\n<p><a href=\"http:\/\/petdiversidade.webnode.com.br\/\" target=\"_blank\" rel=\"noopener noreferrer\">PET Diversidade e Toler\u00e2ncia<\/a>\u00a0&#8211; PET-DT<\/p>\n<p><a href=\"http:\/\/conservacaoerestauro.wix.com\/pet-cr\">PET Conserva\u00e7\u00e3o e Restauro<\/a> PET C&amp;R<\/p>\n<p><a href=\"https:\/\/wp.ufpel.edu.br\/nemucs\/\" target=\"_blank\" rel=\"noopener noreferrer\">NEMuCS N\u00facleo de Estudos Sobre Museus, Ci\u00eancia e Sociedade<\/a><\/p>\n<p>Laborat\u00f3rio de Conserva\u00e7\u00e3o e Restaura\u00e7\u00e3o de Pintura &#8211; LACORPI<\/p>\n","protected":false},"excerpt":{"rendered":"<p>O Instituto de Ci\u00eancias Humanas conta com os seguintes Laborat\u00f3rios e N\u00facleos: Laborat\u00f3rio de Cartografia e Estudos Ambientais &#8211; LACEA Laborat\u00f3rio Multidisciplinar de Investiga\u00e7\u00f5es Arqueol\u00f3gicas &#8211; LAMINA Laborat\u00f3rio de Estudos Agr\u00e1rios e Ambientais &#8211; LEAA Laborat\u00f3rio de Ensino, Pesquisa e Produ\u00e7\u00e3o em Antropologia da Imagem e do Som &#8211; LEPPAIS Laborat\u00f3rio de Estudos Urbanos e [&hellip;]<\/p>\n","protected":false},"author":332,"featured_media":0,"parent":0,"menu_order":0,"comment_status":"closed","ping_status":"closed","template":"","meta":{"jetpack_post_was_ever_published":false,"footnotes":""},"class_list":["post-21","page","type-page","status-publish","hentry"],"jetpack_sharing_enabled":true,"jetpack_shortlink":"https:\/\/wp.me\/P5MuF3-l","_links":{"self":[{"href":"https:\/\/wp.ufpel.edu.br\/ich\/wp-json\/wp\/v2\/pages\/21","targetHints":{"allow":["GET"]}}],"collection":[{"href":"https:\/\/wp.ufpel.edu.br\/ich\/wp-json\/wp\/v2\/pages"}],"about":[{"href":"https:\/\/wp.ufpel.edu.br\/ich\/wp-json\/wp\/v2\/types\/page"}],"author":[{"embeddable":true,"href":"https:\/\/wp.ufpel.edu.br\/ich\/wp-json\/wp\/v2\/users\/332"}],"replies":[{"embeddable":true,"href":"https:\/\/wp.ufpel.edu.br\/ich\/wp-json\/wp\/v2\/comments?post=21"}],"version-history":[{"count":9,"href":"https:\/\/wp.ufpel.edu.br\/ich\/wp-json\/wp\/v2\/pages\/21\/revisions"}],"predecessor-version":[{"id":3593,"href":"https:\/\/wp.ufpel.edu.br\/ich\/wp-json\/wp\/v2\/pages\/21\/revisions\/3593"}],"wp:attachment":[{"href":"https:\/\/wp.ufpel.edu.br\/ich\/wp-json\/wp\/v2\/media?parent=21"}],"curies":[{"name":"wp","href":"https:\/\/api.w.org\/{rel}","templated":true}]}}