{"id":172,"date":"2015-02-19T01:56:40","date_gmt":"2015-02-19T03:56:40","guid":{"rendered":"https:\/\/wp.ufpel.edu.br\/ich\/?page_id=172"},"modified":"2015-06-19T10:42:31","modified_gmt":"2015-06-19T13:42:31","slug":"portarias-do-ich-2","status":"publish","type":"page","link":"https:\/\/wp.ufpel.edu.br\/ich\/portarias-do-ich-2\/","title":{"rendered":"Documentos do ICH"},"content":{"rendered":"<p>Nesta aba do blog voc\u00ea encontrar\u00e1 diversos documentos para protocolar processos de interesse institucional, tais como, Portarias da Dire\u00e7\u00e3o do Instituto de Ci\u00eancias Humanas, Atas de reuni\u00f5es do Conselho Departamental do ICH, formul\u00e1rios para alterar e cancelar f\u00e9rias, pedido de transporte, afastamento, entre outros.<\/p>\n","protected":false},"excerpt":{"rendered":"<p>Nesta aba do blog voc\u00ea encontrar\u00e1 diversos documentos para protocolar processos de interesse institucional, tais como, Portarias da Dire\u00e7\u00e3o do Instituto de Ci\u00eancias Humanas, Atas de reuni\u00f5es do Conselho Departamental do ICH, formul\u00e1rios para alterar e cancelar f\u00e9rias, pedido de transporte, afastamento, entre outros.<\/p>\n","protected":false},"author":332,"featured_media":0,"parent":0,"menu_order":0,"comment_status":"closed","ping_status":"closed","template":"","meta":{"jetpack_post_was_ever_published":false,"footnotes":""},"class_list":["post-172","page","type-page","status-publish","hentry"],"jetpack_sharing_enabled":true,"jetpack_shortlink":"https:\/\/wp.me\/P5MuF3-2M","_links":{"self":[{"href":"https:\/\/wp.ufpel.edu.br\/ich\/wp-json\/wp\/v2\/pages\/172","targetHints":{"allow":["GET"]}}],"collection":[{"href":"https:\/\/wp.ufpel.edu.br\/ich\/wp-json\/wp\/v2\/pages"}],"about":[{"href":"https:\/\/wp.ufpel.edu.br\/ich\/wp-json\/wp\/v2\/types\/page"}],"author":[{"embeddable":true,"href":"https:\/\/wp.ufpel.edu.br\/ich\/wp-json\/wp\/v2\/users\/332"}],"replies":[{"embeddable":true,"href":"https:\/\/wp.ufpel.edu.br\/ich\/wp-json\/wp\/v2\/comments?post=172"}],"version-history":[{"count":5,"href":"https:\/\/wp.ufpel.edu.br\/ich\/wp-json\/wp\/v2\/pages\/172\/revisions"}],"predecessor-version":[{"id":1056,"href":"https:\/\/wp.ufpel.edu.br\/ich\/wp-json\/wp\/v2\/pages\/172\/revisions\/1056"}],"wp:attachment":[{"href":"https:\/\/wp.ufpel.edu.br\/ich\/wp-json\/wp\/v2\/media?parent=172"}],"curies":[{"name":"wp","href":"https:\/\/api.w.org\/{rel}","templated":true}]}}