{"id":13,"date":"2013-12-06T18:28:33","date_gmt":"2013-12-06T20:28:33","guid":{"rendered":"https:\/\/wp.ufpel.edu.br\/ich\/?page_id=13"},"modified":"2013-12-10T16:29:58","modified_gmt":"2013-12-10T18:29:58","slug":"departamentos","status":"publish","type":"page","link":"https:\/\/wp.ufpel.edu.br\/ich\/departamentos\/","title":{"rendered":"Gradua\u00e7\u00e3o"},"content":{"rendered":"<p>Atualmente o Instituto de Ci\u00eancias Humanas conta com os seguintes cursos de gradua\u00e7\u00e3o:<\/p>\n<p>&#8211; <a href=\"http:\/\/www.antropologiaufpel.com.br\/\" target=\"_blank\">Antropologia<\/a> (Habilita\u00e7\u00e3o em Antropologia Social e Cultural e Arqueologia)<br \/>\n&#8211; <a href=\"http:\/\/conservacaoerestauro.wordpress.com\/\" target=\"_blank\">Conserva\u00e7\u00e3o e Restauro<\/a><br \/>\n&#8211; <a href=\"http:\/\/ich.ufpel.edu.br\/economia\/\" target=\"_blank\">Economia<\/a><br \/>\n&#8211; <a href=\"https:\/\/wp.ufpel.edu.br\/geografia\/\" target=\"_blank\">Geografia<\/a> (Licenciatura e Bacharelado)<br \/>\n&#8211; <a href=\"https:\/\/wp.ufpel.edu.br\/historia\/\" target=\"_blank\">Hist\u00f3ria<\/a> (Licenciatura e Bacharelado)<br \/>\n&#8211; <a href=\"http:\/\/museologiaufpel.wordpress.com\/\" target=\"_blank\">Museologia<\/a><\/p>\n","protected":false},"excerpt":{"rendered":"<p>Atualmente o Instituto de Ci\u00eancias Humanas conta com os seguintes cursos de gradua\u00e7\u00e3o: &#8211; Antropologia (Habilita\u00e7\u00e3o em Antropologia Social e Cultural e Arqueologia) &#8211; Conserva\u00e7\u00e3o e Restauro &#8211; Economia &#8211; Geografia (Licenciatura e Bacharelado) &#8211; Hist\u00f3ria (Licenciatura e Bacharelado) &#8211; Museologia<\/p>\n","protected":false},"author":332,"featured_media":0,"parent":0,"menu_order":0,"comment_status":"closed","ping_status":"closed","template":"","meta":{"jetpack_post_was_ever_published":false,"footnotes":""},"class_list":["post-13","page","type-page","status-publish","hentry"],"jetpack_sharing_enabled":true,"jetpack_shortlink":"https:\/\/wp.me\/P5MuF3-d","_links":{"self":[{"href":"https:\/\/wp.ufpel.edu.br\/ich\/wp-json\/wp\/v2\/pages\/13","targetHints":{"allow":["GET"]}}],"collection":[{"href":"https:\/\/wp.ufpel.edu.br\/ich\/wp-json\/wp\/v2\/pages"}],"about":[{"href":"https:\/\/wp.ufpel.edu.br\/ich\/wp-json\/wp\/v2\/types\/page"}],"author":[{"embeddable":true,"href":"https:\/\/wp.ufpel.edu.br\/ich\/wp-json\/wp\/v2\/users\/332"}],"replies":[{"embeddable":true,"href":"https:\/\/wp.ufpel.edu.br\/ich\/wp-json\/wp\/v2\/comments?post=13"}],"version-history":[{"count":5,"href":"https:\/\/wp.ufpel.edu.br\/ich\/wp-json\/wp\/v2\/pages\/13\/revisions"}],"predecessor-version":[{"id":65,"href":"https:\/\/wp.ufpel.edu.br\/ich\/wp-json\/wp\/v2\/pages\/13\/revisions\/65"}],"wp:attachment":[{"href":"https:\/\/wp.ufpel.edu.br\/ich\/wp-json\/wp\/v2\/media?parent=13"}],"curies":[{"name":"wp","href":"https:\/\/api.w.org\/{rel}","templated":true}]}}