{"id":1119,"date":"2015-07-03T14:10:20","date_gmt":"2015-07-03T17:10:20","guid":{"rendered":"https:\/\/wp.ufpel.edu.br\/ich\/?page_id=1119"},"modified":"2018-09-27T17:12:00","modified_gmt":"2018-09-27T20:12:00","slug":"plano-plurianual-de-qualificacao-dos-servidores-do-ich","status":"publish","type":"page","link":"https:\/\/wp.ufpel.edu.br\/ich\/portarias-do-ich-2\/plano-plurianual-de-qualificacao-dos-servidores-do-ich\/","title":{"rendered":"Plano de Capacita\u00e7\u00e3o"},"content":{"rendered":"<p>O Plano de Qualifica\u00e7\u00e3o Plurianual dos Servidores do ICH (PPC\/ICH) disp\u00f5e sobre o planejamento\u00a0 referente \u00e0 previs\u00e3o de afastamento para qualifica\u00e7\u00e3o de longo prazo dos docentes e t\u00e9cnicos administrativos da unidade.<\/p>\n<p>O Quadro foi elaborado de acordo com as discuss\u00f5es realizadas nos respectivos f\u00f3runs e aprovado pelo Conselho Departamental (CD) em reuni\u00e3o de 19 de mar\u00e7o de 2015. As altera\u00e7\u00f5es posteriores foram aprovadas pelo CD e constam nas atas respectivas, conforme as observa\u00e7\u00f5es anotadas no quadro.<\/p>\n<p><a href=\"https:\/\/wp.ufpel.edu.br\/ich\/files\/2018\/09\/PPC_ICH_Quadro_Anexo_2015_1_a_000.pdf\" target=\"_blank\" rel=\"noopener\">PPC_ICH_Quadro_Anexo<\/a><\/p>\n<p>&nbsp;<\/p>\n","protected":false},"excerpt":{"rendered":"<p>O Plano de Qualifica\u00e7\u00e3o Plurianual dos Servidores do ICH (PPC\/ICH) disp\u00f5e sobre o planejamento\u00a0 referente \u00e0 previs\u00e3o de afastamento para qualifica\u00e7\u00e3o de longo prazo dos docentes e t\u00e9cnicos administrativos da unidade. O Quadro foi elaborado de acordo com as discuss\u00f5es realizadas nos respectivos f\u00f3runs e aprovado pelo Conselho Departamental (CD) em reuni\u00e3o de 19 de [&hellip;]<\/p>\n","protected":false},"author":332,"featured_media":0,"parent":172,"menu_order":0,"comment_status":"closed","ping_status":"closed","template":"","meta":{"jetpack_post_was_ever_published":false,"footnotes":""},"class_list":["post-1119","page","type-page","status-publish","hentry"],"jetpack_sharing_enabled":true,"jetpack_shortlink":"https:\/\/wp.me\/P5MuF3-i3","_links":{"self":[{"href":"https:\/\/wp.ufpel.edu.br\/ich\/wp-json\/wp\/v2\/pages\/1119","targetHints":{"allow":["GET"]}}],"collection":[{"href":"https:\/\/wp.ufpel.edu.br\/ich\/wp-json\/wp\/v2\/pages"}],"about":[{"href":"https:\/\/wp.ufpel.edu.br\/ich\/wp-json\/wp\/v2\/types\/page"}],"author":[{"embeddable":true,"href":"https:\/\/wp.ufpel.edu.br\/ich\/wp-json\/wp\/v2\/users\/332"}],"replies":[{"embeddable":true,"href":"https:\/\/wp.ufpel.edu.br\/ich\/wp-json\/wp\/v2\/comments?post=1119"}],"version-history":[{"count":18,"href":"https:\/\/wp.ufpel.edu.br\/ich\/wp-json\/wp\/v2\/pages\/1119\/revisions"}],"predecessor-version":[{"id":3284,"href":"https:\/\/wp.ufpel.edu.br\/ich\/wp-json\/wp\/v2\/pages\/1119\/revisions\/3284"}],"up":[{"embeddable":true,"href":"https:\/\/wp.ufpel.edu.br\/ich\/wp-json\/wp\/v2\/pages\/172"}],"wp:attachment":[{"href":"https:\/\/wp.ufpel.edu.br\/ich\/wp-json\/wp\/v2\/media?parent=1119"}],"curies":[{"name":"wp","href":"https:\/\/api.w.org\/{rel}","templated":true}]}}